{"id":461,"date":"2025-08-10T02:16:27","date_gmt":"2025-08-09T23:16:27","guid":{"rendered":"https:\/\/itxport.com\/?page_id=461"},"modified":"2026-01-04T16:24:47","modified_gmt":"2026-01-04T13:24:47","slug":"cerez-politikamiz","status":"publish","type":"page","link":"https:\/\/itxport.com\/hr\/cerez-politikamiz\/","title":{"rendered":"Na\u0161a politika kola\u010di\u0107a"},"content":{"rendered":"<div data-elementor-type=\"wp-page\" data-elementor-id=\"461\" class=\"elementor elementor-461\">\n\t\t\t\t<div class=\"elementor-element elementor-element-881bc0e e-flex e-con-boxed elementor-invisible e-con e-parent\" data-id=\"881bc0e\" data-element_type=\"container\" data-settings=\"{&quot;jet_parallax_layout_list&quot;:[],&quot;animation&quot;:&quot;fadeInUp&quot;}\">\n\t\t\t\t\t<div class=\"e-con-inner\">\n\t\t\t\t<div class=\"elementor-element elementor-element-a285214 elementor-widget elementor-widget-heading\" data-id=\"a285214\" data-element_type=\"widget\" data-widget_type=\"heading.default\">\n\t\t\t\t\t<h2 class=\"elementor-heading-title elementor-size-default\">Pravila o kola\u010di\u0107ima\n<\/h2>\t\t\t\t<\/div>\n\t\t\t\t<div class=\"elementor-element elementor-element-90f3f77 elementor-widget elementor-widget-text-editor\" data-id=\"90f3f77\" data-element_type=\"widget\" data-widget_type=\"text-editor.default\">\n\t\t\t\t\t\t\t\t\t<p data-start=\"301\" data-end=\"471\">Ova Pravila o kola\u010di\u0107ima osmi\u0161ljena su kako bi pru\u017eila informacije o kori\u0161tenju kola\u010di\u0107a koji se postavljaju na ure\u0111aje korisnika koji posje\u0107uju na\u0161u web stranicu.<\/p><p data-start=\"473\" data-end=\"631\">Kori\u0161tenjem na\u0161e web stranice pristajete na upotrebu kola\u010di\u0107a kako je opisano u ovim pravilima. Postavke kola\u010di\u0107a mo\u017eete promijeniti u bilo kojem trenutku.<\/p><hr data-start=\"633\" data-end=\"636\" \/><h4 data-start=\"638\" data-end=\"660\"><strong data-start=\"641\" data-end=\"660\">1. \u0160to su kola\u010di\u0107i?<\/strong><\/h4><p data-start=\"661\" data-end=\"870\">Kola\u010di\u0107i su male tekstualne datoteke koje se spremaju na va\u0161 ure\u0111aj putem va\u0161eg preglednika kada posjetite web-mjesto. Kola\u010di\u0107i omogu\u0107uju prepoznavanje va\u0161eg ure\u0111aja tijekom va\u0161eg posjeta web-mjestu ili pri sljede\u0107im posjetima.<\/p><hr data-start=\"872\" data-end=\"875\" \/><h4 data-start=\"877\" data-end=\"911\"><strong data-start=\"880\" data-end=\"911\">2. Vrste kori\u0161tenih kola\u010di\u0107a<\/strong><\/h4><p data-start=\"912\" data-end=\"965\">Na na\u0161oj web stranici mogu se koristiti sljede\u0107e vrste kola\u010di\u0107a:<\/p><ul data-start=\"967\" data-end=\"1611\"><li data-start=\"967\" data-end=\"1107\"><p data-start=\"969\" data-end=\"1107\"><strong data-start=\"969\" data-end=\"990\">Obavezni kola\u010di\u0107i:<\/strong> Ovi kola\u010di\u0107i su neophodni za funkcioniranje stranice. Omogu\u0107uju osnovne funkcije kao \u0161to su prijava, sigurnost i ispunjavanje obrazaca.<\/p><\/li><li data-start=\"1108\" data-end=\"1239\"><p data-start=\"1110\" data-end=\"1239\"><strong data-start=\"1110\" data-end=\"1135\">Kola\u010di\u0107i za performanse:<\/strong> Koristi se za analizu prometa na web-mjestu i statistike kori\u0161tenja. Ne identificira korisnike.<\/p><\/li><li data-start=\"1240\" data-end=\"1343\"><p data-start=\"1242\" data-end=\"1343\"><strong data-start=\"1242\" data-end=\"1264\">Funkcionalni kola\u010di\u0107i:<\/strong> Pobolj\u0161ava korisni\u010dko iskustvo pam\u0107enjem va\u0161ih preferencija (jezik, regija itd.).<\/p><\/li><li data-start=\"1344\" data-end=\"1488\"><p data-start=\"1346\" data-end=\"1488\"><strong data-start=\"1346\" data-end=\"1380\">Kola\u010di\u0107i za ogla\u0161avanje i ciljanje:<\/strong> Koristi se za prikazivanje personaliziranih oglasa na temelju va\u0161ih interesa (uz va\u0161 izri\u010dit pristanak).<\/p><\/li><li data-start=\"1489\" data-end=\"1611\"><p data-start=\"1491\" data-end=\"1611\"><strong data-start=\"1491\" data-end=\"1518\">Kola\u010di\u0107i tre\u0107ih strana:<\/strong> Analiti\u010dke alate mogu koristiti ogla\u0161iva\u010dke mre\u017ee ili platforme dru\u0161tvenih medija.<\/p><\/li><\/ul><hr data-start=\"1613\" data-end=\"1616\" \/><h4 data-start=\"1618\" data-end=\"1656\"><strong data-start=\"1621\" data-end=\"1656\">3. Svrhe kori\u0161tenja kola\u010di\u0107a<\/strong><\/h4><p data-start=\"1657\" data-end=\"1701\">Kola\u010di\u0107i se mogu koristiti u sljede\u0107e svrhe:<\/p><ul data-start=\"1702\" data-end=\"1912\"><li data-start=\"1702\" data-end=\"1757\"><p data-start=\"1704\" data-end=\"1757\">Kako bi se osiguralo sigurno i u\u010dinkovito funkcioniranje web stranice.<\/p><\/li><li data-start=\"1758\" data-end=\"1793\"><p data-start=\"1760\" data-end=\"1793\">Pam\u0107enje korisni\u010dkih preferencija<\/p><\/li><li data-start=\"1794\" data-end=\"1828\"><p data-start=\"1796\" data-end=\"1828\">Generiranje statistike prometa<\/p><\/li><li data-start=\"1829\" data-end=\"1876\"><p data-start=\"1831\" data-end=\"1876\">Kako bismo im pru\u017eili sadr\u017eaj i oglase prilago\u0111ene njihovim interesima.<\/p><\/li><li data-start=\"1877\" data-end=\"1912\"><p data-start=\"1879\" data-end=\"1912\">Pobolj\u0161anje korisni\u010dkog iskustva<\/p><\/li><\/ul><hr data-start=\"1914\" data-end=\"1917\" \/><h4 data-start=\"1919\" data-end=\"1961\"><strong data-start=\"1922\" data-end=\"1961\">4. Upravljanje i brisanje kola\u010di\u0107a<\/strong><\/h4><p data-start=\"1962\" data-end=\"2142\">Kola\u010di\u0107e mo\u017eete blokirati, izbrisati ili primati upozorenja o njima putem postavki preglednika.<br data-start=\"2047\" data-end=\"2050\" \/>Ovisno o pregledniku koji koristite, informacije mo\u017eete prona\u0107i putem sljede\u0107ih poveznica:<\/p><ul data-start=\"2144\" data-end=\"2451\"><li data-start=\"2144\" data-end=\"2211\"><p data-start=\"2146\" data-end=\"2211\"><a class=\"cursor-pointer\" target=\"_new\" rel=\"noopener\" data-start=\"2146\" data-end=\"2209\">Google Chrome<\/a><\/p><\/li><li data-start=\"2212\" data-end=\"2277\"><p data-start=\"2214\" data-end=\"2277\"><a class=\"cursor-pointer\" target=\"_new\" rel=\"noopener\" data-start=\"2214\" data-end=\"2275\">Mozilla Firefox<\/a><\/p><\/li><li data-start=\"2278\" data-end=\"2378\"><p data-start=\"2280\" data-end=\"2378\"><a class=\"cursor-pointer\" target=\"_new\" rel=\"noopener\" data-start=\"2280\" data-end=\"2376\">Microsoft Edge<\/a><\/p><\/li><li data-start=\"2379\" data-end=\"2451\"><p data-start=\"2381\" data-end=\"2451\"><a class=\"cursor-pointer\" target=\"_new\" rel=\"noopener\" data-start=\"2381\" data-end=\"2449\">Safari<\/a><\/p><\/li><\/ul><p data-start=\"2453\" data-end=\"2544\">Ako onemogu\u0107ite kola\u010di\u0107e, neki dijelovi na\u0161e web stranice mo\u017eda ne\u0107e ispravno funkcionirati.<\/p><hr data-start=\"2546\" data-end=\"2549\" \/><h4 data-start=\"2551\" data-end=\"2583\"><strong data-start=\"2554\" data-end=\"2583\">5. Kola\u010di\u0107i tre\u0107ih strana<\/strong><\/h4><p data-start=\"2584\" data-end=\"2799\">Na\u0161a web stranica mo\u017ee koristiti kola\u010di\u0107e tre\u0107ih strana pru\u017eatelja usluga kao \u0161to su Google Analytics i Facebook Pixel. Vi\u0161e informacija o tim kola\u010di\u0107ima mo\u017eete prona\u0107i u pravilima doti\u010dnog pru\u017eatelja usluga.<\/p><hr data-start=\"2801\" data-end=\"2804\" \/><h4 data-start=\"2806\" data-end=\"2850\"><strong data-start=\"2809\" data-end=\"2850\">6. Va\u0161a prava prema KVKK-u i GDPR-u<\/strong><\/h4><p data-start=\"2851\" data-end=\"2941\">\u0160to se ti\u010de va\u0161ih osobnih podataka obra\u0111enih putem kola\u010di\u0107a u okviru KVKK-a i GDPR-a:<\/p><ul data-start=\"2942\" data-end=\"3080\"><li data-start=\"2942\" data-end=\"2963\"><p data-start=\"2944\" data-end=\"2963\">Zahtjev za pristup<\/p><\/li><li data-start=\"2964\" data-end=\"2987\"><p data-start=\"2966\" data-end=\"2987\">Zahtjev za ispravak<\/p><\/li><li data-start=\"2988\" data-end=\"3008\"><p data-start=\"2990\" data-end=\"3008\">Zahtjev za brisanje<\/p><\/li><li data-start=\"3009\" data-end=\"3031\"><p data-start=\"3011\" data-end=\"3031\">Ograni\u010davanje obrade<\/p><\/li><li data-start=\"3032\" data-end=\"3080\"><p data-start=\"3034\" data-end=\"3080\">Prigovor na postupak<br data-start=\"3054\" data-end=\"3057\" \/>Imate prava.<\/p><\/li><\/ul><p data-start=\"3082\" data-end=\"3172\">Za ostvarivanje svojih prava mo\u017eete nas kontaktirati putem komunikacijskih kanala na na\u0161oj web stranici.<\/p><hr data-start=\"3174\" data-end=\"3177\" \/><h4 data-start=\"3179\" data-end=\"3212\"><strong data-start=\"3182\" data-end=\"3212\">7. Promjene pravila<\/strong><\/h4><p data-start=\"3213\" data-end=\"3321\">Ova Pravila o kola\u010di\u0107ima mogu se povremeno a\u017eurirati. Trenutna verzija stupit \u0107e na snagu objavom na na\u0161oj web stranici.<\/p>\t\t\t\t\t\t\t\t<\/div>\n\t\t\t\t\t<\/div>\n\t\t\t\t<\/div>\n\t\t\t\t<\/div>","protected":false},"excerpt":{"rendered":"<p>\u00c7erez Politikas\u0131 Bu \u00c7erez Politikas\u0131, web sitemizi ziyaret eden kullan\u0131c\u0131lar\u0131n cihazlar\u0131na yerle\u015ftirilen \u00e7erezlerin (\u201ccookie\u201d) kullan\u0131m\u0131 ile ilgili bilgi vermek amac\u0131yla haz\u0131rlanm\u0131\u015ft\u0131r. Web sitemizi kullanarak, bu politikada belirtilen \u00e7erezlerin kullan\u0131lmas\u0131n\u0131 kabul etmi\u015f olursunuz. \u00c7erez tercihlerinizi diledi\u011finiz zaman de\u011fi\u015ftirebilirsiniz. 1. \u00c7erez Nedir? \u00c7erezler, bir web sitesini ziyaret etti\u011finizde taray\u0131c\u0131n\u0131z arac\u0131l\u0131\u011f\u0131yla cihaz\u0131n\u0131za kaydedilen k\u00fc\u00e7\u00fck metin dosyalar\u0131d\u0131r. \u00c7erezler sayesinde, [&hellip;]<\/p>","protected":false},"author":1,"featured_media":651,"parent":0,"menu_order":0,"comment_status":"closed","ping_status":"closed","template":"elementor_header_footer","meta":{"_acf_changed":false,"footnotes":""},"class_list":["post-461","page","type-page","status-publish","has-post-thumbnail","hentry"],"acf":[],"yoast_head":"<!-- This site is optimized with the Yoast SEO plugin v25.6 - https:\/\/yoast.com\/wordpress\/plugins\/seo\/ -->\n<title>\u00c7erez Politikam\u0131z - IT Export<\/title>\n<meta name=\"robots\" content=\"index, follow, max-snippet:-1, max-image-preview:large, max-video-preview:-1\" \/>\n<link rel=\"canonical\" href=\"https:\/\/itxport.com\/hr\/cerez-politikamiz\/\" \/>\n<meta property=\"og:locale\" content=\"hr_HR\" \/>\n<meta property=\"og:type\" content=\"article\" \/>\n<meta property=\"og:title\" content=\"\u00c7erez Politikam\u0131z - IT Export\" \/>\n<meta property=\"og:description\" content=\"\u00c7erez Politikas\u0131 Bu \u00c7erez Politikas\u0131, web sitemizi ziyaret eden kullan\u0131c\u0131lar\u0131n cihazlar\u0131na yerle\u015ftirilen \u00e7erezlerin (\u201ccookie\u201d) kullan\u0131m\u0131 ile ilgili bilgi vermek amac\u0131yla haz\u0131rlanm\u0131\u015ft\u0131r. Web sitemizi kullanarak, bu politikada belirtilen \u00e7erezlerin kullan\u0131lmas\u0131n\u0131 kabul etmi\u015f olursunuz. \u00c7erez tercihlerinizi diledi\u011finiz zaman de\u011fi\u015ftirebilirsiniz. 1. \u00c7erez Nedir? \u00c7erezler, bir web sitesini ziyaret etti\u011finizde taray\u0131c\u0131n\u0131z arac\u0131l\u0131\u011f\u0131yla cihaz\u0131n\u0131za kaydedilen k\u00fc\u00e7\u00fck metin dosyalar\u0131d\u0131r. \u00c7erezler sayesinde, [&hellip;]\" \/>\n<meta property=\"og:url\" content=\"https:\/\/itxport.com\/hr\/cerez-politikamiz\/\" \/>\n<meta property=\"og:site_name\" content=\"IT Export\" \/>\n<meta property=\"article:modified_time\" content=\"2026-01-04T13:24:47+00:00\" \/>\n<meta property=\"og:image\" content=\"https:\/\/itxport.com\/wp-content\/uploads\/2026\/01\/itxport-favicon.png\" \/>\n\t<meta property=\"og:image:width\" content=\"1024\" \/>\n\t<meta property=\"og:image:height\" content=\"1024\" \/>\n\t<meta property=\"og:image:type\" content=\"image\/png\" \/>\n<meta name=\"twitter:card\" content=\"summary_large_image\" \/>\n<meta name=\"twitter:label1\" content=\"Procijenjeno vrijeme \u010ditanja\" \/>\n\t<meta name=\"twitter:data1\" content=\"2 minute\" \/>\n<script type=\"application\/ld+json\" class=\"yoast-schema-graph\">{\"@context\":\"https:\/\/schema.org\",\"@graph\":[{\"@type\":\"WebPage\",\"@id\":\"https:\/\/itxport.com\/cerez-politikamiz\/\",\"url\":\"https:\/\/itxport.com\/cerez-politikamiz\/\",\"name\":\"\u00c7erez Politikam\u0131z - IT Export\",\"isPartOf\":{\"@id\":\"https:\/\/itxport.com\/#website\"},\"primaryImageOfPage\":{\"@id\":\"https:\/\/itxport.com\/cerez-politikamiz\/#primaryimage\"},\"image\":{\"@id\":\"https:\/\/itxport.com\/cerez-politikamiz\/#primaryimage\"},\"thumbnailUrl\":\"https:\/\/itxport.com\/wp-content\/uploads\/2026\/01\/itxport-favicon.png\",\"datePublished\":\"2025-08-09T23:16:27+00:00\",\"dateModified\":\"2026-01-04T13:24:47+00:00\",\"breadcrumb\":{\"@id\":\"https:\/\/itxport.com\/cerez-politikamiz\/#breadcrumb\"},\"inLanguage\":\"hr\",\"potentialAction\":[{\"@type\":\"ReadAction\",\"target\":[\"https:\/\/itxport.com\/cerez-politikamiz\/\"]}]},{\"@type\":\"ImageObject\",\"inLanguage\":\"hr\",\"@id\":\"https:\/\/itxport.com\/cerez-politikamiz\/#primaryimage\",\"url\":\"https:\/\/itxport.com\/wp-content\/uploads\/2026\/01\/itxport-favicon.png\",\"contentUrl\":\"https:\/\/itxport.com\/wp-content\/uploads\/2026\/01\/itxport-favicon.png\",\"width\":1024,\"height\":1024},{\"@type\":\"BreadcrumbList\",\"@id\":\"https:\/\/itxport.com\/cerez-politikamiz\/#breadcrumb\",\"itemListElement\":[{\"@type\":\"ListItem\",\"position\":1,\"name\":\"Anasayfa\",\"item\":\"https:\/\/itxport.com\/\"},{\"@type\":\"ListItem\",\"position\":2,\"name\":\"\u00c7erez Politikam\u0131z\"}]},{\"@type\":\"WebSite\",\"@id\":\"https:\/\/itxport.com\/#website\",\"url\":\"https:\/\/itxport.com\/\",\"name\":\"IT Export\",\"description\":\"IT Export\",\"potentialAction\":[{\"@type\":\"SearchAction\",\"target\":{\"@type\":\"EntryPoint\",\"urlTemplate\":\"https:\/\/itxport.com\/?s={search_term_string}\"},\"query-input\":{\"@type\":\"PropertyValueSpecification\",\"valueRequired\":true,\"valueName\":\"search_term_string\"}}],\"inLanguage\":\"hr\"}]}<\/script>\n<!-- \/ Yoast SEO plugin. -->","yoast_head_json":{"title":"\u00c7erez Politikam\u0131z - IT Export","robots":{"index":"index","follow":"follow","max-snippet":"max-snippet:-1","max-image-preview":"max-image-preview:large","max-video-preview":"max-video-preview:-1"},"canonical":"https:\/\/itxport.com\/hr\/cerez-politikamiz\/","og_locale":"hr_HR","og_type":"article","og_title":"\u00c7erez Politikam\u0131z - IT Export","og_description":"\u00c7erez Politikas\u0131 Bu \u00c7erez Politikas\u0131, web sitemizi ziyaret eden kullan\u0131c\u0131lar\u0131n cihazlar\u0131na yerle\u015ftirilen \u00e7erezlerin (\u201ccookie\u201d) kullan\u0131m\u0131 ile ilgili bilgi vermek amac\u0131yla haz\u0131rlanm\u0131\u015ft\u0131r. Web sitemizi kullanarak, bu politikada belirtilen \u00e7erezlerin kullan\u0131lmas\u0131n\u0131 kabul etmi\u015f olursunuz. \u00c7erez tercihlerinizi diledi\u011finiz zaman de\u011fi\u015ftirebilirsiniz. 1. \u00c7erez Nedir? \u00c7erezler, bir web sitesini ziyaret etti\u011finizde taray\u0131c\u0131n\u0131z arac\u0131l\u0131\u011f\u0131yla cihaz\u0131n\u0131za kaydedilen k\u00fc\u00e7\u00fck metin dosyalar\u0131d\u0131r. \u00c7erezler sayesinde, [&hellip;]","og_url":"https:\/\/itxport.com\/hr\/cerez-politikamiz\/","og_site_name":"IT Export","article_modified_time":"2026-01-04T13:24:47+00:00","og_image":[{"width":1024,"height":1024,"url":"https:\/\/itxport.com\/wp-content\/uploads\/2026\/01\/itxport-favicon.png","type":"image\/png"}],"twitter_card":"summary_large_image","twitter_misc":{"Procijenjeno vrijeme \u010ditanja":"2 minute"},"schema":{"@context":"https:\/\/schema.org","@graph":[{"@type":"WebPage","@id":"https:\/\/itxport.com\/cerez-politikamiz\/","url":"https:\/\/itxport.com\/cerez-politikamiz\/","name":"\u00c7erez Politikam\u0131z - IT Export","isPartOf":{"@id":"https:\/\/itxport.com\/#website"},"primaryImageOfPage":{"@id":"https:\/\/itxport.com\/cerez-politikamiz\/#primaryimage"},"image":{"@id":"https:\/\/itxport.com\/cerez-politikamiz\/#primaryimage"},"thumbnailUrl":"https:\/\/itxport.com\/wp-content\/uploads\/2026\/01\/itxport-favicon.png","datePublished":"2025-08-09T23:16:27+00:00","dateModified":"2026-01-04T13:24:47+00:00","breadcrumb":{"@id":"https:\/\/itxport.com\/cerez-politikamiz\/#breadcrumb"},"inLanguage":"hr","potentialAction":[{"@type":"ReadAction","target":["https:\/\/itxport.com\/cerez-politikamiz\/"]}]},{"@type":"ImageObject","inLanguage":"hr","@id":"https:\/\/itxport.com\/cerez-politikamiz\/#primaryimage","url":"https:\/\/itxport.com\/wp-content\/uploads\/2026\/01\/itxport-favicon.png","contentUrl":"https:\/\/itxport.com\/wp-content\/uploads\/2026\/01\/itxport-favicon.png","width":1024,"height":1024},{"@type":"BreadcrumbList","@id":"https:\/\/itxport.com\/cerez-politikamiz\/#breadcrumb","itemListElement":[{"@type":"ListItem","position":1,"name":"Anasayfa","item":"https:\/\/itxport.com\/"},{"@type":"ListItem","position":2,"name":"\u00c7erez Politikam\u0131z"}]},{"@type":"WebSite","@id":"https:\/\/itxport.com\/#website","url":"https:\/\/itxport.com\/","name":"IT Export","description":"IT Export","potentialAction":[{"@type":"SearchAction","target":{"@type":"EntryPoint","urlTemplate":"https:\/\/itxport.com\/?s={search_term_string}"},"query-input":{"@type":"PropertyValueSpecification","valueRequired":true,"valueName":"search_term_string"}}],"inLanguage":"hr"}]}},"_links":{"self":[{"href":"https:\/\/itxport.com\/hr\/wp-json\/wp\/v2\/pages\/461","targetHints":{"allow":["GET"]}}],"collection":[{"href":"https:\/\/itxport.com\/hr\/wp-json\/wp\/v2\/pages"}],"about":[{"href":"https:\/\/itxport.com\/hr\/wp-json\/wp\/v2\/types\/page"}],"author":[{"embeddable":true,"href":"https:\/\/itxport.com\/hr\/wp-json\/wp\/v2\/users\/1"}],"replies":[{"embeddable":true,"href":"https:\/\/itxport.com\/hr\/wp-json\/wp\/v2\/comments?post=461"}],"version-history":[{"count":14,"href":"https:\/\/itxport.com\/hr\/wp-json\/wp\/v2\/pages\/461\/revisions"}],"predecessor-version":[{"id":655,"href":"https:\/\/itxport.com\/hr\/wp-json\/wp\/v2\/pages\/461\/revisions\/655"}],"wp:featuredmedia":[{"embeddable":true,"href":"https:\/\/itxport.com\/hr\/wp-json\/wp\/v2\/media\/651"}],"wp:attachment":[{"href":"https:\/\/itxport.com\/hr\/wp-json\/wp\/v2\/media?parent=461"}],"curies":[{"name":"wp","href":"https:\/\/api.w.org\/{rel}","templated":true}]}}