{"id":461,"date":"2025-08-10T02:16:27","date_gmt":"2025-08-09T23:16:27","guid":{"rendered":"https:\/\/itxport.com\/?page_id=461"},"modified":"2026-01-04T16:24:47","modified_gmt":"2026-01-04T13:24:47","slug":"cerez-politikamiz","status":"publish","type":"page","link":"https:\/\/itxport.com\/fr\/cerez-politikamiz\/","title":{"rendered":"Notre politique en mati\u00e8re de cookies"},"content":{"rendered":"<div data-elementor-type=\"wp-page\" data-elementor-id=\"461\" class=\"elementor elementor-461\">\n\t\t\t\t<div class=\"elementor-element elementor-element-881bc0e e-flex e-con-boxed elementor-invisible e-con e-parent\" data-id=\"881bc0e\" data-element_type=\"container\" data-settings=\"{&quot;jet_parallax_layout_list&quot;:[],&quot;animation&quot;:&quot;fadeInUp&quot;}\">\n\t\t\t\t\t<div class=\"e-con-inner\">\n\t\t\t\t<div class=\"elementor-element elementor-element-a285214 elementor-widget elementor-widget-heading\" data-id=\"a285214\" data-element_type=\"widget\" data-widget_type=\"heading.default\">\n\t\t\t\t\t<h2 class=\"elementor-heading-title elementor-size-default\">Politique relative aux cookies\n<\/h2>\t\t\t\t<\/div>\n\t\t\t\t<div class=\"elementor-element elementor-element-90f3f77 elementor-widget elementor-widget-text-editor\" data-id=\"90f3f77\" data-element_type=\"widget\" data-widget_type=\"text-editor.default\">\n\t\t\t\t\t\t\t\t\t<p data-start=\"301\" data-end=\"471\">La pr\u00e9sente politique relative aux cookies a pour but de fournir des informations sur l\u2019utilisation des cookies plac\u00e9s sur les appareils des utilisateurs visitant notre site web.<\/p><p data-start=\"473\" data-end=\"631\">En utilisant notre site web, vous acceptez l&#039;utilisation de cookies conform\u00e9ment \u00e0 la pr\u00e9sente politique. Vous pouvez modifier vos pr\u00e9f\u00e9rences en mati\u00e8re de cookies \u00e0 tout moment.<\/p><hr data-start=\"633\" data-end=\"636\" \/><h4 data-start=\"638\" data-end=\"660\"><strong data-start=\"641\" data-end=\"660\">1. Que sont les cookies ?<\/strong><\/h4><p data-start=\"661\" data-end=\"870\">Les cookies sont de petits fichiers texte enregistr\u00e9s sur votre appareil par votre navigateur lorsque vous consultez un site web. Ils permettent \u00e0 votre appareil d&#039;\u00eatre reconnu lors de votre visite sur le site ou lors de vos visites ult\u00e9rieures.<\/p><hr data-start=\"872\" data-end=\"875\" \/><h4 data-start=\"877\" data-end=\"911\"><strong data-start=\"880\" data-end=\"911\">2. Types de cookies utilis\u00e9s<\/strong><\/h4><p data-start=\"912\" data-end=\"965\">Les types de cookies suivants peuvent \u00eatre utilis\u00e9s sur notre site web\u00a0:<\/p><ul data-start=\"967\" data-end=\"1611\"><li data-start=\"967\" data-end=\"1107\"><p data-start=\"969\" data-end=\"1107\"><strong data-start=\"969\" data-end=\"990\">Cookies obligatoires\u00a0:<\/strong> Ces cookies sont indispensables au fonctionnement du site. Ils permettent des fonctions essentielles telles que la connexion, la s\u00e9curit\u00e9 et le remplissage des formulaires.<\/p><\/li><li data-start=\"1108\" data-end=\"1239\"><p data-start=\"1110\" data-end=\"1239\"><strong data-start=\"1110\" data-end=\"1135\">Cookies de performance\u00a0:<\/strong> Il sert \u00e0 analyser le trafic et les statistiques d&#039;utilisation du site. Il ne permet pas d&#039;identifier les utilisateurs.<\/p><\/li><li data-start=\"1240\" data-end=\"1343\"><p data-start=\"1242\" data-end=\"1343\"><strong data-start=\"1242\" data-end=\"1264\">Cookies fonctionnels\u00a0:<\/strong> Elle am\u00e9liore l&#039;exp\u00e9rience utilisateur en m\u00e9morisant vos pr\u00e9f\u00e9rences (langue, r\u00e9gion, etc.).<\/p><\/li><li data-start=\"1344\" data-end=\"1488\"><p data-start=\"1346\" data-end=\"1488\"><strong data-start=\"1346\" data-end=\"1380\">Cookies publicitaires et de ciblage\u00a0:<\/strong> Il est utilis\u00e9 pour vous afficher des publicit\u00e9s personnalis\u00e9es en fonction de vos centres d&#039;int\u00e9r\u00eat (avec votre consentement explicite).<\/p><\/li><li data-start=\"1489\" data-end=\"1611\"><p data-start=\"1491\" data-end=\"1611\"><strong data-start=\"1491\" data-end=\"1518\">Cookies tiers\u00a0:<\/strong> Les outils analytiques peuvent \u00eatre d\u00e9ploy\u00e9s par les r\u00e9gies publicitaires ou les plateformes de m\u00e9dias sociaux.<\/p><\/li><\/ul><hr data-start=\"1613\" data-end=\"1616\" \/><h4 data-start=\"1618\" data-end=\"1656\"><strong data-start=\"1621\" data-end=\"1656\">3. Finalit\u00e9s de l&#039;utilisation des cookies<\/strong><\/h4><p data-start=\"1657\" data-end=\"1701\">Les cookies peuvent \u00eatre utilis\u00e9s aux fins suivantes\u00a0:<\/p><ul data-start=\"1702\" data-end=\"1912\"><li data-start=\"1702\" data-end=\"1757\"><p data-start=\"1704\" data-end=\"1757\">Afin de garantir le fonctionnement s\u00e9curis\u00e9 et efficace du site web.<\/p><\/li><li data-start=\"1758\" data-end=\"1793\"><p data-start=\"1760\" data-end=\"1793\">M\u00e9morisation des pr\u00e9f\u00e9rences de l&#039;utilisateur<\/p><\/li><li data-start=\"1794\" data-end=\"1828\"><p data-start=\"1796\" data-end=\"1828\">G\u00e9n\u00e9rer des statistiques de trafic<\/p><\/li><li data-start=\"1829\" data-end=\"1876\"><p data-start=\"1831\" data-end=\"1876\">Pour leur proposer des contenus et des publicit\u00e9s adapt\u00e9s \u00e0 leurs centres d&#039;int\u00e9r\u00eat.<\/p><\/li><li data-start=\"1877\" data-end=\"1912\"><p data-start=\"1879\" data-end=\"1912\">Am\u00e9liorer l&#039;exp\u00e9rience utilisateur<\/p><\/li><\/ul><hr data-start=\"1914\" data-end=\"1917\" \/><h4 data-start=\"1919\" data-end=\"1961\"><strong data-start=\"1922\" data-end=\"1961\">4. Gestion et suppression des cookies<\/strong><\/h4><p data-start=\"1962\" data-end=\"2142\">Vous pouvez bloquer, supprimer ou recevoir des avertissements concernant les cookies via les param\u00e8tres de votre navigateur.<br data-start=\"2047\" data-end=\"2050\" \/>Selon le navigateur que vous utilisez, vous trouverez des informations via les liens suivants\u00a0:<\/p><ul data-start=\"2144\" data-end=\"2451\"><li data-start=\"2144\" data-end=\"2211\"><p data-start=\"2146\" data-end=\"2211\"><a class=\"cursor-pointer\" target=\"_new\" rel=\"noopener\" data-start=\"2146\" data-end=\"2209\">Google Chrome<\/a><\/p><\/li><li data-start=\"2212\" data-end=\"2277\"><p data-start=\"2214\" data-end=\"2277\"><a class=\"cursor-pointer\" target=\"_new\" rel=\"noopener\" data-start=\"2214\" data-end=\"2275\">Mozilla Firefox<\/a><\/p><\/li><li data-start=\"2278\" data-end=\"2378\"><p data-start=\"2280\" data-end=\"2378\"><a class=\"cursor-pointer\" target=\"_new\" rel=\"noopener\" data-start=\"2280\" data-end=\"2376\">Microsoft Edge<\/a><\/p><\/li><li data-start=\"2379\" data-end=\"2451\"><p data-start=\"2381\" data-end=\"2451\"><a class=\"cursor-pointer\" target=\"_new\" rel=\"noopener\" data-start=\"2381\" data-end=\"2449\">Safari<\/a><\/p><\/li><\/ul><p data-start=\"2453\" data-end=\"2544\">Si vous d\u00e9sactivez les cookies, certaines parties de notre site Web pourraient ne pas fonctionner correctement.<\/p><hr data-start=\"2546\" data-end=\"2549\" \/><h4 data-start=\"2551\" data-end=\"2583\"><strong data-start=\"2554\" data-end=\"2583\">5. Cookies tiers<\/strong><\/h4><p data-start=\"2584\" data-end=\"2799\">Notre site web peut utiliser des cookies de fournisseurs de services tiers tels que Google Analytics et Facebook Pixel. Vous trouverez plus d&#039;informations sur ces cookies dans les politiques de confidentialit\u00e9 respectives de ces fournisseurs.<\/p><hr data-start=\"2801\" data-end=\"2804\" \/><h4 data-start=\"2806\" data-end=\"2850\"><strong data-start=\"2809\" data-end=\"2850\">6. Vos droits en vertu de la loi KVKK et du RGPD<\/strong><\/h4><p data-start=\"2851\" data-end=\"2941\">Concernant vos donn\u00e9es personnelles trait\u00e9es par le biais de cookies dans le cadre de la loi KVKK et du RGPD\u00a0:<\/p><ul data-start=\"2942\" data-end=\"3080\"><li data-start=\"2942\" data-end=\"2963\"><p data-start=\"2944\" data-end=\"2963\">Demande d&#039;acc\u00e8s<\/p><\/li><li data-start=\"2964\" data-end=\"2987\"><p data-start=\"2966\" data-end=\"2987\">Demander une correction<\/p><\/li><li data-start=\"2988\" data-end=\"3008\"><p data-start=\"2990\" data-end=\"3008\">Demande de suppression<\/p><\/li><li data-start=\"3009\" data-end=\"3031\"><p data-start=\"3011\" data-end=\"3031\">Restriction du traitement<\/p><\/li><li data-start=\"3032\" data-end=\"3080\"><p data-start=\"3034\" data-end=\"3080\">S&#039;opposer au processus<br data-start=\"3054\" data-end=\"3057\" \/>Vous avez des droits.<\/p><\/li><\/ul><p data-start=\"3082\" data-end=\"3172\">Vous pouvez nous contacter via les canaux de communication disponibles sur notre site web pour exercer vos droits.<\/p><hr data-start=\"3174\" data-end=\"3177\" \/><h4 data-start=\"3179\" data-end=\"3212\"><strong data-start=\"3182\" data-end=\"3212\">7. Changements de politique<\/strong><\/h4><p data-start=\"3213\" data-end=\"3321\">La pr\u00e9sente politique relative aux cookies peut \u00eatre mise \u00e0 jour p\u00e9riodiquement. La version en vigueur entrera en vigueur d\u00e8s sa publication sur notre site web.<\/p>\t\t\t\t\t\t\t\t<\/div>\n\t\t\t\t\t<\/div>\n\t\t\t\t<\/div>\n\t\t\t\t<\/div>","protected":false},"excerpt":{"rendered":"<p>Politique relative aux cookies Cette politique relative aux cookies a pour but de vous informer sur l\u2019utilisation des cookies d\u00e9pos\u00e9s sur les appareils des utilisateurs visitant notre site web. En utilisant notre site web, vous acceptez l\u2019utilisation des cookies telle que d\u00e9crite dans la pr\u00e9sente politique. Vous pouvez modifier vos pr\u00e9f\u00e9rences en mati\u00e8re de cookies \u00e0 tout moment. 1. Que sont les cookies\u00a0? Les cookies sont de petits fichiers texte enregistr\u00e9s sur votre appareil par votre navigateur lorsque vous visitez un site web. Gr\u00e2ce aux cookies, [\u2026]<\/p>","protected":false},"author":1,"featured_media":651,"parent":0,"menu_order":0,"comment_status":"closed","ping_status":"closed","template":"elementor_header_footer","meta":{"_acf_changed":false,"footnotes":""},"class_list":["post-461","page","type-page","status-publish","has-post-thumbnail","hentry"],"acf":[],"yoast_head":"<!-- This site is optimized with the Yoast SEO plugin v25.6 - https:\/\/yoast.com\/wordpress\/plugins\/seo\/ -->\n<title>\u00c7erez Politikam\u0131z - IT Export<\/title>\n<meta name=\"robots\" content=\"index, follow, max-snippet:-1, max-image-preview:large, max-video-preview:-1\" \/>\n<link rel=\"canonical\" href=\"https:\/\/itxport.com\/fr\/cerez-politikamiz\/\" \/>\n<meta property=\"og:locale\" content=\"fr_FR\" \/>\n<meta property=\"og:type\" content=\"article\" \/>\n<meta property=\"og:title\" content=\"\u00c7erez Politikam\u0131z - IT Export\" \/>\n<meta property=\"og:description\" content=\"\u00c7erez Politikas\u0131 Bu \u00c7erez Politikas\u0131, web sitemizi ziyaret eden kullan\u0131c\u0131lar\u0131n cihazlar\u0131na yerle\u015ftirilen \u00e7erezlerin (\u201ccookie\u201d) kullan\u0131m\u0131 ile ilgili bilgi vermek amac\u0131yla haz\u0131rlanm\u0131\u015ft\u0131r. Web sitemizi kullanarak, bu politikada belirtilen \u00e7erezlerin kullan\u0131lmas\u0131n\u0131 kabul etmi\u015f olursunuz. \u00c7erez tercihlerinizi diledi\u011finiz zaman de\u011fi\u015ftirebilirsiniz. 1. \u00c7erez Nedir? \u00c7erezler, bir web sitesini ziyaret etti\u011finizde taray\u0131c\u0131n\u0131z arac\u0131l\u0131\u011f\u0131yla cihaz\u0131n\u0131za kaydedilen k\u00fc\u00e7\u00fck metin dosyalar\u0131d\u0131r. \u00c7erezler sayesinde, [&hellip;]\" \/>\n<meta property=\"og:url\" content=\"https:\/\/itxport.com\/fr\/cerez-politikamiz\/\" \/>\n<meta property=\"og:site_name\" content=\"IT Export\" \/>\n<meta property=\"article:modified_time\" content=\"2026-01-04T13:24:47+00:00\" \/>\n<meta property=\"og:image\" content=\"https:\/\/itxport.com\/wp-content\/uploads\/2026\/01\/itxport-favicon.png\" \/>\n\t<meta property=\"og:image:width\" content=\"1024\" \/>\n\t<meta property=\"og:image:height\" content=\"1024\" \/>\n\t<meta property=\"og:image:type\" content=\"image\/png\" \/>\n<meta name=\"twitter:card\" content=\"summary_large_image\" \/>\n<meta name=\"twitter:label1\" content=\"Dur\u00e9e de lecture estim\u00e9e\" \/>\n\t<meta name=\"twitter:data1\" content=\"2 minutes\" \/>\n<script type=\"application\/ld+json\" class=\"yoast-schema-graph\">{\"@context\":\"https:\/\/schema.org\",\"@graph\":[{\"@type\":\"WebPage\",\"@id\":\"https:\/\/itxport.com\/cerez-politikamiz\/\",\"url\":\"https:\/\/itxport.com\/cerez-politikamiz\/\",\"name\":\"\u00c7erez Politikam\u0131z - IT Export\",\"isPartOf\":{\"@id\":\"https:\/\/itxport.com\/#website\"},\"primaryImageOfPage\":{\"@id\":\"https:\/\/itxport.com\/cerez-politikamiz\/#primaryimage\"},\"image\":{\"@id\":\"https:\/\/itxport.com\/cerez-politikamiz\/#primaryimage\"},\"thumbnailUrl\":\"https:\/\/itxport.com\/wp-content\/uploads\/2026\/01\/itxport-favicon.png\",\"datePublished\":\"2025-08-09T23:16:27+00:00\",\"dateModified\":\"2026-01-04T13:24:47+00:00\",\"breadcrumb\":{\"@id\":\"https:\/\/itxport.com\/cerez-politikamiz\/#breadcrumb\"},\"inLanguage\":\"fr-FR\",\"potentialAction\":[{\"@type\":\"ReadAction\",\"target\":[\"https:\/\/itxport.com\/cerez-politikamiz\/\"]}]},{\"@type\":\"ImageObject\",\"inLanguage\":\"fr-FR\",\"@id\":\"https:\/\/itxport.com\/cerez-politikamiz\/#primaryimage\",\"url\":\"https:\/\/itxport.com\/wp-content\/uploads\/2026\/01\/itxport-favicon.png\",\"contentUrl\":\"https:\/\/itxport.com\/wp-content\/uploads\/2026\/01\/itxport-favicon.png\",\"width\":1024,\"height\":1024},{\"@type\":\"BreadcrumbList\",\"@id\":\"https:\/\/itxport.com\/cerez-politikamiz\/#breadcrumb\",\"itemListElement\":[{\"@type\":\"ListItem\",\"position\":1,\"name\":\"Anasayfa\",\"item\":\"https:\/\/itxport.com\/\"},{\"@type\":\"ListItem\",\"position\":2,\"name\":\"\u00c7erez Politikam\u0131z\"}]},{\"@type\":\"WebSite\",\"@id\":\"https:\/\/itxport.com\/#website\",\"url\":\"https:\/\/itxport.com\/\",\"name\":\"IT Export\",\"description\":\"IT Export\",\"potentialAction\":[{\"@type\":\"SearchAction\",\"target\":{\"@type\":\"EntryPoint\",\"urlTemplate\":\"https:\/\/itxport.com\/?s={search_term_string}\"},\"query-input\":{\"@type\":\"PropertyValueSpecification\",\"valueRequired\":true,\"valueName\":\"search_term_string\"}}],\"inLanguage\":\"fr-FR\"}]}<\/script>\n<!-- \/ Yoast SEO plugin. -->","yoast_head_json":{"title":"\u00c7erez Politikam\u0131z - IT Export","robots":{"index":"index","follow":"follow","max-snippet":"max-snippet:-1","max-image-preview":"max-image-preview:large","max-video-preview":"max-video-preview:-1"},"canonical":"https:\/\/itxport.com\/fr\/cerez-politikamiz\/","og_locale":"fr_FR","og_type":"article","og_title":"\u00c7erez Politikam\u0131z - IT Export","og_description":"\u00c7erez Politikas\u0131 Bu \u00c7erez Politikas\u0131, web sitemizi ziyaret eden kullan\u0131c\u0131lar\u0131n cihazlar\u0131na yerle\u015ftirilen \u00e7erezlerin (\u201ccookie\u201d) kullan\u0131m\u0131 ile ilgili bilgi vermek amac\u0131yla haz\u0131rlanm\u0131\u015ft\u0131r. Web sitemizi kullanarak, bu politikada belirtilen \u00e7erezlerin kullan\u0131lmas\u0131n\u0131 kabul etmi\u015f olursunuz. \u00c7erez tercihlerinizi diledi\u011finiz zaman de\u011fi\u015ftirebilirsiniz. 1. \u00c7erez Nedir? \u00c7erezler, bir web sitesini ziyaret etti\u011finizde taray\u0131c\u0131n\u0131z arac\u0131l\u0131\u011f\u0131yla cihaz\u0131n\u0131za kaydedilen k\u00fc\u00e7\u00fck metin dosyalar\u0131d\u0131r. \u00c7erezler sayesinde, [&hellip;]","og_url":"https:\/\/itxport.com\/fr\/cerez-politikamiz\/","og_site_name":"IT Export","article_modified_time":"2026-01-04T13:24:47+00:00","og_image":[{"width":1024,"height":1024,"url":"https:\/\/itxport.com\/wp-content\/uploads\/2026\/01\/itxport-favicon.png","type":"image\/png"}],"twitter_card":"summary_large_image","twitter_misc":{"Dur\u00e9e de lecture estim\u00e9e":"2 minutes"},"schema":{"@context":"https:\/\/schema.org","@graph":[{"@type":"WebPage","@id":"https:\/\/itxport.com\/cerez-politikamiz\/","url":"https:\/\/itxport.com\/cerez-politikamiz\/","name":"\u00c7erez Politikam\u0131z - IT Export","isPartOf":{"@id":"https:\/\/itxport.com\/#website"},"primaryImageOfPage":{"@id":"https:\/\/itxport.com\/cerez-politikamiz\/#primaryimage"},"image":{"@id":"https:\/\/itxport.com\/cerez-politikamiz\/#primaryimage"},"thumbnailUrl":"https:\/\/itxport.com\/wp-content\/uploads\/2026\/01\/itxport-favicon.png","datePublished":"2025-08-09T23:16:27+00:00","dateModified":"2026-01-04T13:24:47+00:00","breadcrumb":{"@id":"https:\/\/itxport.com\/cerez-politikamiz\/#breadcrumb"},"inLanguage":"fr-FR","potentialAction":[{"@type":"ReadAction","target":["https:\/\/itxport.com\/cerez-politikamiz\/"]}]},{"@type":"ImageObject","inLanguage":"fr-FR","@id":"https:\/\/itxport.com\/cerez-politikamiz\/#primaryimage","url":"https:\/\/itxport.com\/wp-content\/uploads\/2026\/01\/itxport-favicon.png","contentUrl":"https:\/\/itxport.com\/wp-content\/uploads\/2026\/01\/itxport-favicon.png","width":1024,"height":1024},{"@type":"BreadcrumbList","@id":"https:\/\/itxport.com\/cerez-politikamiz\/#breadcrumb","itemListElement":[{"@type":"ListItem","position":1,"name":"Anasayfa","item":"https:\/\/itxport.com\/"},{"@type":"ListItem","position":2,"name":"\u00c7erez Politikam\u0131z"}]},{"@type":"WebSite","@id":"https:\/\/itxport.com\/#website","url":"https:\/\/itxport.com\/","name":"IT Export","description":"IT Export","potentialAction":[{"@type":"SearchAction","target":{"@type":"EntryPoint","urlTemplate":"https:\/\/itxport.com\/?s={search_term_string}"},"query-input":{"@type":"PropertyValueSpecification","valueRequired":true,"valueName":"search_term_string"}}],"inLanguage":"fr-FR"}]}},"_links":{"self":[{"href":"https:\/\/itxport.com\/fr\/wp-json\/wp\/v2\/pages\/461","targetHints":{"allow":["GET"]}}],"collection":[{"href":"https:\/\/itxport.com\/fr\/wp-json\/wp\/v2\/pages"}],"about":[{"href":"https:\/\/itxport.com\/fr\/wp-json\/wp\/v2\/types\/page"}],"author":[{"embeddable":true,"href":"https:\/\/itxport.com\/fr\/wp-json\/wp\/v2\/users\/1"}],"replies":[{"embeddable":true,"href":"https:\/\/itxport.com\/fr\/wp-json\/wp\/v2\/comments?post=461"}],"version-history":[{"count":14,"href":"https:\/\/itxport.com\/fr\/wp-json\/wp\/v2\/pages\/461\/revisions"}],"predecessor-version":[{"id":655,"href":"https:\/\/itxport.com\/fr\/wp-json\/wp\/v2\/pages\/461\/revisions\/655"}],"wp:featuredmedia":[{"embeddable":true,"href":"https:\/\/itxport.com\/fr\/wp-json\/wp\/v2\/media\/651"}],"wp:attachment":[{"href":"https:\/\/itxport.com\/fr\/wp-json\/wp\/v2\/media?parent=461"}],"curies":[{"name":"wp","href":"https:\/\/api.w.org\/{rel}","templated":true}]}}