{"id":435,"date":"2025-08-10T01:59:43","date_gmt":"2025-08-09T22:59:43","guid":{"rendered":"https:\/\/itxport.com\/?page_id=435"},"modified":"2026-01-04T16:24:53","modified_gmt":"2026-01-04T13:24:53","slug":"gizlilik-ilkesi","status":"publish","type":"page","link":"https:\/\/itxport.com\/fr\/gizlilik-ilkesi\/","title":{"rendered":"politique de confidentialit\u00e9"},"content":{"rendered":"<div data-elementor-type=\"wp-page\" data-elementor-id=\"435\" class=\"elementor elementor-435\">\n\t\t\t\t<div class=\"elementor-element elementor-element-7a4f1bc e-flex e-con-boxed elementor-invisible e-con e-parent\" data-id=\"7a4f1bc\" data-element_type=\"container\" data-settings=\"{&quot;jet_parallax_layout_list&quot;:[],&quot;animation&quot;:&quot;fadeInUp&quot;}\">\n\t\t\t\t\t<div class=\"e-con-inner\">\n\t\t\t\t<div class=\"elementor-element elementor-element-be022e4 elementor-widget elementor-widget-heading\" data-id=\"be022e4\" data-element_type=\"widget\" data-widget_type=\"heading.default\">\n\t\t\t\t\t<h2 class=\"elementor-heading-title elementor-size-default\">politique de confidentialit\u00e9<\/h2>\t\t\t\t<\/div>\n\t\t\t\t<div class=\"elementor-element elementor-element-eeca750 elementor-widget elementor-widget-text-editor\" data-id=\"eeca750\" data-element_type=\"widget\" data-widget_type=\"text-editor.default\">\n\t\t\t\t\t\t\t\t\t<p>La pr\u00e9sente politique de confidentialit\u00e9 d\u00e9crit les principes r\u00e9gissant la collecte, l&#039;utilisation, le stockage et la protection des donn\u00e9es personnelles des utilisateurs visitant notre site web. En utilisant notre site, vous acceptez les conditions \u00e9nonc\u00e9es dans cette politique.<\/p><p><strong>1. Informations recueillies<\/strong><br \/>Les types d&#039;informations suivants peuvent \u00eatre collect\u00e9s via notre site web\u00a0:<\/p><p>Informations personnelles telles que nom, pr\u00e9nom, adresse e-mail et num\u00e9ro de t\u00e9l\u00e9phone (lorsque vous remplissez le formulaire ou vous vous inscrivez)<\/p><p>Donn\u00e9es techniques telles que l&#039;adresse IP, le type de navigateur, les informations sur le syst\u00e8me d&#039;exploitation, ainsi que la date et l&#039;heure de la visite.<\/p><p>Donn\u00e9es d&#039;utilisation collect\u00e9es via des cookies et des technologies similaires.<\/p><p><strong>2. Objectifs de l&#039;utilisation des informations<\/strong><br \/>Les donn\u00e9es collect\u00e9es peuvent \u00eatre utilis\u00e9es aux fins suivantes\u00a0:<\/p><p>Fournir, am\u00e9liorer et personnaliser nos services.<\/p><p>Pour r\u00e9pondre \u00e0 vos demandes et questions.<\/p><p>Am\u00e9liorer l&#039;exp\u00e9rience utilisateur<\/p><p>Respect de nos obligations l\u00e9gales<\/p><p>Pour mener des activit\u00e9s de marketing et d&#039;information (si vous y consentez)<\/p><p><strong>3. Cookies<\/strong><br \/>Notre site web utilise des cookies pour am\u00e9liorer votre exp\u00e9rience utilisateur. Vous pouvez d\u00e9sactiver les cookies ou recevoir un avertissement via les param\u00e8tres de votre navigateur. Cependant, la d\u00e9sactivation des cookies peut emp\u00eacher certaines fonctionnalit\u00e9s du site de fonctionner correctement.<\/p><p><strong>4. Partage d&#039;informations<\/strong><br \/>Vos donn\u00e9es personnelles ;<\/p><p>exigences l\u00e9gales<\/p><p>Demandes des autorit\u00e9s l\u00e9gales<\/p><p>Des tiers de confiance avec lesquels nous collaborons pour fournir des services (h\u00e9bergement, paiement, logistique, etc.)<br \/>Elle ne sera pas partag\u00e9e avec des tiers, sauf \u00e0 cette fin.<\/p><p><strong>5. S\u00e9curit\u00e9 des donn\u00e9es<\/strong><br \/>Des mesures techniques et administratives conformes aux normes du secteur sont mises en \u0153uvre pour assurer la s\u00e9curit\u00e9 de vos donn\u00e9es personnelles. Cependant, il est impossible de garantir une s\u00e9curit\u00e9 absolue lors de la transmission de donn\u00e9es sur Internet.<\/p><p><strong>6. Connexions avec des tiers<\/strong><br \/>Notre site web peut contenir des liens vers des sites web tiers. Nous ne sommes pas responsables des pratiques de confidentialit\u00e9 de ces sites.<\/p><p><strong>7. Vos droits<\/strong><br \/>Concernant vos donn\u00e9es personnelles ;<\/p><p>Demande d&#039;acc\u00e8s<\/p><p>Demander une correction<\/p><p>Demande de suppression<\/p><p>Restriction du traitement<\/p><p>Demande de portabilit\u00e9 des donn\u00e9es<br \/>Vous avez des droits. Vous pouvez nous contacter pour les exercer.<\/p><p><strong>8. Changements de politique<\/strong><br \/>La pr\u00e9sente politique de confidentialit\u00e9 peut \u00eatre mise \u00e0 jour p\u00e9riodiquement. Les modifications entreront en vigueur \u00e0 compter de leur publication sur notre site web.<\/p>\t\t\t\t\t\t\t\t<\/div>\n\t\t\t\t\t<\/div>\n\t\t\t\t<\/div>\n\t\t\t\t<\/div>","protected":false},"excerpt":{"rendered":"<p>Gizlilik \u0130lkesi Bu Gizlilik Politikas\u0131, web sitemizi ziyaret eden kullan\u0131c\u0131lar\u0131n ki\u015fisel verilerinin toplanmas\u0131, kullan\u0131lmas\u0131, saklanmas\u0131 ve korunmas\u0131na ili\u015fkin esaslar\u0131 a\u00e7\u0131klar. Sitemizi kullanarak, bu politikada belirtilen \u015fartlar\u0131 kabul etmi\u015f olursunuz. 1. Toplanan Bilgiler Web sitemiz arac\u0131l\u0131\u011f\u0131yla a\u015fa\u011f\u0131daki t\u00fcrde bilgiler toplanabilir: Ad, soyad, e-posta adresi, telefon numaras\u0131 gibi ki\u015fisel bilgiler (form doldurdu\u011funuzda veya kay\u0131t oldu\u011funuzda) IP adresi, [&hellip;]<\/p>","protected":false},"author":1,"featured_media":651,"parent":0,"menu_order":0,"comment_status":"closed","ping_status":"closed","template":"elementor_header_footer","meta":{"_acf_changed":false,"footnotes":""},"class_list":["post-435","page","type-page","status-publish","has-post-thumbnail","hentry"],"acf":[],"yoast_head":"<!-- This site is optimized with the Yoast SEO plugin v25.6 - https:\/\/yoast.com\/wordpress\/plugins\/seo\/ -->\n<title>Gizlilik \u0130lkesi - IT Export<\/title>\n<meta name=\"robots\" content=\"index, follow, max-snippet:-1, max-image-preview:large, max-video-preview:-1\" \/>\n<link rel=\"canonical\" href=\"https:\/\/itxport.com\/fr\/gizlilik-ilkesi\/\" \/>\n<meta property=\"og:locale\" content=\"fr_FR\" \/>\n<meta property=\"og:type\" content=\"article\" \/>\n<meta property=\"og:title\" content=\"Gizlilik \u0130lkesi - IT Export\" \/>\n<meta property=\"og:description\" content=\"Gizlilik \u0130lkesi Bu Gizlilik Politikas\u0131, web sitemizi ziyaret eden kullan\u0131c\u0131lar\u0131n ki\u015fisel verilerinin toplanmas\u0131, kullan\u0131lmas\u0131, saklanmas\u0131 ve korunmas\u0131na ili\u015fkin esaslar\u0131 a\u00e7\u0131klar. Sitemizi kullanarak, bu politikada belirtilen \u015fartlar\u0131 kabul etmi\u015f olursunuz. 1. Toplanan Bilgiler Web sitemiz arac\u0131l\u0131\u011f\u0131yla a\u015fa\u011f\u0131daki t\u00fcrde bilgiler toplanabilir: Ad, soyad, e-posta adresi, telefon numaras\u0131 gibi ki\u015fisel bilgiler (form doldurdu\u011funuzda veya kay\u0131t oldu\u011funuzda) IP adresi, [&hellip;]\" \/>\n<meta property=\"og:url\" content=\"https:\/\/itxport.com\/fr\/gizlilik-ilkesi\/\" \/>\n<meta property=\"og:site_name\" content=\"IT Export\" \/>\n<meta property=\"article:modified_time\" content=\"2026-01-04T13:24:53+00:00\" \/>\n<meta property=\"og:image\" content=\"https:\/\/itxport.com\/wp-content\/uploads\/2026\/01\/itxport-favicon.png\" \/>\n\t<meta property=\"og:image:width\" content=\"1024\" \/>\n\t<meta property=\"og:image:height\" content=\"1024\" \/>\n\t<meta property=\"og:image:type\" content=\"image\/png\" \/>\n<meta name=\"twitter:card\" content=\"summary_large_image\" \/>\n<meta name=\"twitter:label1\" content=\"Dur\u00e9e de lecture estim\u00e9e\" \/>\n\t<meta name=\"twitter:data1\" content=\"2 minutes\" \/>\n<script type=\"application\/ld+json\" class=\"yoast-schema-graph\">{\"@context\":\"https:\/\/schema.org\",\"@graph\":[{\"@type\":\"WebPage\",\"@id\":\"https:\/\/itxport.com\/gizlilik-ilkesi\/\",\"url\":\"https:\/\/itxport.com\/gizlilik-ilkesi\/\",\"name\":\"Gizlilik \u0130lkesi - IT Export\",\"isPartOf\":{\"@id\":\"https:\/\/itxport.com\/#website\"},\"primaryImageOfPage\":{\"@id\":\"https:\/\/itxport.com\/gizlilik-ilkesi\/#primaryimage\"},\"image\":{\"@id\":\"https:\/\/itxport.com\/gizlilik-ilkesi\/#primaryimage\"},\"thumbnailUrl\":\"https:\/\/itxport.com\/wp-content\/uploads\/2026\/01\/itxport-favicon.png\",\"datePublished\":\"2025-08-09T22:59:43+00:00\",\"dateModified\":\"2026-01-04T13:24:53+00:00\",\"breadcrumb\":{\"@id\":\"https:\/\/itxport.com\/gizlilik-ilkesi\/#breadcrumb\"},\"inLanguage\":\"fr-FR\",\"potentialAction\":[{\"@type\":\"ReadAction\",\"target\":[\"https:\/\/itxport.com\/gizlilik-ilkesi\/\"]}]},{\"@type\":\"ImageObject\",\"inLanguage\":\"fr-FR\",\"@id\":\"https:\/\/itxport.com\/gizlilik-ilkesi\/#primaryimage\",\"url\":\"https:\/\/itxport.com\/wp-content\/uploads\/2026\/01\/itxport-favicon.png\",\"contentUrl\":\"https:\/\/itxport.com\/wp-content\/uploads\/2026\/01\/itxport-favicon.png\",\"width\":1024,\"height\":1024},{\"@type\":\"BreadcrumbList\",\"@id\":\"https:\/\/itxport.com\/gizlilik-ilkesi\/#breadcrumb\",\"itemListElement\":[{\"@type\":\"ListItem\",\"position\":1,\"name\":\"Anasayfa\",\"item\":\"https:\/\/itxport.com\/\"},{\"@type\":\"ListItem\",\"position\":2,\"name\":\"Gizlilik \u0130lkesi\"}]},{\"@type\":\"WebSite\",\"@id\":\"https:\/\/itxport.com\/#website\",\"url\":\"https:\/\/itxport.com\/\",\"name\":\"IT Export\",\"description\":\"IT Export\",\"potentialAction\":[{\"@type\":\"SearchAction\",\"target\":{\"@type\":\"EntryPoint\",\"urlTemplate\":\"https:\/\/itxport.com\/?s={search_term_string}\"},\"query-input\":{\"@type\":\"PropertyValueSpecification\",\"valueRequired\":true,\"valueName\":\"search_term_string\"}}],\"inLanguage\":\"fr-FR\"}]}<\/script>\n<!-- \/ Yoast SEO plugin. -->","yoast_head_json":{"title":"Gizlilik \u0130lkesi - IT Export","robots":{"index":"index","follow":"follow","max-snippet":"max-snippet:-1","max-image-preview":"max-image-preview:large","max-video-preview":"max-video-preview:-1"},"canonical":"https:\/\/itxport.com\/fr\/gizlilik-ilkesi\/","og_locale":"fr_FR","og_type":"article","og_title":"Gizlilik \u0130lkesi - IT Export","og_description":"Gizlilik \u0130lkesi Bu Gizlilik Politikas\u0131, web sitemizi ziyaret eden kullan\u0131c\u0131lar\u0131n ki\u015fisel verilerinin toplanmas\u0131, kullan\u0131lmas\u0131, saklanmas\u0131 ve korunmas\u0131na ili\u015fkin esaslar\u0131 a\u00e7\u0131klar. Sitemizi kullanarak, bu politikada belirtilen \u015fartlar\u0131 kabul etmi\u015f olursunuz. 1. Toplanan Bilgiler Web sitemiz arac\u0131l\u0131\u011f\u0131yla a\u015fa\u011f\u0131daki t\u00fcrde bilgiler toplanabilir: Ad, soyad, e-posta adresi, telefon numaras\u0131 gibi ki\u015fisel bilgiler (form doldurdu\u011funuzda veya kay\u0131t oldu\u011funuzda) IP adresi, [&hellip;]","og_url":"https:\/\/itxport.com\/fr\/gizlilik-ilkesi\/","og_site_name":"IT Export","article_modified_time":"2026-01-04T13:24:53+00:00","og_image":[{"width":1024,"height":1024,"url":"https:\/\/itxport.com\/wp-content\/uploads\/2026\/01\/itxport-favicon.png","type":"image\/png"}],"twitter_card":"summary_large_image","twitter_misc":{"Dur\u00e9e de lecture estim\u00e9e":"2 minutes"},"schema":{"@context":"https:\/\/schema.org","@graph":[{"@type":"WebPage","@id":"https:\/\/itxport.com\/gizlilik-ilkesi\/","url":"https:\/\/itxport.com\/gizlilik-ilkesi\/","name":"Gizlilik \u0130lkesi - IT Export","isPartOf":{"@id":"https:\/\/itxport.com\/#website"},"primaryImageOfPage":{"@id":"https:\/\/itxport.com\/gizlilik-ilkesi\/#primaryimage"},"image":{"@id":"https:\/\/itxport.com\/gizlilik-ilkesi\/#primaryimage"},"thumbnailUrl":"https:\/\/itxport.com\/wp-content\/uploads\/2026\/01\/itxport-favicon.png","datePublished":"2025-08-09T22:59:43+00:00","dateModified":"2026-01-04T13:24:53+00:00","breadcrumb":{"@id":"https:\/\/itxport.com\/gizlilik-ilkesi\/#breadcrumb"},"inLanguage":"fr-FR","potentialAction":[{"@type":"ReadAction","target":["https:\/\/itxport.com\/gizlilik-ilkesi\/"]}]},{"@type":"ImageObject","inLanguage":"fr-FR","@id":"https:\/\/itxport.com\/gizlilik-ilkesi\/#primaryimage","url":"https:\/\/itxport.com\/wp-content\/uploads\/2026\/01\/itxport-favicon.png","contentUrl":"https:\/\/itxport.com\/wp-content\/uploads\/2026\/01\/itxport-favicon.png","width":1024,"height":1024},{"@type":"BreadcrumbList","@id":"https:\/\/itxport.com\/gizlilik-ilkesi\/#breadcrumb","itemListElement":[{"@type":"ListItem","position":1,"name":"Anasayfa","item":"https:\/\/itxport.com\/"},{"@type":"ListItem","position":2,"name":"Gizlilik \u0130lkesi"}]},{"@type":"WebSite","@id":"https:\/\/itxport.com\/#website","url":"https:\/\/itxport.com\/","name":"IT Export","description":"IT Export","potentialAction":[{"@type":"SearchAction","target":{"@type":"EntryPoint","urlTemplate":"https:\/\/itxport.com\/?s={search_term_string}"},"query-input":{"@type":"PropertyValueSpecification","valueRequired":true,"valueName":"search_term_string"}}],"inLanguage":"fr-FR"}]}},"_links":{"self":[{"href":"https:\/\/itxport.com\/fr\/wp-json\/wp\/v2\/pages\/435","targetHints":{"allow":["GET"]}}],"collection":[{"href":"https:\/\/itxport.com\/fr\/wp-json\/wp\/v2\/pages"}],"about":[{"href":"https:\/\/itxport.com\/fr\/wp-json\/wp\/v2\/types\/page"}],"author":[{"embeddable":true,"href":"https:\/\/itxport.com\/fr\/wp-json\/wp\/v2\/users\/1"}],"replies":[{"embeddable":true,"href":"https:\/\/itxport.com\/fr\/wp-json\/wp\/v2\/comments?post=435"}],"version-history":[{"count":11,"href":"https:\/\/itxport.com\/fr\/wp-json\/wp\/v2\/pages\/435\/revisions"}],"predecessor-version":[{"id":656,"href":"https:\/\/itxport.com\/fr\/wp-json\/wp\/v2\/pages\/435\/revisions\/656"}],"wp:featuredmedia":[{"embeddable":true,"href":"https:\/\/itxport.com\/fr\/wp-json\/wp\/v2\/media\/651"}],"wp:attachment":[{"href":"https:\/\/itxport.com\/fr\/wp-json\/wp\/v2\/media?parent=435"}],"curies":[{"name":"wp","href":"https:\/\/api.w.org\/{rel}","templated":true}]}}