{"id":431,"date":"2025-08-10T01:56:04","date_gmt":"2025-08-09T22:56:04","guid":{"rendered":"https:\/\/itxport.com\/?page_id=431"},"modified":"2026-01-04T17:35:31","modified_gmt":"2026-01-04T14:35:31","slug":"hakkimizda","status":"publish","type":"page","link":"https:\/\/itxport.com\/fr\/hakkimizda\/","title":{"rendered":"\u00c0 propos de nous"},"content":{"rendered":"<div data-elementor-type=\"wp-page\" data-elementor-id=\"431\" class=\"elementor elementor-431\">\n\t\t\t\t<div class=\"elementor-element elementor-element-b11bf9e e-flex e-con-boxed e-con e-parent\" data-id=\"b11bf9e\" data-element_type=\"container\" data-settings=\"{&quot;background_background&quot;:&quot;classic&quot;,&quot;jet_parallax_layout_list&quot;:[]}\">\n\t\t\t\t\t<div class=\"e-con-inner\">\n\t\t<div class=\"elementor-element elementor-element-58e35d7 e-con-full e-flex e-con e-child\" data-id=\"58e35d7\" data-element_type=\"container\" data-settings=\"{&quot;jet_parallax_layout_list&quot;:[]}\">\n\t\t\t\t<div class=\"elementor-element elementor-element-a1c2924 elementor-widget elementor-widget-heading\" data-id=\"a1c2924\" data-element_type=\"widget\" data-widget_type=\"heading.default\">\n\t\t\t\t\t<h2 class=\"elementor-heading-title elementor-size-default\">\u00c0 propos de nous<\/h2>\t\t\t\t<\/div>\n\t\t\t\t<\/div>\n\t\t\t\t\t<\/div>\n\t\t\t\t<\/div>\n\t\t<div class=\"elementor-element elementor-element-e88d9fa e-flex e-con-boxed elementor-invisible e-con e-parent\" data-id=\"e88d9fa\" data-element_type=\"container\" data-settings=\"{&quot;jet_parallax_layout_list&quot;:[],&quot;animation&quot;:&quot;fadeInUp&quot;}\">\n\t\t\t\t\t<div class=\"e-con-inner\">\n\t\t<div class=\"elementor-element elementor-element-87e48bf e-con-full e-flex e-con e-child\" data-id=\"87e48bf\" data-element_type=\"container\" data-settings=\"{&quot;jet_parallax_layout_list&quot;:[]}\">\n\t\t\t\t<div class=\"elementor-element elementor-element-f8a3c52 elementor-widget elementor-widget-heading\" data-id=\"f8a3c52\" data-element_type=\"widget\" data-widget_type=\"heading.default\">\n\t\t\t\t\t<h2 class=\"elementor-heading-title elementor-size-default\">\u00c0 propos de nous<\/h2>\t\t\t\t<\/div>\n\t\t\t\t<div class=\"elementor-element elementor-element-a49b59b elementor-widget elementor-widget-text-editor\" data-id=\"a49b59b\" data-element_type=\"widget\" data-widget_type=\"text-editor.default\">\n\t\t\t\t\t\t\t\t\t<p>IT XPORT est une entreprise qui analyse au mieux les besoins des consommateurs et enrichit constamment sa gamme de produits gr\u00e2ce \u00e0 des conceptions performantes. Sp\u00e9cialis\u00e9e dans les ballons en gel, elle met \u00e0 profit ses vingt ans de savoir-faire et d&#039;exp\u00e9rience en respectant des normes de qualit\u00e9 \u00e9lev\u00e9es. Chaque nouveau produit de notre entreprise, brevet\u00e9 au niveau national et international, est fabriqu\u00e9 \u00e0 partir des mat\u00e9riaux les plus s\u00fbrs, pour votre sant\u00e9 et celle de vos proches.<\/p><p>On trouve aujourd&#039;hui des ballons publicitaires en gel dans de nombreux contextes. Cependant, la diff\u00e9rence avec les produits haut de gamme d&#039;IT XPORT est flagrante. D\u00e8s nos d\u00e9buts, notre objectif \u00e9tait de devenir leader du secteur. Aujourd&#039;hui, gr\u00e2ce \u00e0 nos produits brevet\u00e9s, nous restons \u00e0 l&#039;\u00e9coute des tendances et innovons constamment. Nous analysons vos besoins avec pr\u00e9cision et vous proposons une gamme compl\u00e8te de solutions gonflables.<\/p><p>En maintenant constamment les plus hauts standards de qualit\u00e9, nous r\u00e9pondons \u00e0 vos attentes gr\u00e2ce \u00e0 des produits hautement comp\u00e9titifs et contribuons \u00e0 l&#039;essor du secteur. Forts de notre capacit\u00e9 de production croissante, nous concr\u00e9tisons notre ambition de participer au d\u00e9veloppement de notre pays et nous exer\u00e7ons notre m\u00e9tier avec passion. Nous augmentons sans cesse nos investissements en recherche et d\u00e9veloppement, guid\u00e9s par une vision d&#039;avenir. Notre entreprise, qui poursuit son d\u00e9veloppement avec succ\u00e8s et s&#039;engage \u00e0 produire non seulement des produits, mais des \u00ab\u00a0produits de qualit\u00e9\u00a0\u00bb, continuera de r\u00e9pondre au mieux \u00e0 vos besoins et de jouer un r\u00f4le de premier plan dans le secteur.<\/p>\t\t\t\t\t\t\t\t<\/div>\n\t\t\t\t<\/div>\n\t\t<div class=\"elementor-element elementor-element-f754e4c e-con-full e-flex e-con e-child\" data-id=\"f754e4c\" data-element_type=\"container\" data-settings=\"{&quot;jet_parallax_layout_list&quot;:[]}\">\n\t\t\t\t<div class=\"elementor-element elementor-element-25bdb1c elementor-widget elementor-widget-image\" data-id=\"25bdb1c\" data-element_type=\"widget\" data-widget_type=\"image.default\">\n\t\t\t\t\t\t\t\t\t\t\t\t\t\t\t<img fetchpriority=\"high\" decoding=\"async\" width=\"765\" height=\"535\" src=\"https:\/\/itxport.com\/wp-content\/uploads\/2026\/01\/Adsiz-tasarim-1.png\" class=\"attachment-large size-large wp-image-682\" alt=\"\" srcset=\"https:\/\/itxport.com\/wp-content\/uploads\/2026\/01\/Adsiz-tasarim-1.png 765w, https:\/\/itxport.com\/wp-content\/uploads\/2026\/01\/Adsiz-tasarim-1-300x210.png 300w, https:\/\/itxport.com\/wp-content\/uploads\/2026\/01\/Adsiz-tasarim-1-18x12.png 18w\" sizes=\"(max-width: 765px) 100vw, 765px\" \/>\t\t\t\t\t\t\t\t\t\t\t\t\t\t\t<\/div>\n\t\t\t\t<\/div>\n\t\t\t\t\t<\/div>\n\t\t\t\t<\/div>\n\t\t<div class=\"elementor-element elementor-element-bd77be3 e-flex e-con-boxed elementor-invisible e-con e-parent\" data-id=\"bd77be3\" data-element_type=\"container\" data-settings=\"{&quot;background_background&quot;:&quot;classic&quot;,&quot;jet_parallax_layout_list&quot;:[],&quot;animation&quot;:&quot;fadeInUp&quot;}\">\n\t\t\t\t\t<div class=\"e-con-inner\">\n\t\t<div class=\"elementor-element elementor-element-76513e5 e-con-full e-flex e-con e-child\" data-id=\"76513e5\" data-element_type=\"container\" data-settings=\"{&quot;jet_parallax_layout_list&quot;:[]}\">\n\t\t\t\t<div class=\"elementor-element elementor-element-3c9f1de elementor-widget elementor-widget-heading\" data-id=\"3c9f1de\" data-element_type=\"widget\" data-widget_type=\"heading.default\">\n\t\t\t\t\t<h2 class=\"elementor-heading-title elementor-size-default\">Notre mission<\/h2>\t\t\t\t<\/div>\n\t\t\t\t<div class=\"elementor-element elementor-element-19262aa elementor-widget elementor-widget-text-editor\" data-id=\"19262aa\" data-element_type=\"widget\" data-widget_type=\"text-editor.default\">\n\t\t\t\t\t\t\t\t\t<p>Notre objectif est de cr\u00e9er des solutions publicitaires gonflables qui augmentent la visibilit\u00e9 des entreprises, d&#039;offrir des produits de haute qualit\u00e9, durables et efficaces \u00e0 chaque client, et d&#039;\u00eatre un partenaire publicitaire fiable qui aide les marques \u00e0 se d\u00e9marquer davantage dans leur secteur.<\/p>\t\t\t\t\t\t\t\t<\/div>\n\t\t\t\t<\/div>\n\t\t<div class=\"elementor-element elementor-element-55dc914 e-con-full e-flex e-con e-child\" data-id=\"55dc914\" data-element_type=\"container\" data-settings=\"{&quot;jet_parallax_layout_list&quot;:[]}\">\n\t\t\t\t<div class=\"elementor-element elementor-element-fd6db5a elementor-widget elementor-widget-heading\" data-id=\"fd6db5a\" data-element_type=\"widget\" data-widget_type=\"heading.default\">\n\t\t\t\t\t<h2 class=\"elementor-heading-title elementor-size-default\">Notre vision<\/h2>\t\t\t\t<\/div>\n\t\t\t\t<div class=\"elementor-element elementor-element-7c168ba elementor-widget elementor-widget-text-editor\" data-id=\"7c168ba\" data-element_type=\"widget\" data-widget_type=\"text-editor.default\">\n\t\t\t\t\t\t\t\t\t<p>Notre objectif est de devenir une marque leader dans le domaine des solutions publicitaires gonflables et de promotion visuelle en Turquie et sur les march\u00e9s internationaux, et d&#039;\u00eatre une entreprise de r\u00e9f\u00e9rence dans le secteur gr\u00e2ce \u00e0 nos conceptions innovantes et \u00e0 la qualit\u00e9 de notre production.<\/p>\t\t\t\t\t\t\t\t<\/div>\n\t\t\t\t<\/div>\n\t\t<div class=\"elementor-element elementor-element-362a752 e-con-full e-flex e-con e-child\" data-id=\"362a752\" data-element_type=\"container\" data-settings=\"{&quot;jet_parallax_layout_list&quot;:[]}\">\n\t\t\t\t<div class=\"elementor-element elementor-element-53a4b91 elementor-widget elementor-widget-heading\" data-id=\"53a4b91\" data-element_type=\"widget\" data-widget_type=\"heading.default\">\n\t\t\t\t\t<h2 class=\"elementor-heading-title elementor-size-default\">Nos valeurs<\/h2>\t\t\t\t<\/div>\n\t\t\t\t<div class=\"elementor-element elementor-element-1e641ef elementor-widget elementor-widget-text-editor\" data-id=\"1e641ef\" data-element_type=\"widget\" data-widget_type=\"text-editor.default\">\n\t\t\t\t\t\t\t\t\t<p>Nous privil\u00e9gions la qualit\u00e9, la fiabilit\u00e9, la satisfaction client et l&#039;am\u00e9lioration continue ; nous abordons chaque projet avec m\u00e9ticulosit\u00e9, livrons notre travail promis dans les d\u00e9lais et int\u00e9gralement, et \u00e9tablissons des partenariats commerciaux \u00e0 long terme.<\/p>\t\t\t\t\t\t\t\t<\/div>\n\t\t\t\t<\/div>\n\t\t\t\t\t<\/div>\n\t\t\t\t<\/div>\n\t\t\t\t<\/div>","protected":false},"excerpt":{"rendered":"<p>Hakk\u0131m\u0131zda Hakk\u0131m\u0131zda IT XPORT, t\u00fcketici ihtiya\u00e7lar\u0131n\u0131 en iyi \u015fekilde analiz eden ve ba\u015far\u0131l\u0131 tasar\u0131mlarla \u00fcr\u00fcn yelpazesini g\u00fcn ge\u00e7tik\u00e7e art\u0131ran bir firmad\u0131r. GEL GEL BALON\u00a0 alan\u0131nda, yirmi y\u0131ll\u0131k bilgi ve tecr\u00fcbesini kalite standartlar\u0131yla yans\u0131tmaktad\u0131r. Her yeni \u00fcr\u00fcn\u00fc, \u00fclkeleraras\u0131 ve ulusal patent kurumlar\u0131nca tescil edilen firmam\u0131z, hem sizin hem de sevdiklerinizin sa\u011fl\u0131\u011f\u0131 i\u00e7in en g\u00fcvenilir malzemeleri kullanmaktad\u0131r. [&hellip;]<\/p>","protected":false},"author":1,"featured_media":651,"parent":0,"menu_order":0,"comment_status":"closed","ping_status":"closed","template":"elementor_header_footer","meta":{"_acf_changed":false,"footnotes":""},"class_list":["post-431","page","type-page","status-publish","has-post-thumbnail","hentry"],"acf":[],"yoast_head":"<!-- This site is optimized with the Yoast SEO plugin v25.6 - https:\/\/yoast.com\/wordpress\/plugins\/seo\/ -->\n<title>Hakk\u0131m\u0131zda - IT Export<\/title>\n<meta name=\"robots\" content=\"index, follow, max-snippet:-1, max-image-preview:large, max-video-preview:-1\" \/>\n<link rel=\"canonical\" href=\"https:\/\/itxport.com\/fr\/hakkimizda\/\" \/>\n<meta property=\"og:locale\" content=\"fr_FR\" \/>\n<meta property=\"og:type\" content=\"article\" \/>\n<meta property=\"og:title\" content=\"Hakk\u0131m\u0131zda - IT Export\" \/>\n<meta property=\"og:description\" content=\"Hakk\u0131m\u0131zda Hakk\u0131m\u0131zda IT XPORT, t\u00fcketici ihtiya\u00e7lar\u0131n\u0131 en iyi \u015fekilde analiz eden ve ba\u015far\u0131l\u0131 tasar\u0131mlarla \u00fcr\u00fcn yelpazesini g\u00fcn ge\u00e7tik\u00e7e art\u0131ran bir firmad\u0131r. GEL GEL BALON\u00a0 alan\u0131nda, yirmi y\u0131ll\u0131k bilgi ve tecr\u00fcbesini kalite standartlar\u0131yla yans\u0131tmaktad\u0131r. Her yeni \u00fcr\u00fcn\u00fc, \u00fclkeleraras\u0131 ve ulusal patent kurumlar\u0131nca tescil edilen firmam\u0131z, hem sizin hem de sevdiklerinizin sa\u011fl\u0131\u011f\u0131 i\u00e7in en g\u00fcvenilir malzemeleri kullanmaktad\u0131r. [&hellip;]\" \/>\n<meta property=\"og:url\" content=\"https:\/\/itxport.com\/fr\/hakkimizda\/\" \/>\n<meta property=\"og:site_name\" content=\"IT Export\" \/>\n<meta property=\"article:modified_time\" content=\"2026-01-04T14:35:31+00:00\" \/>\n<meta property=\"og:image\" content=\"https:\/\/itxport.com\/wp-content\/uploads\/2026\/01\/itxport-favicon.png\" \/>\n\t<meta property=\"og:image:width\" content=\"1024\" \/>\n\t<meta property=\"og:image:height\" content=\"1024\" \/>\n\t<meta property=\"og:image:type\" content=\"image\/png\" \/>\n<meta name=\"twitter:card\" content=\"summary_large_image\" \/>\n<meta name=\"twitter:label1\" content=\"Dur\u00e9e de lecture estim\u00e9e\" \/>\n\t<meta name=\"twitter:data1\" content=\"2 minutes\" \/>\n<script type=\"application\/ld+json\" class=\"yoast-schema-graph\">{\"@context\":\"https:\/\/schema.org\",\"@graph\":[{\"@type\":\"WebPage\",\"@id\":\"https:\/\/itxport.com\/hakkimizda\/\",\"url\":\"https:\/\/itxport.com\/hakkimizda\/\",\"name\":\"Hakk\u0131m\u0131zda - IT Export\",\"isPartOf\":{\"@id\":\"https:\/\/itxport.com\/#website\"},\"primaryImageOfPage\":{\"@id\":\"https:\/\/itxport.com\/hakkimizda\/#primaryimage\"},\"image\":{\"@id\":\"https:\/\/itxport.com\/hakkimizda\/#primaryimage\"},\"thumbnailUrl\":\"https:\/\/itxport.com\/wp-content\/uploads\/2026\/01\/itxport-favicon.png\",\"datePublished\":\"2025-08-09T22:56:04+00:00\",\"dateModified\":\"2026-01-04T14:35:31+00:00\",\"breadcrumb\":{\"@id\":\"https:\/\/itxport.com\/hakkimizda\/#breadcrumb\"},\"inLanguage\":\"fr-FR\",\"potentialAction\":[{\"@type\":\"ReadAction\",\"target\":[\"https:\/\/itxport.com\/hakkimizda\/\"]}]},{\"@type\":\"ImageObject\",\"inLanguage\":\"fr-FR\",\"@id\":\"https:\/\/itxport.com\/hakkimizda\/#primaryimage\",\"url\":\"https:\/\/itxport.com\/wp-content\/uploads\/2026\/01\/itxport-favicon.png\",\"contentUrl\":\"https:\/\/itxport.com\/wp-content\/uploads\/2026\/01\/itxport-favicon.png\",\"width\":1024,\"height\":1024},{\"@type\":\"BreadcrumbList\",\"@id\":\"https:\/\/itxport.com\/hakkimizda\/#breadcrumb\",\"itemListElement\":[{\"@type\":\"ListItem\",\"position\":1,\"name\":\"Anasayfa\",\"item\":\"https:\/\/itxport.com\/\"},{\"@type\":\"ListItem\",\"position\":2,\"name\":\"Hakk\u0131m\u0131zda\"}]},{\"@type\":\"WebSite\",\"@id\":\"https:\/\/itxport.com\/#website\",\"url\":\"https:\/\/itxport.com\/\",\"name\":\"IT Export\",\"description\":\"IT Export\",\"potentialAction\":[{\"@type\":\"SearchAction\",\"target\":{\"@type\":\"EntryPoint\",\"urlTemplate\":\"https:\/\/itxport.com\/?s={search_term_string}\"},\"query-input\":{\"@type\":\"PropertyValueSpecification\",\"valueRequired\":true,\"valueName\":\"search_term_string\"}}],\"inLanguage\":\"fr-FR\"}]}<\/script>\n<!-- \/ Yoast SEO plugin. -->","yoast_head_json":{"title":"Hakk\u0131m\u0131zda - IT Export","robots":{"index":"index","follow":"follow","max-snippet":"max-snippet:-1","max-image-preview":"max-image-preview:large","max-video-preview":"max-video-preview:-1"},"canonical":"https:\/\/itxport.com\/fr\/hakkimizda\/","og_locale":"fr_FR","og_type":"article","og_title":"Hakk\u0131m\u0131zda - IT Export","og_description":"Hakk\u0131m\u0131zda Hakk\u0131m\u0131zda IT XPORT, t\u00fcketici ihtiya\u00e7lar\u0131n\u0131 en iyi \u015fekilde analiz eden ve ba\u015far\u0131l\u0131 tasar\u0131mlarla \u00fcr\u00fcn yelpazesini g\u00fcn ge\u00e7tik\u00e7e art\u0131ran bir firmad\u0131r. GEL GEL BALON\u00a0 alan\u0131nda, yirmi y\u0131ll\u0131k bilgi ve tecr\u00fcbesini kalite standartlar\u0131yla yans\u0131tmaktad\u0131r. Her yeni \u00fcr\u00fcn\u00fc, \u00fclkeleraras\u0131 ve ulusal patent kurumlar\u0131nca tescil edilen firmam\u0131z, hem sizin hem de sevdiklerinizin sa\u011fl\u0131\u011f\u0131 i\u00e7in en g\u00fcvenilir malzemeleri kullanmaktad\u0131r. [&hellip;]","og_url":"https:\/\/itxport.com\/fr\/hakkimizda\/","og_site_name":"IT Export","article_modified_time":"2026-01-04T14:35:31+00:00","og_image":[{"width":1024,"height":1024,"url":"https:\/\/itxport.com\/wp-content\/uploads\/2026\/01\/itxport-favicon.png","type":"image\/png"}],"twitter_card":"summary_large_image","twitter_misc":{"Dur\u00e9e de lecture estim\u00e9e":"2 minutes"},"schema":{"@context":"https:\/\/schema.org","@graph":[{"@type":"WebPage","@id":"https:\/\/itxport.com\/hakkimizda\/","url":"https:\/\/itxport.com\/hakkimizda\/","name":"Hakk\u0131m\u0131zda - IT Export","isPartOf":{"@id":"https:\/\/itxport.com\/#website"},"primaryImageOfPage":{"@id":"https:\/\/itxport.com\/hakkimizda\/#primaryimage"},"image":{"@id":"https:\/\/itxport.com\/hakkimizda\/#primaryimage"},"thumbnailUrl":"https:\/\/itxport.com\/wp-content\/uploads\/2026\/01\/itxport-favicon.png","datePublished":"2025-08-09T22:56:04+00:00","dateModified":"2026-01-04T14:35:31+00:00","breadcrumb":{"@id":"https:\/\/itxport.com\/hakkimizda\/#breadcrumb"},"inLanguage":"fr-FR","potentialAction":[{"@type":"ReadAction","target":["https:\/\/itxport.com\/hakkimizda\/"]}]},{"@type":"ImageObject","inLanguage":"fr-FR","@id":"https:\/\/itxport.com\/hakkimizda\/#primaryimage","url":"https:\/\/itxport.com\/wp-content\/uploads\/2026\/01\/itxport-favicon.png","contentUrl":"https:\/\/itxport.com\/wp-content\/uploads\/2026\/01\/itxport-favicon.png","width":1024,"height":1024},{"@type":"BreadcrumbList","@id":"https:\/\/itxport.com\/hakkimizda\/#breadcrumb","itemListElement":[{"@type":"ListItem","position":1,"name":"Anasayfa","item":"https:\/\/itxport.com\/"},{"@type":"ListItem","position":2,"name":"Hakk\u0131m\u0131zda"}]},{"@type":"WebSite","@id":"https:\/\/itxport.com\/#website","url":"https:\/\/itxport.com\/","name":"IT Export","description":"IT Export","potentialAction":[{"@type":"SearchAction","target":{"@type":"EntryPoint","urlTemplate":"https:\/\/itxport.com\/?s={search_term_string}"},"query-input":{"@type":"PropertyValueSpecification","valueRequired":true,"valueName":"search_term_string"}}],"inLanguage":"fr-FR"}]}},"_links":{"self":[{"href":"https:\/\/itxport.com\/fr\/wp-json\/wp\/v2\/pages\/431","targetHints":{"allow":["GET"]}}],"collection":[{"href":"https:\/\/itxport.com\/fr\/wp-json\/wp\/v2\/pages"}],"about":[{"href":"https:\/\/itxport.com\/fr\/wp-json\/wp\/v2\/types\/page"}],"author":[{"embeddable":true,"href":"https:\/\/itxport.com\/fr\/wp-json\/wp\/v2\/users\/1"}],"replies":[{"embeddable":true,"href":"https:\/\/itxport.com\/fr\/wp-json\/wp\/v2\/comments?post=431"}],"version-history":[{"count":14,"href":"https:\/\/itxport.com\/fr\/wp-json\/wp\/v2\/pages\/431\/revisions"}],"predecessor-version":[{"id":824,"href":"https:\/\/itxport.com\/fr\/wp-json\/wp\/v2\/pages\/431\/revisions\/824"}],"wp:featuredmedia":[{"embeddable":true,"href":"https:\/\/itxport.com\/fr\/wp-json\/wp\/v2\/media\/651"}],"wp:attachment":[{"href":"https:\/\/itxport.com\/fr\/wp-json\/wp\/v2\/media?parent=431"}],"curies":[{"name":"wp","href":"https:\/\/api.w.org\/{rel}","templated":true}]}}