{"id":105,"date":"2020-06-24T07:16:32","date_gmt":"2020-06-24T07:16:32","guid":{"rendered":"https:\/\/jupiterx.artbees.net\/accountant\/?page_id=105"},"modified":"2026-01-04T17:37:47","modified_gmt":"2026-01-04T14:37:47","slug":"blog","status":"publish","type":"page","link":"https:\/\/itxport.com\/fr\/blog\/","title":{"rendered":"Blog"},"content":{"rendered":"<div data-elementor-type=\"wp-page\" data-elementor-id=\"105\" class=\"elementor elementor-105\">\n\t\t\t\t<div class=\"elementor-element elementor-element-46e47c9 e-flex e-con-boxed e-con e-parent\" data-id=\"46e47c9\" data-element_type=\"container\" data-settings=\"{&quot;background_background&quot;:&quot;classic&quot;,&quot;jet_parallax_layout_list&quot;:[]}\">\n\t\t\t\t\t<div class=\"e-con-inner\">\n\t\t<div class=\"elementor-element elementor-element-d42e452 e-con-full e-flex e-con e-child\" data-id=\"d42e452\" data-element_type=\"container\" data-settings=\"{&quot;jet_parallax_layout_list&quot;:[]}\">\n\t\t\t\t<div class=\"elementor-element elementor-element-bcf2c65 elementor-widget elementor-widget-heading\" data-id=\"bcf2c65\" data-element_type=\"widget\" data-widget_type=\"heading.default\">\n\t\t\t\t\t<h2 class=\"elementor-heading-title elementor-size-default\">Nos articles de blog<\/h2>\t\t\t\t<\/div>\n\t\t\t\t<\/div>\n\t\t\t\t\t<\/div>\n\t\t\t\t<\/div>\n\t\t<div class=\"elementor-element elementor-element-95e6391 e-flex e-con-boxed elementor-invisible e-con e-parent\" data-id=\"95e6391\" data-element_type=\"container\" data-settings=\"{&quot;jet_parallax_layout_list&quot;:[],&quot;animation&quot;:&quot;fadeInUp&quot;}\">\n\t\t\t\t\t<div class=\"e-con-inner\">\n\t\t<div class=\"elementor-element elementor-element-12b46d6 e-con-full e-flex e-con e-child\" data-id=\"12b46d6\" data-element_type=\"container\" data-settings=\"{&quot;jet_parallax_layout_list&quot;:[]}\">\n\t\t\t\t<div class=\"elementor-element elementor-element-44614b8 elementor-widget elementor-widget-heading\" data-id=\"44614b8\" data-element_type=\"widget\" data-widget_type=\"heading.default\">\n\t\t\t\t\t<h2 class=\"elementor-heading-title elementor-size-default\">Ce que nous avons pr\u00e9par\u00e9 pour vous<\/h2>\t\t\t\t<\/div>\n\t\t\t\t<div class=\"elementor-element elementor-element-d70e010 raven-hover-grayscale raven-button-align-center elementor-widget elementor-widget-raven-posts-carousel\" data-id=\"d70e010\" data-element_type=\"widget\" data-settings=\"{&quot;classic_slides_view&quot;:&quot;4&quot;,&quot;classic_post_image_hover_effect&quot;:&quot;grayscale&quot;,&quot;_skin&quot;:&quot;classic&quot;,&quot;classic_slides_view_tablet&quot;:&quot;2&quot;,&quot;classic_slides_view_mobile&quot;:&quot;1&quot;,&quot;classic_slides_scroll&quot;:&quot;1&quot;,&quot;classic_slides_scroll_tablet&quot;:&quot;1&quot;,&quot;classic_slides_scroll_mobile&quot;:&quot;1&quot;,&quot;classic_transition_speed&quot;:500,&quot;classic_enable_infinite_loop&quot;:&quot;yes&quot;,&quot;classic_show_arrows&quot;:&quot;yes&quot;,&quot;query_offset&quot;:0,&quot;classic_columns_space_between&quot;:{&quot;unit&quot;:&quot;px&quot;,&quot;size&quot;:30,&quot;sizes&quot;:[]},&quot;classic_columns_space_between_tablet&quot;:{&quot;unit&quot;:&quot;px&quot;,&quot;size&quot;:20,&quot;sizes&quot;:[]},&quot;classic_columns_space_between_mobile&quot;:{&quot;unit&quot;:&quot;px&quot;,&quot;size&quot;:10,&quot;sizes&quot;:[]}}\" data-widget_type=\"raven-posts-carousel.classic\">\n\t\t\t\t<div class=\"elementor-widget-container\">\n\t\t\t\t\t\t\t<div class=\"raven-posts-carousel raven-swiper-slider\">\r\n\t\t\t<div class=\"raven-posts-carousel-swiper-container swiper\">\r\n\t\t\t\t<div class=\"swiper-wrapper swiper-columns-4\" data-swiper='{&quot;rtl&quot;:false}'>\r\n\t\t\r\n\t\t<div class=\"swiper-slide\">\r\n\t\t\t<div class=\"raven-post-wrapper\">\r\n\t\t\t\t<div class=\"raven-post\">\r\n\t\t\t\t\t\t\t<div class=\"raven-post-image-wrap\">\r\n\t\t\t<a class=\"raven-post-image raven-image-fit\"  href=\"https:\/\/itxport.com\/fr\/gel-gel-adam-reklam-balonlari-ile-isletmenizi-one-cikarin\/\"><img fetchpriority=\"high\" decoding=\"async\" width=\"1024\" height=\"1024\" src=\"https:\/\/itxport.com\/wp-content\/uploads\/2025\/08\/1.jpg\" class=\"attachment-large size-large wp-image-840\" alt=\"\" srcset=\"https:\/\/itxport.com\/wp-content\/uploads\/2025\/08\/1.jpg 1024w, https:\/\/itxport.com\/wp-content\/uploads\/2025\/08\/1-300x300.jpg 300w, https:\/\/itxport.com\/wp-content\/uploads\/2025\/08\/1-150x150.jpg 150w, https:\/\/itxport.com\/wp-content\/uploads\/2025\/08\/1-768x768.jpg 768w, https:\/\/itxport.com\/wp-content\/uploads\/2025\/08\/1-12x12.jpg 12w, https:\/\/itxport.com\/wp-content\/uploads\/2025\/08\/1-500x500.jpg 500w\" sizes=\"(max-width: 1024px) 100vw, 1024px\" \/> <span class=\"raven-post-image-overlay\"><\/span><\/a>\t\t<\/div>\r\n\t\t\r\n\t\t\t\t\t<div class=\"raven-post-content\">\r\n\t\t\t\t\t\t<h3 class=\"raven-post-title\"><a class=\"raven-post-title-link\" href=\"https:\/\/itxport.com\/fr\/gel-gel-adam-reklam-balonlari-ile-isletmenizi-one-cikarin\/\">Faites ressortir votre entreprise gr\u00e2ce aux ballons publicitaires Gel Gel Adam !<\/a><\/h3><div class=\"raven-post-excerpt\">Faites ressortir votre entreprise gr\u00e2ce aux ballons publicitaires \u00ab\u00a0Come On Man\u00a0\u00bb. Aujourd&#039;hui, l&#039;essentiel pour les entreprises est d&#039;\u00eatre plus visibles que leurs concurrents et d&#039;attirer l&#039;attention des clients potentiels en quelques secondes. C&#039;est particuli\u00e8rement vrai pour les commerces de centre-ville.<\/div>\t\t<div class=\"raven-post-read-more\">\r\n\t\t\t<a class=\"raven-post-button\" href=\"https:\/\/itxport.com\/fr\/gel-gel-adam-reklam-balonlari-ile-isletmenizi-one-cikarin\/\"><span class=\"raven-post-button-text\">En savoir plus<\/span><\/a>\r\n\t\t<\/div>\r\n\t\t\t\t\t\t\t<\/div>\r\n\t\t\t\t<\/div>\r\n\t\t\t<\/div>\r\n\t\t<\/div>\r\n\t\t\r\n\t\t<div class=\"swiper-slide\">\r\n\t\t\t<div class=\"raven-post-wrapper\">\r\n\t\t\t\t<div class=\"raven-post\">\r\n\t\t\t\t\t\t\t<div class=\"raven-post-image-wrap\">\r\n\t\t\t<a class=\"raven-post-image raven-image-fit\"  href=\"https:\/\/itxport.com\/fr\/sisme-reklam-balonlari-ile-satislarinizi-artirin\/\"><img decoding=\"async\" width=\"1024\" height=\"1024\" src=\"https:\/\/itxport.com\/wp-content\/uploads\/2025\/08\/2.jpg\" class=\"attachment-large size-large wp-image-842\" alt=\"\" srcset=\"https:\/\/itxport.com\/wp-content\/uploads\/2025\/08\/2.jpg 1024w, https:\/\/itxport.com\/wp-content\/uploads\/2025\/08\/2-300x300.jpg 300w, https:\/\/itxport.com\/wp-content\/uploads\/2025\/08\/2-150x150.jpg 150w, https:\/\/itxport.com\/wp-content\/uploads\/2025\/08\/2-768x768.jpg 768w, https:\/\/itxport.com\/wp-content\/uploads\/2025\/08\/2-12x12.jpg 12w, https:\/\/itxport.com\/wp-content\/uploads\/2025\/08\/2-500x500.jpg 500w\" sizes=\"(max-width: 1024px) 100vw, 1024px\" \/> <span class=\"raven-post-image-overlay\"><\/span><\/a>\t\t<\/div>\r\n\t\t\r\n\t\t\t\t\t<div class=\"raven-post-content\">\r\n\t\t\t\t\t\t<h3 class=\"raven-post-title\"><a class=\"raven-post-title-link\" href=\"https:\/\/itxport.com\/fr\/sisme-reklam-balonlari-ile-satislarinizi-artirin\/\">Boostez vos ventes gr\u00e2ce aux ballons publicitaires gonflables.<\/a><\/h3><div class=\"raven-post-excerpt\">Boostez vos ventes gr\u00e2ce aux ballons publicitaires gonflables. Dans le monde des affaires concurrentiel d&#039;aujourd&#039;hui, le plus grand d\u00e9fi pour les entreprises est de capter l&#039;attention du client au bon moment. Il s&#039;agit qu&#039;un passant vous remarque, entre dans votre magasin et\u2026<\/div>\t\t<div class=\"raven-post-read-more\">\r\n\t\t\t<a class=\"raven-post-button\" href=\"https:\/\/itxport.com\/fr\/sisme-reklam-balonlari-ile-satislarinizi-artirin\/\"><span class=\"raven-post-button-text\">En savoir plus<\/span><\/a>\r\n\t\t<\/div>\r\n\t\t\t\t\t\t\t<\/div>\r\n\t\t\t\t<\/div>\r\n\t\t\t<\/div>\r\n\t\t<\/div>\r\n\t\t\r\n\t\t<div class=\"swiper-slide\">\r\n\t\t\t<div class=\"raven-post-wrapper\">\r\n\t\t\t\t<div class=\"raven-post\">\r\n\t\t\t\t\t\t\t<div class=\"raven-post-image-wrap\">\r\n\t\t\t<a class=\"raven-post-image raven-image-fit\"  href=\"https:\/\/itxport.com\/fr\/sisme-reklam-balonlari-ile-markanizi-her-yerden-gorunur-kilin\/\"><img decoding=\"async\" width=\"1024\" height=\"1024\" src=\"https:\/\/itxport.com\/wp-content\/uploads\/2025\/08\/3-2.jpg\" class=\"attachment-large size-large wp-image-843\" alt=\"\" srcset=\"https:\/\/itxport.com\/wp-content\/uploads\/2025\/08\/3-2.jpg 1024w, https:\/\/itxport.com\/wp-content\/uploads\/2025\/08\/3-2-300x300.jpg 300w, https:\/\/itxport.com\/wp-content\/uploads\/2025\/08\/3-2-150x150.jpg 150w, https:\/\/itxport.com\/wp-content\/uploads\/2025\/08\/3-2-768x768.jpg 768w, https:\/\/itxport.com\/wp-content\/uploads\/2025\/08\/3-2-12x12.jpg 12w, https:\/\/itxport.com\/wp-content\/uploads\/2025\/08\/3-2-500x500.jpg 500w\" sizes=\"(max-width: 1024px) 100vw, 1024px\" \/> <span class=\"raven-post-image-overlay\"><\/span><\/a>\t\t<\/div>\r\n\t\t\r\n\t\t\t\t\t<div class=\"raven-post-content\">\r\n\t\t\t\t\t\t<h3 class=\"raven-post-title\"><a class=\"raven-post-title-link\" href=\"https:\/\/itxport.com\/fr\/sisme-reklam-balonlari-ile-markanizi-her-yerden-gorunur-kilin\/\">Rendez votre marque visible partout gr\u00e2ce aux ballons publicitaires gonflables.<\/a><\/h3><div class=\"raven-post-excerpt\">Rendez votre marque visible de partout gr\u00e2ce aux ballons publicitaires gonflables. Dans un monde commercial de plus en plus concurrentiel, la visibilit\u00e9 et la m\u00e9morisation sont essentielles pour les entreprises. Des milliers de personnes passant devant votre magasin\u2026<\/div>\t\t<div class=\"raven-post-read-more\">\r\n\t\t\t<a class=\"raven-post-button\" href=\"https:\/\/itxport.com\/fr\/sisme-reklam-balonlari-ile-markanizi-her-yerden-gorunur-kilin\/\"><span class=\"raven-post-button-text\">En savoir plus<\/span><\/a>\r\n\t\t<\/div>\r\n\t\t\t\t\t\t\t<\/div>\r\n\t\t\t\t<\/div>\r\n\t\t\t<\/div>\r\n\t\t<\/div>\r\n\t\t\r\n\t\t<div class=\"swiper-slide\">\r\n\t\t\t<div class=\"raven-post-wrapper\">\r\n\t\t\t\t<div class=\"raven-post\">\r\n\t\t\t\t\t\t\t<div class=\"raven-post-image-wrap\">\r\n\t\t\t<a class=\"raven-post-image raven-image-fit\"  href=\"https:\/\/itxport.com\/fr\/acik-hava-reklamlarinda-sisme-balonlarin-gucu\/\"><img loading=\"lazy\" decoding=\"async\" width=\"1024\" height=\"1024\" src=\"https:\/\/itxport.com\/wp-content\/uploads\/2025\/08\/3.jpg\" class=\"attachment-large size-large wp-image-844\" alt=\"\" srcset=\"https:\/\/itxport.com\/wp-content\/uploads\/2025\/08\/3.jpg 1024w, https:\/\/itxport.com\/wp-content\/uploads\/2025\/08\/3-300x300.jpg 300w, https:\/\/itxport.com\/wp-content\/uploads\/2025\/08\/3-150x150.jpg 150w, https:\/\/itxport.com\/wp-content\/uploads\/2025\/08\/3-768x768.jpg 768w, https:\/\/itxport.com\/wp-content\/uploads\/2025\/08\/3-12x12.jpg 12w, https:\/\/itxport.com\/wp-content\/uploads\/2025\/08\/3-500x500.jpg 500w\" sizes=\"(max-width: 1024px) 100vw, 1024px\" \/> <span class=\"raven-post-image-overlay\"><\/span><\/a>\t\t<\/div>\r\n\t\t\r\n\t\t\t\t\t<div class=\"raven-post-content\">\r\n\t\t\t\t\t\t<h3 class=\"raven-post-title\"><a class=\"raven-post-title-link\" href=\"https:\/\/itxport.com\/fr\/acik-hava-reklamlarinda-sisme-balonlarin-gucu\/\">Le pouvoir des ballons gonflables dans la publicit\u00e9 ext\u00e9rieure<\/a><\/h3><div class=\"raven-post-excerpt\">Le pouvoir des ballons gonflables dans la publicit\u00e9 ext\u00e9rieure\u00a0: La publicit\u00e9 ext\u00e9rieure est l\u2019un des domaines o\u00f9 les marques sont remarqu\u00e9es le plus rapidement et ont le plus grand impact. Cependant, chaque panneau, chaque affiche, chaque affiche publicitaire\u2026<\/div>\t\t<div class=\"raven-post-read-more\">\r\n\t\t\t<a class=\"raven-post-button\" href=\"https:\/\/itxport.com\/fr\/acik-hava-reklamlarinda-sisme-balonlarin-gucu\/\"><span class=\"raven-post-button-text\">En savoir plus<\/span><\/a>\r\n\t\t<\/div>\r\n\t\t\t\t\t\t\t<\/div>\r\n\t\t\t\t<\/div>\r\n\t\t\t<\/div>\r\n\t\t<\/div>\r\n\t\t\r\n\t\t<div class=\"swiper-slide\">\r\n\t\t\t<div class=\"raven-post-wrapper\">\r\n\t\t\t\t<div class=\"raven-post\">\r\n\t\t\t\t\t\t\t<div class=\"raven-post-image-wrap\">\r\n\t\t\t<a class=\"raven-post-image raven-image-fit\"  href=\"https:\/\/itxport.com\/fr\/isletmenizi-kalabaliktan-ayiran-reklam-gel-gel-adam-balonlari\/\"><img loading=\"lazy\" decoding=\"async\" width=\"1024\" height=\"1024\" src=\"https:\/\/itxport.com\/wp-content\/uploads\/2025\/08\/4-2.jpg\" class=\"attachment-large size-large wp-image-845\" alt=\"\" srcset=\"https:\/\/itxport.com\/wp-content\/uploads\/2025\/08\/4-2.jpg 1024w, https:\/\/itxport.com\/wp-content\/uploads\/2025\/08\/4-2-300x300.jpg 300w, https:\/\/itxport.com\/wp-content\/uploads\/2025\/08\/4-2-150x150.jpg 150w, https:\/\/itxport.com\/wp-content\/uploads\/2025\/08\/4-2-768x768.jpg 768w, https:\/\/itxport.com\/wp-content\/uploads\/2025\/08\/4-2-12x12.jpg 12w, https:\/\/itxport.com\/wp-content\/uploads\/2025\/08\/4-2-500x500.jpg 500w\" sizes=\"(max-width: 1024px) 100vw, 1024px\" \/> <span class=\"raven-post-image-overlay\"><\/span><\/a>\t\t<\/div>\r\n\t\t\r\n\t\t\t\t\t<div class=\"raven-post-content\">\r\n\t\t\t\t\t\t<h3 class=\"raven-post-title\"><a class=\"raven-post-title-link\" href=\"https:\/\/itxport.com\/fr\/isletmenizi-kalabaliktan-ayiran-reklam-gel-gel-adam-balonlari\/\">Une publicit\u00e9 qui distingue votre entreprise de la concurrence\u00a0: Ballons \u00ab\u00a0Viens ici, homme\u00a0\u00bb<\/a><\/h3><div class=\"raven-post-excerpt\">La publicit\u00e9 qui vous d\u00e9marque : Come Here Man Balloons. Aujourd&#039;hui, le plus grand d\u00e9fi pour une entreprise est de se faire remarquer. Avec des dizaines de boutiques dans une m\u00eame rue et des centaines d&#039;enseignes sur une m\u00eame avenue, il est crucial que les clients vous remarquent.<\/div>\t\t<div class=\"raven-post-read-more\">\r\n\t\t\t<a class=\"raven-post-button\" href=\"https:\/\/itxport.com\/fr\/isletmenizi-kalabaliktan-ayiran-reklam-gel-gel-adam-balonlari\/\"><span class=\"raven-post-button-text\">En savoir plus<\/span><\/a>\r\n\t\t<\/div>\r\n\t\t\t\t\t\t\t<\/div>\r\n\t\t\t\t<\/div>\r\n\t\t\t<\/div>\r\n\t\t<\/div>\r\n\t\t\r\n\t\t<div class=\"swiper-slide\">\r\n\t\t\t<div class=\"raven-post-wrapper\">\r\n\t\t\t\t<div class=\"raven-post\">\r\n\t\t\t\t\t\t\t<div class=\"raven-post-image-wrap\">\r\n\t\t\t<a class=\"raven-post-image raven-image-fit\"  href=\"https:\/\/itxport.com\/fr\/sisme-reklam-balonlari-ile-magazanizin-onunu-musteriyle-doldurun\/\"><img loading=\"lazy\" decoding=\"async\" width=\"1024\" height=\"1024\" src=\"https:\/\/itxport.com\/wp-content\/uploads\/2025\/08\/4.jpg\" class=\"attachment-large size-large wp-image-846\" alt=\"\" srcset=\"https:\/\/itxport.com\/wp-content\/uploads\/2025\/08\/4.jpg 1024w, https:\/\/itxport.com\/wp-content\/uploads\/2025\/08\/4-300x300.jpg 300w, https:\/\/itxport.com\/wp-content\/uploads\/2025\/08\/4-150x150.jpg 150w, https:\/\/itxport.com\/wp-content\/uploads\/2025\/08\/4-768x768.jpg 768w, https:\/\/itxport.com\/wp-content\/uploads\/2025\/08\/4-12x12.jpg 12w, https:\/\/itxport.com\/wp-content\/uploads\/2025\/08\/4-500x500.jpg 500w\" sizes=\"(max-width: 1024px) 100vw, 1024px\" \/> <span class=\"raven-post-image-overlay\"><\/span><\/a>\t\t<\/div>\r\n\t\t\r\n\t\t\t\t\t<div class=\"raven-post-content\">\r\n\t\t\t\t\t\t<h3 class=\"raven-post-title\"><a class=\"raven-post-title-link\" href=\"https:\/\/itxport.com\/fr\/sisme-reklam-balonlari-ile-magazanizin-onunu-musteriyle-doldurun\/\">Remplissez l&#039;espace devant votre magasin de clients gr\u00e2ce \u00e0 des ballons publicitaires gonflables.<\/a><\/h3><div class=\"raven-post-excerpt\">Attirez les clients dans votre magasin gr\u00e2ce \u00e0 des ballons publicitaires gonflables. Le succ\u00e8s d&#039;une entreprise d\u00e9pend non seulement des produits ou services qu&#039;elle propose, mais aussi de sa visibilit\u00e9. Aujourd&#039;hui, nous sommes expos\u00e9s \u00e0 des centaines de publicit\u00e9s chaque jour.<\/div>\t\t<div class=\"raven-post-read-more\">\r\n\t\t\t<a class=\"raven-post-button\" href=\"https:\/\/itxport.com\/fr\/sisme-reklam-balonlari-ile-magazanizin-onunu-musteriyle-doldurun\/\"><span class=\"raven-post-button-text\">En savoir plus<\/span><\/a>\r\n\t\t<\/div>\r\n\t\t\t\t\t\t\t<\/div>\r\n\t\t\t\t<\/div>\r\n\t\t\t<\/div>\r\n\t\t<\/div>\r\n\t\t\t\t\t\t<\/div>\r\n\t\t<div class=\"swiper-pagination swiper-pager-outside bullets-pagination-type\"><\/div>\r\n\t\t<\/div>\r\n\r\n\t\t\t\t\t\t\t<div class=\"swiper-button-prev\"><\/div>\r\n\t\t\t\t<div class=\"swiper-button-next\"><\/div>\r\n\t\t\t\r\n\t\t<\/div>\r\n\t\t\t\t\t\t<\/div>\n\t\t\t\t<\/div>\n\t\t\t\t<\/div>\n\t\t\t\t\t<\/div>\n\t\t\t\t<\/div>\n\t\t\t\t<\/div>","protected":false},"excerpt":{"rendered":"<p>Blog Yaz\u0131lar\u0131m\u0131z Sizin \u0130\u00e7in Haz\u0131rlad\u0131klar\u0131m\u0131z Test Blog Yaz\u0131s\u0131 Ba\u015fl\u0131\u011f\u0131 Lorem ipsum dolor sit amet, consectetur adipiscing elit. Ut elit tellus, luctus nec ullamcorper mattis, pulvinar dapibus leo.Lorem ipsum dolor sit amet, consectetur adipiscing elit. Ut elit tellus, luctus nec Devam\u0131n\u0131 Oku Test Blog Yaz\u0131s\u0131 Ba\u015fl\u0131\u011f\u0131 Lorem ipsum dolor sit amet, consectetur adipiscing elit. Ut elit [&hellip;]<\/p>","protected":false},"author":1,"featured_media":651,"parent":0,"menu_order":0,"comment_status":"closed","ping_status":"closed","template":"elementor_header_footer","meta":{"_acf_changed":false,"footnotes":""},"class_list":["post-105","page","type-page","status-publish","has-post-thumbnail","hentry"],"acf":[],"yoast_head":"<!-- This site is optimized with the Yoast SEO plugin v25.6 - https:\/\/yoast.com\/wordpress\/plugins\/seo\/ -->\n<title>Blog<\/title>\n<meta name=\"robots\" content=\"index, follow, max-snippet:-1, max-image-preview:large, max-video-preview:-1\" \/>\n<link rel=\"canonical\" href=\"https:\/\/itxport.com\/fr\/blog\/\" \/>\n<meta property=\"og:locale\" content=\"fr_FR\" \/>\n<meta property=\"og:type\" content=\"article\" \/>\n<meta property=\"og:title\" content=\"Blog\" \/>\n<meta property=\"og:description\" content=\"Blog Yaz\u0131lar\u0131m\u0131z Sizin \u0130\u00e7in Haz\u0131rlad\u0131klar\u0131m\u0131z Test Blog Yaz\u0131s\u0131 Ba\u015fl\u0131\u011f\u0131 Lorem ipsum dolor sit amet, consectetur adipiscing elit. Ut elit tellus, luctus nec ullamcorper mattis, pulvinar dapibus leo.Lorem ipsum dolor sit amet, consectetur adipiscing elit. Ut elit tellus, luctus nec Devam\u0131n\u0131 Oku Test Blog Yaz\u0131s\u0131 Ba\u015fl\u0131\u011f\u0131 Lorem ipsum dolor sit amet, consectetur adipiscing elit. Ut elit [&hellip;]\" \/>\n<meta property=\"og:url\" content=\"https:\/\/itxport.com\/fr\/blog\/\" \/>\n<meta property=\"og:site_name\" content=\"IT Export\" \/>\n<meta property=\"article:modified_time\" content=\"2026-01-04T14:37:47+00:00\" \/>\n<meta property=\"og:image\" content=\"https:\/\/itxport.com\/wp-content\/uploads\/2026\/01\/itxport-favicon.png\" \/>\n\t<meta property=\"og:image:width\" content=\"1024\" \/>\n\t<meta property=\"og:image:height\" content=\"1024\" \/>\n\t<meta property=\"og:image:type\" content=\"image\/png\" \/>\n<meta name=\"twitter:card\" content=\"summary_large_image\" \/>\n<meta name=\"twitter:label1\" content=\"Dur\u00e9e de lecture estim\u00e9e\" \/>\n\t<meta name=\"twitter:data1\" content=\"6 minutes\" \/>\n<script type=\"application\/ld+json\" class=\"yoast-schema-graph\">{\"@context\":\"https:\/\/schema.org\",\"@graph\":[{\"@type\":\"WebPage\",\"@id\":\"https:\/\/itxport.com\/blog\/\",\"url\":\"https:\/\/itxport.com\/blog\/\",\"name\":\"Blog\",\"isPartOf\":{\"@id\":\"https:\/\/itxport.com\/#website\"},\"primaryImageOfPage\":{\"@id\":\"https:\/\/itxport.com\/blog\/#primaryimage\"},\"image\":{\"@id\":\"https:\/\/itxport.com\/blog\/#primaryimage\"},\"thumbnailUrl\":\"https:\/\/itxport.com\/wp-content\/uploads\/2026\/01\/itxport-favicon.png\",\"datePublished\":\"2020-06-24T07:16:32+00:00\",\"dateModified\":\"2026-01-04T14:37:47+00:00\",\"breadcrumb\":{\"@id\":\"https:\/\/itxport.com\/blog\/#breadcrumb\"},\"inLanguage\":\"fr-FR\",\"potentialAction\":[{\"@type\":\"ReadAction\",\"target\":[\"https:\/\/itxport.com\/blog\/\"]}]},{\"@type\":\"ImageObject\",\"inLanguage\":\"fr-FR\",\"@id\":\"https:\/\/itxport.com\/blog\/#primaryimage\",\"url\":\"https:\/\/itxport.com\/wp-content\/uploads\/2026\/01\/itxport-favicon.png\",\"contentUrl\":\"https:\/\/itxport.com\/wp-content\/uploads\/2026\/01\/itxport-favicon.png\",\"width\":1024,\"height\":1024},{\"@type\":\"BreadcrumbList\",\"@id\":\"https:\/\/itxport.com\/blog\/#breadcrumb\",\"itemListElement\":[{\"@type\":\"ListItem\",\"position\":1,\"name\":\"Anasayfa\",\"item\":\"https:\/\/itxport.com\/\"},{\"@type\":\"ListItem\",\"position\":2,\"name\":\"Blog\"}]},{\"@type\":\"WebSite\",\"@id\":\"https:\/\/itxport.com\/#website\",\"url\":\"https:\/\/itxport.com\/\",\"name\":\"IT Export\",\"description\":\"IT Export\",\"potentialAction\":[{\"@type\":\"SearchAction\",\"target\":{\"@type\":\"EntryPoint\",\"urlTemplate\":\"https:\/\/itxport.com\/?s={search_term_string}\"},\"query-input\":{\"@type\":\"PropertyValueSpecification\",\"valueRequired\":true,\"valueName\":\"search_term_string\"}}],\"inLanguage\":\"fr-FR\"}]}<\/script>\n<!-- \/ Yoast SEO plugin. -->","yoast_head_json":{"title":"Blog","robots":{"index":"index","follow":"follow","max-snippet":"max-snippet:-1","max-image-preview":"max-image-preview:large","max-video-preview":"max-video-preview:-1"},"canonical":"https:\/\/itxport.com\/fr\/blog\/","og_locale":"fr_FR","og_type":"article","og_title":"Blog","og_description":"Blog Yaz\u0131lar\u0131m\u0131z Sizin \u0130\u00e7in Haz\u0131rlad\u0131klar\u0131m\u0131z Test Blog Yaz\u0131s\u0131 Ba\u015fl\u0131\u011f\u0131 Lorem ipsum dolor sit amet, consectetur adipiscing elit. Ut elit tellus, luctus nec ullamcorper mattis, pulvinar dapibus leo.Lorem ipsum dolor sit amet, consectetur adipiscing elit. Ut elit tellus, luctus nec Devam\u0131n\u0131 Oku Test Blog Yaz\u0131s\u0131 Ba\u015fl\u0131\u011f\u0131 Lorem ipsum dolor sit amet, consectetur adipiscing elit. Ut elit [&hellip;]","og_url":"https:\/\/itxport.com\/fr\/blog\/","og_site_name":"IT Export","article_modified_time":"2026-01-04T14:37:47+00:00","og_image":[{"width":1024,"height":1024,"url":"https:\/\/itxport.com\/wp-content\/uploads\/2026\/01\/itxport-favicon.png","type":"image\/png"}],"twitter_card":"summary_large_image","twitter_misc":{"Dur\u00e9e de lecture estim\u00e9e":"6 minutes"},"schema":{"@context":"https:\/\/schema.org","@graph":[{"@type":"WebPage","@id":"https:\/\/itxport.com\/blog\/","url":"https:\/\/itxport.com\/blog\/","name":"Blog","isPartOf":{"@id":"https:\/\/itxport.com\/#website"},"primaryImageOfPage":{"@id":"https:\/\/itxport.com\/blog\/#primaryimage"},"image":{"@id":"https:\/\/itxport.com\/blog\/#primaryimage"},"thumbnailUrl":"https:\/\/itxport.com\/wp-content\/uploads\/2026\/01\/itxport-favicon.png","datePublished":"2020-06-24T07:16:32+00:00","dateModified":"2026-01-04T14:37:47+00:00","breadcrumb":{"@id":"https:\/\/itxport.com\/blog\/#breadcrumb"},"inLanguage":"fr-FR","potentialAction":[{"@type":"ReadAction","target":["https:\/\/itxport.com\/blog\/"]}]},{"@type":"ImageObject","inLanguage":"fr-FR","@id":"https:\/\/itxport.com\/blog\/#primaryimage","url":"https:\/\/itxport.com\/wp-content\/uploads\/2026\/01\/itxport-favicon.png","contentUrl":"https:\/\/itxport.com\/wp-content\/uploads\/2026\/01\/itxport-favicon.png","width":1024,"height":1024},{"@type":"BreadcrumbList","@id":"https:\/\/itxport.com\/blog\/#breadcrumb","itemListElement":[{"@type":"ListItem","position":1,"name":"Anasayfa","item":"https:\/\/itxport.com\/"},{"@type":"ListItem","position":2,"name":"Blog"}]},{"@type":"WebSite","@id":"https:\/\/itxport.com\/#website","url":"https:\/\/itxport.com\/","name":"IT Export","description":"IT Export","potentialAction":[{"@type":"SearchAction","target":{"@type":"EntryPoint","urlTemplate":"https:\/\/itxport.com\/?s={search_term_string}"},"query-input":{"@type":"PropertyValueSpecification","valueRequired":true,"valueName":"search_term_string"}}],"inLanguage":"fr-FR"}]}},"_links":{"self":[{"href":"https:\/\/itxport.com\/fr\/wp-json\/wp\/v2\/pages\/105","targetHints":{"allow":["GET"]}}],"collection":[{"href":"https:\/\/itxport.com\/fr\/wp-json\/wp\/v2\/pages"}],"about":[{"href":"https:\/\/itxport.com\/fr\/wp-json\/wp\/v2\/types\/page"}],"author":[{"embeddable":true,"href":"https:\/\/itxport.com\/fr\/wp-json\/wp\/v2\/users\/1"}],"replies":[{"embeddable":true,"href":"https:\/\/itxport.com\/fr\/wp-json\/wp\/v2\/comments?post=105"}],"version-history":[{"count":9,"href":"https:\/\/itxport.com\/fr\/wp-json\/wp\/v2\/pages\/105\/revisions"}],"predecessor-version":[{"id":836,"href":"https:\/\/itxport.com\/fr\/wp-json\/wp\/v2\/pages\/105\/revisions\/836"}],"wp:featuredmedia":[{"embeddable":true,"href":"https:\/\/itxport.com\/fr\/wp-json\/wp\/v2\/media\/651"}],"wp:attachment":[{"href":"https:\/\/itxport.com\/fr\/wp-json\/wp\/v2\/media?parent=105"}],"curies":[{"name":"wp","href":"https:\/\/api.w.org\/{rel}","templated":true}]}}