{"id":431,"date":"2025-08-10T01:56:04","date_gmt":"2025-08-09T22:56:04","guid":{"rendered":"https:\/\/itxport.com\/?page_id=431"},"modified":"2026-01-04T17:35:31","modified_gmt":"2026-01-04T14:35:31","slug":"hakkimizda","status":"publish","type":"page","link":"https:\/\/itxport.com\/de\/hakkimizda\/","title":{"rendered":"\u00dcber uns"},"content":{"rendered":"<div data-elementor-type=\"wp-page\" data-elementor-id=\"431\" class=\"elementor elementor-431\">\n\t\t\t\t<div class=\"elementor-element elementor-element-b11bf9e e-flex e-con-boxed e-con e-parent\" data-id=\"b11bf9e\" data-element_type=\"container\" data-settings=\"{&quot;background_background&quot;:&quot;classic&quot;,&quot;jet_parallax_layout_list&quot;:[]}\">\n\t\t\t\t\t<div class=\"e-con-inner\">\n\t\t<div class=\"elementor-element elementor-element-58e35d7 e-con-full e-flex e-con e-child\" data-id=\"58e35d7\" data-element_type=\"container\" data-settings=\"{&quot;jet_parallax_layout_list&quot;:[]}\">\n\t\t\t\t<div class=\"elementor-element elementor-element-a1c2924 elementor-widget elementor-widget-heading\" data-id=\"a1c2924\" data-element_type=\"widget\" data-widget_type=\"heading.default\">\n\t\t\t\t\t<h2 class=\"elementor-heading-title elementor-size-default\">\u00dcber uns<\/h2>\t\t\t\t<\/div>\n\t\t\t\t<\/div>\n\t\t\t\t\t<\/div>\n\t\t\t\t<\/div>\n\t\t<div class=\"elementor-element elementor-element-e88d9fa e-flex e-con-boxed elementor-invisible e-con e-parent\" data-id=\"e88d9fa\" data-element_type=\"container\" data-settings=\"{&quot;jet_parallax_layout_list&quot;:[],&quot;animation&quot;:&quot;fadeInUp&quot;}\">\n\t\t\t\t\t<div class=\"e-con-inner\">\n\t\t<div class=\"elementor-element elementor-element-87e48bf e-con-full e-flex e-con e-child\" data-id=\"87e48bf\" data-element_type=\"container\" data-settings=\"{&quot;jet_parallax_layout_list&quot;:[]}\">\n\t\t\t\t<div class=\"elementor-element elementor-element-f8a3c52 elementor-widget elementor-widget-heading\" data-id=\"f8a3c52\" data-element_type=\"widget\" data-widget_type=\"heading.default\">\n\t\t\t\t\t<h2 class=\"elementor-heading-title elementor-size-default\">\u00dcber uns<\/h2>\t\t\t\t<\/div>\n\t\t\t\t<div class=\"elementor-element elementor-element-a49b59b elementor-widget elementor-widget-text-editor\" data-id=\"a49b59b\" data-element_type=\"widget\" data-widget_type=\"text-editor.default\">\n\t\t\t\t\t\t\t\t\t<p>IT XPORT analysiert die Bed\u00fcrfnisse der Verbraucher optimal und erweitert sein Produktsortiment kontinuierlich mit erfolgreichen Designs. Im Bereich der Gelballons spiegelt sich die zwanzigj\u00e4hrige Erfahrung und Expertise in h\u00f6chsten Qualit\u00e4tsstandards wider. Jedes neue Produkt unseres Unternehmens, das bei internationalen und nationalen Patent\u00e4mtern registriert ist, verwendet ausschlie\u00dflich bew\u00e4hrte Materialien f\u00fcr Ihre Gesundheit und die Ihrer Lieben.<\/p><p>GEL-Werbeballons sind heutzutage in vielen Bereichen anzutreffen. Der Unterschied zu den hochwertigen Produkten von IT XPORT ist jedoch sofort erkennbar. Unser Ziel war von Anfang an, Marktf\u00fchrer in der Branche zu werden. Dank unserer patentierten Produkte bleiben wir auch heute noch am Puls der Zeit und setzen mit innovativen Designs neue Ma\u00dfst\u00e4be. Wir analysieren Ihre Bed\u00fcrfnisse sorgf\u00e4ltig und bieten Ihnen vielf\u00e4ltige Vorschl\u00e4ge f\u00fcr aufblasbare Werbemittel.<\/p><p>Durch die konsequente Einhaltung h\u00f6chster Qualit\u00e4tsstandards erf\u00fcllen wir Ihre Erwartungen mit wettbewerbsf\u00e4higen Produkten und beschleunigen das Wachstum der Branche. Mit unserer steigenden Produktionskapazit\u00e4t tragen wir zu unserem Ziel bei, einen Beitrag zur Entwicklung unseres Landes zu leisten, und arbeiten mit Leidenschaft. Wir erh\u00f6hen kontinuierlich unsere Investitionen in Forschung und Entwicklung und verfolgen dabei stets eine zukunftsorientierte Vision. Unser Unternehmen, das seine erfolgreiche Arbeit mit der Mission fortsetzt, nicht nur Produkte, sondern Qualit\u00e4tsprodukte herzustellen, wird auch weiterhin Ihre Bed\u00fcrfnisse pr\u00e4zise erf\u00fcllen und die Branche anf\u00fchren.<\/p>\t\t\t\t\t\t\t\t<\/div>\n\t\t\t\t<\/div>\n\t\t<div class=\"elementor-element elementor-element-f754e4c e-con-full e-flex e-con e-child\" data-id=\"f754e4c\" data-element_type=\"container\" data-settings=\"{&quot;jet_parallax_layout_list&quot;:[]}\">\n\t\t\t\t<div class=\"elementor-element elementor-element-25bdb1c elementor-widget elementor-widget-image\" data-id=\"25bdb1c\" data-element_type=\"widget\" data-widget_type=\"image.default\">\n\t\t\t\t\t\t\t\t\t\t\t\t\t\t\t<img fetchpriority=\"high\" decoding=\"async\" width=\"765\" height=\"535\" src=\"https:\/\/itxport.com\/wp-content\/uploads\/2026\/01\/Adsiz-tasarim-1.png\" class=\"attachment-large size-large wp-image-682\" alt=\"\" srcset=\"https:\/\/itxport.com\/wp-content\/uploads\/2026\/01\/Adsiz-tasarim-1.png 765w, https:\/\/itxport.com\/wp-content\/uploads\/2026\/01\/Adsiz-tasarim-1-300x210.png 300w, https:\/\/itxport.com\/wp-content\/uploads\/2026\/01\/Adsiz-tasarim-1-18x12.png 18w\" sizes=\"(max-width: 765px) 100vw, 765px\" \/>\t\t\t\t\t\t\t\t\t\t\t\t\t\t\t<\/div>\n\t\t\t\t<\/div>\n\t\t\t\t\t<\/div>\n\t\t\t\t<\/div>\n\t\t<div class=\"elementor-element elementor-element-bd77be3 e-flex e-con-boxed elementor-invisible e-con e-parent\" data-id=\"bd77be3\" data-element_type=\"container\" data-settings=\"{&quot;background_background&quot;:&quot;classic&quot;,&quot;jet_parallax_layout_list&quot;:[],&quot;animation&quot;:&quot;fadeInUp&quot;}\">\n\t\t\t\t\t<div class=\"e-con-inner\">\n\t\t<div class=\"elementor-element elementor-element-76513e5 e-con-full e-flex e-con e-child\" data-id=\"76513e5\" data-element_type=\"container\" data-settings=\"{&quot;jet_parallax_layout_list&quot;:[]}\">\n\t\t\t\t<div class=\"elementor-element elementor-element-3c9f1de elementor-widget elementor-widget-heading\" data-id=\"3c9f1de\" data-element_type=\"widget\" data-widget_type=\"heading.default\">\n\t\t\t\t\t<h2 class=\"elementor-heading-title elementor-size-default\">Unsere Mission<\/h2>\t\t\t\t<\/div>\n\t\t\t\t<div class=\"elementor-element elementor-element-19262aa elementor-widget elementor-widget-text-editor\" data-id=\"19262aa\" data-element_type=\"widget\" data-widget_type=\"text-editor.default\">\n\t\t\t\t\t\t\t\t\t<p>Unser Ziel ist es, aufblasbare Werbel\u00f6sungen zu entwickeln, die die Sichtbarkeit von Unternehmen erh\u00f6hen, jedem Kunden qualitativ hochwertige, langlebige und effektive Produkte bieten und ein zuverl\u00e4ssiger Werbepartner sein, der Marken dabei hilft, sich im Markt st\u00e4rker hervorzuheben.<\/p>\t\t\t\t\t\t\t\t<\/div>\n\t\t\t\t<\/div>\n\t\t<div class=\"elementor-element elementor-element-55dc914 e-con-full e-flex e-con e-child\" data-id=\"55dc914\" data-element_type=\"container\" data-settings=\"{&quot;jet_parallax_layout_list&quot;:[]}\">\n\t\t\t\t<div class=\"elementor-element elementor-element-fd6db5a elementor-widget elementor-widget-heading\" data-id=\"fd6db5a\" data-element_type=\"widget\" data-widget_type=\"heading.default\">\n\t\t\t\t\t<h2 class=\"elementor-heading-title elementor-size-default\">Unsere Vision<\/h2>\t\t\t\t<\/div>\n\t\t\t\t<div class=\"elementor-element elementor-element-7c168ba elementor-widget elementor-widget-text-editor\" data-id=\"7c168ba\" data-element_type=\"widget\" data-widget_type=\"text-editor.default\">\n\t\t\t\t\t\t\t\t\t<p>Unser Ziel ist es, eine f\u00fchrende Marke f\u00fcr aufblasbare Werbe- und visuelle Promotionsl\u00f6sungen in der T\u00fcrkei und auf internationalen M\u00e4rkten zu werden und mit unseren innovativen Designs und unserer Produktionsqualit\u00e4t ein Ma\u00dfstab in der Branche zu sein.<\/p>\t\t\t\t\t\t\t\t<\/div>\n\t\t\t\t<\/div>\n\t\t<div class=\"elementor-element elementor-element-362a752 e-con-full e-flex e-con e-child\" data-id=\"362a752\" data-element_type=\"container\" data-settings=\"{&quot;jet_parallax_layout_list&quot;:[]}\">\n\t\t\t\t<div class=\"elementor-element elementor-element-53a4b91 elementor-widget elementor-widget-heading\" data-id=\"53a4b91\" data-element_type=\"widget\" data-widget_type=\"heading.default\">\n\t\t\t\t\t<h2 class=\"elementor-heading-title elementor-size-default\">Unsere Werte<\/h2>\t\t\t\t<\/div>\n\t\t\t\t<div class=\"elementor-element elementor-element-1e641ef elementor-widget elementor-widget-text-editor\" data-id=\"1e641ef\" data-element_type=\"widget\" data-widget_type=\"text-editor.default\">\n\t\t\t\t\t\t\t\t\t<p>Wir arbeiten mit Fokus auf Qualit\u00e4t, Zuverl\u00e4ssigkeit, Kundenzufriedenheit und kontinuierliche Verbesserung; wir gehen jedes Projekt sorgf\u00e4ltig an, liefern unsere zugesagten Leistungen p\u00fcnktlich und vollst\u00e4ndig und bauen langfristige Gesch\u00e4ftspartnerschaften auf.<\/p>\t\t\t\t\t\t\t\t<\/div>\n\t\t\t\t<\/div>\n\t\t\t\t\t<\/div>\n\t\t\t\t<\/div>\n\t\t\t\t<\/div>","protected":false},"excerpt":{"rendered":"<p>\u00dcber uns: IT XPORT ist ein Unternehmen, das Verbraucherbed\u00fcrfnisse optimal analysiert und sein Produktsortiment kontinuierlich mit erfolgreichen Designs erweitert. Im Bereich der Gelballons spiegelt sich die zwanzigj\u00e4hrige Erfahrung und Expertise in unseren hohen Qualit\u00e4tsstandards wider. Jedes neue Produkt unseres Unternehmens, das bei internationalen und nationalen Patent\u00e4mtern registriert ist, verwendet die zuverl\u00e4ssigsten Materialien f\u00fcr Ihre Gesundheit und die Ihrer Lieben. [\u2026]<\/p>","protected":false},"author":1,"featured_media":651,"parent":0,"menu_order":0,"comment_status":"closed","ping_status":"closed","template":"elementor_header_footer","meta":{"_acf_changed":false,"footnotes":""},"class_list":["post-431","page","type-page","status-publish","has-post-thumbnail","hentry"],"acf":[],"yoast_head":"<!-- This site is optimized with the Yoast SEO plugin v25.6 - https:\/\/yoast.com\/wordpress\/plugins\/seo\/ -->\n<title>Hakk\u0131m\u0131zda - IT Export<\/title>\n<meta name=\"robots\" content=\"index, follow, max-snippet:-1, max-image-preview:large, max-video-preview:-1\" \/>\n<link rel=\"canonical\" href=\"https:\/\/itxport.com\/de\/hakkimizda\/\" \/>\n<meta property=\"og:locale\" content=\"de_DE\" \/>\n<meta property=\"og:type\" content=\"article\" \/>\n<meta property=\"og:title\" content=\"Hakk\u0131m\u0131zda - IT Export\" \/>\n<meta property=\"og:description\" content=\"Hakk\u0131m\u0131zda Hakk\u0131m\u0131zda IT XPORT, t\u00fcketici ihtiya\u00e7lar\u0131n\u0131 en iyi \u015fekilde analiz eden ve ba\u015far\u0131l\u0131 tasar\u0131mlarla \u00fcr\u00fcn yelpazesini g\u00fcn ge\u00e7tik\u00e7e art\u0131ran bir firmad\u0131r. GEL GEL BALON\u00a0 alan\u0131nda, yirmi y\u0131ll\u0131k bilgi ve tecr\u00fcbesini kalite standartlar\u0131yla yans\u0131tmaktad\u0131r. Her yeni \u00fcr\u00fcn\u00fc, \u00fclkeleraras\u0131 ve ulusal patent kurumlar\u0131nca tescil edilen firmam\u0131z, hem sizin hem de sevdiklerinizin sa\u011fl\u0131\u011f\u0131 i\u00e7in en g\u00fcvenilir malzemeleri kullanmaktad\u0131r. [&hellip;]\" \/>\n<meta property=\"og:url\" content=\"https:\/\/itxport.com\/de\/hakkimizda\/\" \/>\n<meta property=\"og:site_name\" content=\"IT Export\" \/>\n<meta property=\"article:modified_time\" content=\"2026-01-04T14:35:31+00:00\" \/>\n<meta property=\"og:image\" content=\"https:\/\/itxport.com\/wp-content\/uploads\/2026\/01\/itxport-favicon.png\" \/>\n\t<meta property=\"og:image:width\" content=\"1024\" \/>\n\t<meta property=\"og:image:height\" content=\"1024\" \/>\n\t<meta property=\"og:image:type\" content=\"image\/png\" \/>\n<meta name=\"twitter:card\" content=\"summary_large_image\" \/>\n<meta name=\"twitter:label1\" content=\"Gesch\u00e4tzte Lesezeit\" \/>\n\t<meta name=\"twitter:data1\" content=\"2\u00a0Minuten\" \/>\n<script type=\"application\/ld+json\" class=\"yoast-schema-graph\">{\"@context\":\"https:\/\/schema.org\",\"@graph\":[{\"@type\":\"WebPage\",\"@id\":\"https:\/\/itxport.com\/hakkimizda\/\",\"url\":\"https:\/\/itxport.com\/hakkimizda\/\",\"name\":\"Hakk\u0131m\u0131zda - IT Export\",\"isPartOf\":{\"@id\":\"https:\/\/itxport.com\/#website\"},\"primaryImageOfPage\":{\"@id\":\"https:\/\/itxport.com\/hakkimizda\/#primaryimage\"},\"image\":{\"@id\":\"https:\/\/itxport.com\/hakkimizda\/#primaryimage\"},\"thumbnailUrl\":\"https:\/\/itxport.com\/wp-content\/uploads\/2026\/01\/itxport-favicon.png\",\"datePublished\":\"2025-08-09T22:56:04+00:00\",\"dateModified\":\"2026-01-04T14:35:31+00:00\",\"breadcrumb\":{\"@id\":\"https:\/\/itxport.com\/hakkimizda\/#breadcrumb\"},\"inLanguage\":\"de\",\"potentialAction\":[{\"@type\":\"ReadAction\",\"target\":[\"https:\/\/itxport.com\/hakkimizda\/\"]}]},{\"@type\":\"ImageObject\",\"inLanguage\":\"de\",\"@id\":\"https:\/\/itxport.com\/hakkimizda\/#primaryimage\",\"url\":\"https:\/\/itxport.com\/wp-content\/uploads\/2026\/01\/itxport-favicon.png\",\"contentUrl\":\"https:\/\/itxport.com\/wp-content\/uploads\/2026\/01\/itxport-favicon.png\",\"width\":1024,\"height\":1024},{\"@type\":\"BreadcrumbList\",\"@id\":\"https:\/\/itxport.com\/hakkimizda\/#breadcrumb\",\"itemListElement\":[{\"@type\":\"ListItem\",\"position\":1,\"name\":\"Anasayfa\",\"item\":\"https:\/\/itxport.com\/\"},{\"@type\":\"ListItem\",\"position\":2,\"name\":\"Hakk\u0131m\u0131zda\"}]},{\"@type\":\"WebSite\",\"@id\":\"https:\/\/itxport.com\/#website\",\"url\":\"https:\/\/itxport.com\/\",\"name\":\"IT Export\",\"description\":\"IT Export\",\"potentialAction\":[{\"@type\":\"SearchAction\",\"target\":{\"@type\":\"EntryPoint\",\"urlTemplate\":\"https:\/\/itxport.com\/?s={search_term_string}\"},\"query-input\":{\"@type\":\"PropertyValueSpecification\",\"valueRequired\":true,\"valueName\":\"search_term_string\"}}],\"inLanguage\":\"de\"}]}<\/script>\n<!-- \/ Yoast SEO plugin. -->","yoast_head_json":{"title":"Hakk\u0131m\u0131zda - IT Export","robots":{"index":"index","follow":"follow","max-snippet":"max-snippet:-1","max-image-preview":"max-image-preview:large","max-video-preview":"max-video-preview:-1"},"canonical":"https:\/\/itxport.com\/de\/hakkimizda\/","og_locale":"de_DE","og_type":"article","og_title":"Hakk\u0131m\u0131zda - IT Export","og_description":"Hakk\u0131m\u0131zda Hakk\u0131m\u0131zda IT XPORT, t\u00fcketici ihtiya\u00e7lar\u0131n\u0131 en iyi \u015fekilde analiz eden ve ba\u015far\u0131l\u0131 tasar\u0131mlarla \u00fcr\u00fcn yelpazesini g\u00fcn ge\u00e7tik\u00e7e art\u0131ran bir firmad\u0131r. GEL GEL BALON\u00a0 alan\u0131nda, yirmi y\u0131ll\u0131k bilgi ve tecr\u00fcbesini kalite standartlar\u0131yla yans\u0131tmaktad\u0131r. Her yeni \u00fcr\u00fcn\u00fc, \u00fclkeleraras\u0131 ve ulusal patent kurumlar\u0131nca tescil edilen firmam\u0131z, hem sizin hem de sevdiklerinizin sa\u011fl\u0131\u011f\u0131 i\u00e7in en g\u00fcvenilir malzemeleri kullanmaktad\u0131r. [&hellip;]","og_url":"https:\/\/itxport.com\/de\/hakkimizda\/","og_site_name":"IT Export","article_modified_time":"2026-01-04T14:35:31+00:00","og_image":[{"width":1024,"height":1024,"url":"https:\/\/itxport.com\/wp-content\/uploads\/2026\/01\/itxport-favicon.png","type":"image\/png"}],"twitter_card":"summary_large_image","twitter_misc":{"Gesch\u00e4tzte Lesezeit":"2\u00a0Minuten"},"schema":{"@context":"https:\/\/schema.org","@graph":[{"@type":"WebPage","@id":"https:\/\/itxport.com\/hakkimizda\/","url":"https:\/\/itxport.com\/hakkimizda\/","name":"Hakk\u0131m\u0131zda - IT Export","isPartOf":{"@id":"https:\/\/itxport.com\/#website"},"primaryImageOfPage":{"@id":"https:\/\/itxport.com\/hakkimizda\/#primaryimage"},"image":{"@id":"https:\/\/itxport.com\/hakkimizda\/#primaryimage"},"thumbnailUrl":"https:\/\/itxport.com\/wp-content\/uploads\/2026\/01\/itxport-favicon.png","datePublished":"2025-08-09T22:56:04+00:00","dateModified":"2026-01-04T14:35:31+00:00","breadcrumb":{"@id":"https:\/\/itxport.com\/hakkimizda\/#breadcrumb"},"inLanguage":"de","potentialAction":[{"@type":"ReadAction","target":["https:\/\/itxport.com\/hakkimizda\/"]}]},{"@type":"ImageObject","inLanguage":"de","@id":"https:\/\/itxport.com\/hakkimizda\/#primaryimage","url":"https:\/\/itxport.com\/wp-content\/uploads\/2026\/01\/itxport-favicon.png","contentUrl":"https:\/\/itxport.com\/wp-content\/uploads\/2026\/01\/itxport-favicon.png","width":1024,"height":1024},{"@type":"BreadcrumbList","@id":"https:\/\/itxport.com\/hakkimizda\/#breadcrumb","itemListElement":[{"@type":"ListItem","position":1,"name":"Anasayfa","item":"https:\/\/itxport.com\/"},{"@type":"ListItem","position":2,"name":"Hakk\u0131m\u0131zda"}]},{"@type":"WebSite","@id":"https:\/\/itxport.com\/#website","url":"https:\/\/itxport.com\/","name":"IT Export","description":"IT Export","potentialAction":[{"@type":"SearchAction","target":{"@type":"EntryPoint","urlTemplate":"https:\/\/itxport.com\/?s={search_term_string}"},"query-input":{"@type":"PropertyValueSpecification","valueRequired":true,"valueName":"search_term_string"}}],"inLanguage":"de"}]}},"_links":{"self":[{"href":"https:\/\/itxport.com\/de\/wp-json\/wp\/v2\/pages\/431","targetHints":{"allow":["GET"]}}],"collection":[{"href":"https:\/\/itxport.com\/de\/wp-json\/wp\/v2\/pages"}],"about":[{"href":"https:\/\/itxport.com\/de\/wp-json\/wp\/v2\/types\/page"}],"author":[{"embeddable":true,"href":"https:\/\/itxport.com\/de\/wp-json\/wp\/v2\/users\/1"}],"replies":[{"embeddable":true,"href":"https:\/\/itxport.com\/de\/wp-json\/wp\/v2\/comments?post=431"}],"version-history":[{"count":14,"href":"https:\/\/itxport.com\/de\/wp-json\/wp\/v2\/pages\/431\/revisions"}],"predecessor-version":[{"id":824,"href":"https:\/\/itxport.com\/de\/wp-json\/wp\/v2\/pages\/431\/revisions\/824"}],"wp:featuredmedia":[{"embeddable":true,"href":"https:\/\/itxport.com\/de\/wp-json\/wp\/v2\/media\/651"}],"wp:attachment":[{"href":"https:\/\/itxport.com\/de\/wp-json\/wp\/v2\/media?parent=431"}],"curies":[{"name":"wp","href":"https:\/\/api.w.org\/{rel}","templated":true}]}}