{"id":105,"date":"2020-06-24T07:16:32","date_gmt":"2020-06-24T07:16:32","guid":{"rendered":"https:\/\/jupiterx.artbees.net\/accountant\/?page_id=105"},"modified":"2026-01-04T17:37:47","modified_gmt":"2026-01-04T14:37:47","slug":"blog","status":"publish","type":"page","link":"https:\/\/itxport.com\/de\/blog\/","title":{"rendered":"Der Blog"},"content":{"rendered":"<div data-elementor-type=\"wp-page\" data-elementor-id=\"105\" class=\"elementor elementor-105\">\n\t\t\t\t<div class=\"elementor-element elementor-element-46e47c9 e-flex e-con-boxed e-con e-parent\" data-id=\"46e47c9\" data-element_type=\"container\" data-settings=\"{&quot;background_background&quot;:&quot;classic&quot;,&quot;jet_parallax_layout_list&quot;:[]}\">\n\t\t\t\t\t<div class=\"e-con-inner\">\n\t\t<div class=\"elementor-element elementor-element-d42e452 e-con-full e-flex e-con e-child\" data-id=\"d42e452\" data-element_type=\"container\" data-settings=\"{&quot;jet_parallax_layout_list&quot;:[]}\">\n\t\t\t\t<div class=\"elementor-element elementor-element-bcf2c65 elementor-widget elementor-widget-heading\" data-id=\"bcf2c65\" data-element_type=\"widget\" data-widget_type=\"heading.default\">\n\t\t\t\t\t<h2 class=\"elementor-heading-title elementor-size-default\">Unsere Blogbeitr\u00e4ge<\/h2>\t\t\t\t<\/div>\n\t\t\t\t<\/div>\n\t\t\t\t\t<\/div>\n\t\t\t\t<\/div>\n\t\t<div class=\"elementor-element elementor-element-95e6391 e-flex e-con-boxed elementor-invisible e-con e-parent\" data-id=\"95e6391\" data-element_type=\"container\" data-settings=\"{&quot;jet_parallax_layout_list&quot;:[],&quot;animation&quot;:&quot;fadeInUp&quot;}\">\n\t\t\t\t\t<div class=\"e-con-inner\">\n\t\t<div class=\"elementor-element elementor-element-12b46d6 e-con-full e-flex e-con e-child\" data-id=\"12b46d6\" data-element_type=\"container\" data-settings=\"{&quot;jet_parallax_layout_list&quot;:[]}\">\n\t\t\t\t<div class=\"elementor-element elementor-element-44614b8 elementor-widget elementor-widget-heading\" data-id=\"44614b8\" data-element_type=\"widget\" data-widget_type=\"heading.default\">\n\t\t\t\t\t<h2 class=\"elementor-heading-title elementor-size-default\">Was wir f\u00fcr Sie vorbereitet haben<\/h2>\t\t\t\t<\/div>\n\t\t\t\t<div class=\"elementor-element elementor-element-d70e010 raven-hover-grayscale raven-button-align-center elementor-widget elementor-widget-raven-posts-carousel\" data-id=\"d70e010\" data-element_type=\"widget\" data-settings=\"{&quot;classic_slides_view&quot;:&quot;4&quot;,&quot;classic_post_image_hover_effect&quot;:&quot;grayscale&quot;,&quot;_skin&quot;:&quot;classic&quot;,&quot;classic_slides_view_tablet&quot;:&quot;2&quot;,&quot;classic_slides_view_mobile&quot;:&quot;1&quot;,&quot;classic_slides_scroll&quot;:&quot;1&quot;,&quot;classic_slides_scroll_tablet&quot;:&quot;1&quot;,&quot;classic_slides_scroll_mobile&quot;:&quot;1&quot;,&quot;classic_transition_speed&quot;:500,&quot;classic_enable_infinite_loop&quot;:&quot;yes&quot;,&quot;classic_show_arrows&quot;:&quot;yes&quot;,&quot;query_offset&quot;:0,&quot;classic_columns_space_between&quot;:{&quot;unit&quot;:&quot;px&quot;,&quot;size&quot;:30,&quot;sizes&quot;:[]},&quot;classic_columns_space_between_tablet&quot;:{&quot;unit&quot;:&quot;px&quot;,&quot;size&quot;:20,&quot;sizes&quot;:[]},&quot;classic_columns_space_between_mobile&quot;:{&quot;unit&quot;:&quot;px&quot;,&quot;size&quot;:10,&quot;sizes&quot;:[]}}\" data-widget_type=\"raven-posts-carousel.classic\">\n\t\t\t\t<div class=\"elementor-widget-container\">\n\t\t\t\t\t\t\t<div class=\"raven-posts-carousel raven-swiper-slider\">\r\n\t\t\t<div class=\"raven-posts-carousel-swiper-container swiper\">\r\n\t\t\t\t<div class=\"swiper-wrapper swiper-columns-4\" data-swiper='{&quot;rtl&quot;:false}'>\r\n\t\t\r\n\t\t<div class=\"swiper-slide\">\r\n\t\t\t<div class=\"raven-post-wrapper\">\r\n\t\t\t\t<div class=\"raven-post\">\r\n\t\t\t\t\t\t\t<div class=\"raven-post-image-wrap\">\r\n\t\t\t<a class=\"raven-post-image raven-image-fit\"  href=\"https:\/\/itxport.com\/de\/gel-gel-adam-reklam-balonlari-ile-isletmenizi-one-cikarin\/\"><img fetchpriority=\"high\" decoding=\"async\" width=\"1024\" height=\"1024\" src=\"https:\/\/itxport.com\/wp-content\/uploads\/2025\/08\/1.jpg\" class=\"attachment-large size-large wp-image-840\" alt=\"\" srcset=\"https:\/\/itxport.com\/wp-content\/uploads\/2025\/08\/1.jpg 1024w, https:\/\/itxport.com\/wp-content\/uploads\/2025\/08\/1-300x300.jpg 300w, https:\/\/itxport.com\/wp-content\/uploads\/2025\/08\/1-150x150.jpg 150w, https:\/\/itxport.com\/wp-content\/uploads\/2025\/08\/1-768x768.jpg 768w, https:\/\/itxport.com\/wp-content\/uploads\/2025\/08\/1-12x12.jpg 12w, https:\/\/itxport.com\/wp-content\/uploads\/2025\/08\/1-500x500.jpg 500w\" sizes=\"(max-width: 1024px) 100vw, 1024px\" \/> <span class=\"raven-post-image-overlay\"><\/span><\/a>\t\t<\/div>\r\n\t\t\r\n\t\t\t\t\t<div class=\"raven-post-content\">\r\n\t\t\t\t\t\t<h3 class=\"raven-post-title\"><a class=\"raven-post-title-link\" href=\"https:\/\/itxport.com\/de\/gel-gel-adam-reklam-balonlari-ile-isletmenizi-one-cikarin\/\">Heben Sie Ihr Unternehmen mit Gel Gel Adam Werbeballons hervor!<\/a><\/h3><div class=\"raven-post-excerpt\">Heben Sie Ihr Unternehmen mit Come On Man Werbeballons von der Masse ab. Heutzutage ist es f\u00fcr Unternehmen unerl\u00e4sslich, sichtbarer als die Konkurrenz zu sein und die Aufmerksamkeit potenzieller Kunden in Sekundenschnelle zu gewinnen. Dies gilt insbesondere f\u00fcr Gesch\u00e4fte in der Innenstadt.<\/div>\t\t<div class=\"raven-post-read-more\">\r\n\t\t\t<a class=\"raven-post-button\" href=\"https:\/\/itxport.com\/de\/gel-gel-adam-reklam-balonlari-ile-isletmenizi-one-cikarin\/\"><span class=\"raven-post-button-text\">Mehr lesen<\/span><\/a>\r\n\t\t<\/div>\r\n\t\t\t\t\t\t\t<\/div>\r\n\t\t\t\t<\/div>\r\n\t\t\t<\/div>\r\n\t\t<\/div>\r\n\t\t\r\n\t\t<div class=\"swiper-slide\">\r\n\t\t\t<div class=\"raven-post-wrapper\">\r\n\t\t\t\t<div class=\"raven-post\">\r\n\t\t\t\t\t\t\t<div class=\"raven-post-image-wrap\">\r\n\t\t\t<a class=\"raven-post-image raven-image-fit\"  href=\"https:\/\/itxport.com\/de\/sisme-reklam-balonlari-ile-satislarinizi-artirin\/\"><img decoding=\"async\" width=\"1024\" height=\"1024\" src=\"https:\/\/itxport.com\/wp-content\/uploads\/2025\/08\/2.jpg\" class=\"attachment-large size-large wp-image-842\" alt=\"\" srcset=\"https:\/\/itxport.com\/wp-content\/uploads\/2025\/08\/2.jpg 1024w, https:\/\/itxport.com\/wp-content\/uploads\/2025\/08\/2-300x300.jpg 300w, https:\/\/itxport.com\/wp-content\/uploads\/2025\/08\/2-150x150.jpg 150w, https:\/\/itxport.com\/wp-content\/uploads\/2025\/08\/2-768x768.jpg 768w, https:\/\/itxport.com\/wp-content\/uploads\/2025\/08\/2-12x12.jpg 12w, https:\/\/itxport.com\/wp-content\/uploads\/2025\/08\/2-500x500.jpg 500w\" sizes=\"(max-width: 1024px) 100vw, 1024px\" \/> <span class=\"raven-post-image-overlay\"><\/span><\/a>\t\t<\/div>\r\n\t\t\r\n\t\t\t\t\t<div class=\"raven-post-content\">\r\n\t\t\t\t\t\t<h3 class=\"raven-post-title\"><a class=\"raven-post-title-link\" href=\"https:\/\/itxport.com\/de\/sisme-reklam-balonlari-ile-satislarinizi-artirin\/\">Steigern Sie Ihren Umsatz mit aufblasbaren Werbeballons.<\/a><\/h3><div class=\"raven-post-excerpt\">Steigern Sie Ihren Umsatz mit aufblasbaren Werbeballons. In der heutigen wettbewerbsintensiven Gesch\u00e4ftswelt besteht die gr\u00f6\u00dfte Herausforderung f\u00fcr Unternehmen darin, die Aufmerksamkeit der Kunden im richtigen Moment zu gewinnen. Es geht darum, dass ein Passant Sie wahrnimmt, Ihr Gesch\u00e4ft betritt und...<\/div>\t\t<div class=\"raven-post-read-more\">\r\n\t\t\t<a class=\"raven-post-button\" href=\"https:\/\/itxport.com\/de\/sisme-reklam-balonlari-ile-satislarinizi-artirin\/\"><span class=\"raven-post-button-text\">Mehr lesen<\/span><\/a>\r\n\t\t<\/div>\r\n\t\t\t\t\t\t\t<\/div>\r\n\t\t\t\t<\/div>\r\n\t\t\t<\/div>\r\n\t\t<\/div>\r\n\t\t\r\n\t\t<div class=\"swiper-slide\">\r\n\t\t\t<div class=\"raven-post-wrapper\">\r\n\t\t\t\t<div class=\"raven-post\">\r\n\t\t\t\t\t\t\t<div class=\"raven-post-image-wrap\">\r\n\t\t\t<a class=\"raven-post-image raven-image-fit\"  href=\"https:\/\/itxport.com\/de\/sisme-reklam-balonlari-ile-markanizi-her-yerden-gorunur-kilin\/\"><img decoding=\"async\" width=\"1024\" height=\"1024\" src=\"https:\/\/itxport.com\/wp-content\/uploads\/2025\/08\/3-2.jpg\" class=\"attachment-large size-large wp-image-843\" alt=\"\" srcset=\"https:\/\/itxport.com\/wp-content\/uploads\/2025\/08\/3-2.jpg 1024w, https:\/\/itxport.com\/wp-content\/uploads\/2025\/08\/3-2-300x300.jpg 300w, https:\/\/itxport.com\/wp-content\/uploads\/2025\/08\/3-2-150x150.jpg 150w, https:\/\/itxport.com\/wp-content\/uploads\/2025\/08\/3-2-768x768.jpg 768w, https:\/\/itxport.com\/wp-content\/uploads\/2025\/08\/3-2-12x12.jpg 12w, https:\/\/itxport.com\/wp-content\/uploads\/2025\/08\/3-2-500x500.jpg 500w\" sizes=\"(max-width: 1024px) 100vw, 1024px\" \/> <span class=\"raven-post-image-overlay\"><\/span><\/a>\t\t<\/div>\r\n\t\t\r\n\t\t\t\t\t<div class=\"raven-post-content\">\r\n\t\t\t\t\t\t<h3 class=\"raven-post-title\"><a class=\"raven-post-title-link\" href=\"https:\/\/itxport.com\/de\/sisme-reklam-balonlari-ile-markanizi-her-yerden-gorunur-kilin\/\">Machen Sie Ihre Marke \u00fcberall sichtbar mit aufblasbaren Werbeballons.<\/a><\/h3><div class=\"raven-post-excerpt\">Machen Sie Ihre Marke mit aufblasbaren Werbeballons \u00fcberall sichtbar. In der zunehmend wettbewerbsintensiven Gesch\u00e4ftswelt ist es f\u00fcr Unternehmen von gr\u00f6\u00dfter Bedeutung, sichtbar und einpr\u00e4gsam zu sein. Tausende von Menschen gehen an Ihrem Gesch\u00e4ft vorbei\u2026<\/div>\t\t<div class=\"raven-post-read-more\">\r\n\t\t\t<a class=\"raven-post-button\" href=\"https:\/\/itxport.com\/de\/sisme-reklam-balonlari-ile-markanizi-her-yerden-gorunur-kilin\/\"><span class=\"raven-post-button-text\">Mehr lesen<\/span><\/a>\r\n\t\t<\/div>\r\n\t\t\t\t\t\t\t<\/div>\r\n\t\t\t\t<\/div>\r\n\t\t\t<\/div>\r\n\t\t<\/div>\r\n\t\t\r\n\t\t<div class=\"swiper-slide\">\r\n\t\t\t<div class=\"raven-post-wrapper\">\r\n\t\t\t\t<div class=\"raven-post\">\r\n\t\t\t\t\t\t\t<div class=\"raven-post-image-wrap\">\r\n\t\t\t<a class=\"raven-post-image raven-image-fit\"  href=\"https:\/\/itxport.com\/de\/acik-hava-reklamlarinda-sisme-balonlarin-gucu\/\"><img loading=\"lazy\" decoding=\"async\" width=\"1024\" height=\"1024\" src=\"https:\/\/itxport.com\/wp-content\/uploads\/2025\/08\/3.jpg\" class=\"attachment-large size-large wp-image-844\" alt=\"\" srcset=\"https:\/\/itxport.com\/wp-content\/uploads\/2025\/08\/3.jpg 1024w, https:\/\/itxport.com\/wp-content\/uploads\/2025\/08\/3-300x300.jpg 300w, https:\/\/itxport.com\/wp-content\/uploads\/2025\/08\/3-150x150.jpg 150w, https:\/\/itxport.com\/wp-content\/uploads\/2025\/08\/3-768x768.jpg 768w, https:\/\/itxport.com\/wp-content\/uploads\/2025\/08\/3-12x12.jpg 12w, https:\/\/itxport.com\/wp-content\/uploads\/2025\/08\/3-500x500.jpg 500w\" sizes=\"(max-width: 1024px) 100vw, 1024px\" \/> <span class=\"raven-post-image-overlay\"><\/span><\/a>\t\t<\/div>\r\n\t\t\r\n\t\t\t\t\t<div class=\"raven-post-content\">\r\n\t\t\t\t\t\t<h3 class=\"raven-post-title\"><a class=\"raven-post-title-link\" href=\"https:\/\/itxport.com\/de\/acik-hava-reklamlarinda-sisme-balonlarin-gucu\/\">Die Macht aufblasbarer Ballons in der Au\u00dfenwerbung<\/a><\/h3><div class=\"raven-post-excerpt\">Die Wirkung von aufblasbaren Ballons in der Au\u00dfenwerbung: Au\u00dfenwerbung ist einer der Bereiche, in denen Marken am schnellsten wahrgenommen werden und die gr\u00f6\u00dfte Wirkung erzielen. Allerdings hat jedes Schild, jedes Plakat und jede Werbetafel...<\/div>\t\t<div class=\"raven-post-read-more\">\r\n\t\t\t<a class=\"raven-post-button\" href=\"https:\/\/itxport.com\/de\/acik-hava-reklamlarinda-sisme-balonlarin-gucu\/\"><span class=\"raven-post-button-text\">Mehr lesen<\/span><\/a>\r\n\t\t<\/div>\r\n\t\t\t\t\t\t\t<\/div>\r\n\t\t\t\t<\/div>\r\n\t\t\t<\/div>\r\n\t\t<\/div>\r\n\t\t\r\n\t\t<div class=\"swiper-slide\">\r\n\t\t\t<div class=\"raven-post-wrapper\">\r\n\t\t\t\t<div class=\"raven-post\">\r\n\t\t\t\t\t\t\t<div class=\"raven-post-image-wrap\">\r\n\t\t\t<a class=\"raven-post-image raven-image-fit\"  href=\"https:\/\/itxport.com\/de\/isletmenizi-kalabaliktan-ayiran-reklam-gel-gel-adam-balonlari\/\"><img loading=\"lazy\" decoding=\"async\" width=\"1024\" height=\"1024\" src=\"https:\/\/itxport.com\/wp-content\/uploads\/2025\/08\/4-2.jpg\" class=\"attachment-large size-large wp-image-845\" alt=\"\" srcset=\"https:\/\/itxport.com\/wp-content\/uploads\/2025\/08\/4-2.jpg 1024w, https:\/\/itxport.com\/wp-content\/uploads\/2025\/08\/4-2-300x300.jpg 300w, https:\/\/itxport.com\/wp-content\/uploads\/2025\/08\/4-2-150x150.jpg 150w, https:\/\/itxport.com\/wp-content\/uploads\/2025\/08\/4-2-768x768.jpg 768w, https:\/\/itxport.com\/wp-content\/uploads\/2025\/08\/4-2-12x12.jpg 12w, https:\/\/itxport.com\/wp-content\/uploads\/2025\/08\/4-2-500x500.jpg 500w\" sizes=\"(max-width: 1024px) 100vw, 1024px\" \/> <span class=\"raven-post-image-overlay\"><\/span><\/a>\t\t<\/div>\r\n\t\t\r\n\t\t\t\t\t<div class=\"raven-post-content\">\r\n\t\t\t\t\t\t<h3 class=\"raven-post-title\"><a class=\"raven-post-title-link\" href=\"https:\/\/itxport.com\/de\/isletmenizi-kalabaliktan-ayiran-reklam-gel-gel-adam-balonlari\/\">Werbung, die Ihr Unternehmen von der Masse abhebt: Komm her, Mann!-Luftballons<\/a><\/h3><div class=\"raven-post-excerpt\">Die Werbung, die Ihr Unternehmen von der Masse abhebt: \u201eKomm her, Mann!\u201c-Ballons. Heutzutage ist die gr\u00f6\u00dfte Herausforderung f\u00fcr Unternehmen, nicht in der Masse unterzugehen. Bei Dutzenden von Gesch\u00e4ften in derselben Stra\u00dfe und Hunderten von Schildern in derselben Allee ist es entscheidend, dass Kunden Sie wahrnehmen.<\/div>\t\t<div class=\"raven-post-read-more\">\r\n\t\t\t<a class=\"raven-post-button\" href=\"https:\/\/itxport.com\/de\/isletmenizi-kalabaliktan-ayiran-reklam-gel-gel-adam-balonlari\/\"><span class=\"raven-post-button-text\">Mehr lesen<\/span><\/a>\r\n\t\t<\/div>\r\n\t\t\t\t\t\t\t<\/div>\r\n\t\t\t\t<\/div>\r\n\t\t\t<\/div>\r\n\t\t<\/div>\r\n\t\t\r\n\t\t<div class=\"swiper-slide\">\r\n\t\t\t<div class=\"raven-post-wrapper\">\r\n\t\t\t\t<div class=\"raven-post\">\r\n\t\t\t\t\t\t\t<div class=\"raven-post-image-wrap\">\r\n\t\t\t<a class=\"raven-post-image raven-image-fit\"  href=\"https:\/\/itxport.com\/de\/sisme-reklam-balonlari-ile-magazanizin-onunu-musteriyle-doldurun\/\"><img loading=\"lazy\" decoding=\"async\" width=\"1024\" height=\"1024\" src=\"https:\/\/itxport.com\/wp-content\/uploads\/2025\/08\/4.jpg\" class=\"attachment-large size-large wp-image-846\" alt=\"\" srcset=\"https:\/\/itxport.com\/wp-content\/uploads\/2025\/08\/4.jpg 1024w, https:\/\/itxport.com\/wp-content\/uploads\/2025\/08\/4-300x300.jpg 300w, https:\/\/itxport.com\/wp-content\/uploads\/2025\/08\/4-150x150.jpg 150w, https:\/\/itxport.com\/wp-content\/uploads\/2025\/08\/4-768x768.jpg 768w, https:\/\/itxport.com\/wp-content\/uploads\/2025\/08\/4-12x12.jpg 12w, https:\/\/itxport.com\/wp-content\/uploads\/2025\/08\/4-500x500.jpg 500w\" sizes=\"(max-width: 1024px) 100vw, 1024px\" \/> <span class=\"raven-post-image-overlay\"><\/span><\/a>\t\t<\/div>\r\n\t\t\r\n\t\t\t\t\t<div class=\"raven-post-content\">\r\n\t\t\t\t\t\t<h3 class=\"raven-post-title\"><a class=\"raven-post-title-link\" href=\"https:\/\/itxport.com\/de\/sisme-reklam-balonlari-ile-magazanizin-onunu-musteriyle-doldurun\/\">F\u00fcllen Sie den Bereich vor Ihrem Gesch\u00e4ft mit Kunden mithilfe von aufblasbaren Werbeballons.<\/a><\/h3><div class=\"raven-post-excerpt\">Locken Sie Ihre Schaufensterfront mit aufblasbaren Werbeballons an. Der Erfolg eines Unternehmens h\u00e4ngt nicht nur von den angebotenen Produkten oder Dienstleistungen ab, sondern auch davon, wie gut es wahrgenommen wird. Heutzutage sehen Menschen t\u00e4glich Hunderte von Werbebotschaften.<\/div>\t\t<div class=\"raven-post-read-more\">\r\n\t\t\t<a class=\"raven-post-button\" href=\"https:\/\/itxport.com\/de\/sisme-reklam-balonlari-ile-magazanizin-onunu-musteriyle-doldurun\/\"><span class=\"raven-post-button-text\">Mehr lesen<\/span><\/a>\r\n\t\t<\/div>\r\n\t\t\t\t\t\t\t<\/div>\r\n\t\t\t\t<\/div>\r\n\t\t\t<\/div>\r\n\t\t<\/div>\r\n\t\t\t\t\t\t<\/div>\r\n\t\t<div class=\"swiper-pagination swiper-pager-outside bullets-pagination-type\"><\/div>\r\n\t\t<\/div>\r\n\r\n\t\t\t\t\t\t\t<div class=\"swiper-button-prev\"><\/div>\r\n\t\t\t\t<div class=\"swiper-button-next\"><\/div>\r\n\t\t\t\r\n\t\t<\/div>\r\n\t\t\t\t\t\t<\/div>\n\t\t\t\t<\/div>\n\t\t\t\t<\/div>\n\t\t\t\t\t<\/div>\n\t\t\t\t<\/div>\n\t\t\t\t<\/div>","protected":false},"excerpt":{"rendered":"<p>Unsere Blog-Beitr\u00e4ge Was wir f\u00fcr Sie vorbereitet haben Test-Blog-Beitrag Titel Lorem ipsum dolor sit amet, consectetur adipiscing elit. Ut elit tellus, luctus nec ullamcorper mattis, pulvinar dapibus leo.Lorem ipsum dolor sit amet, consectetur adipiscing elit. Ut elit tellus, luctus nec Weiterlesen Test-Blog-Beitrag Titel Lorem ipsum dolor sit amet, consectetur adipiscing elit. Ut Elite [\u2026]<\/p>","protected":false},"author":1,"featured_media":651,"parent":0,"menu_order":0,"comment_status":"closed","ping_status":"closed","template":"elementor_header_footer","meta":{"_acf_changed":false,"footnotes":""},"class_list":["post-105","page","type-page","status-publish","has-post-thumbnail","hentry"],"acf":[],"yoast_head":"<!-- This site is optimized with the Yoast SEO plugin v25.6 - https:\/\/yoast.com\/wordpress\/plugins\/seo\/ -->\n<title>Blog<\/title>\n<meta name=\"robots\" content=\"index, follow, max-snippet:-1, max-image-preview:large, max-video-preview:-1\" \/>\n<link rel=\"canonical\" href=\"https:\/\/itxport.com\/de\/blog\/\" \/>\n<meta property=\"og:locale\" content=\"de_DE\" \/>\n<meta property=\"og:type\" content=\"article\" \/>\n<meta property=\"og:title\" content=\"Blog\" \/>\n<meta property=\"og:description\" content=\"Blog Yaz\u0131lar\u0131m\u0131z Sizin \u0130\u00e7in Haz\u0131rlad\u0131klar\u0131m\u0131z Test Blog Yaz\u0131s\u0131 Ba\u015fl\u0131\u011f\u0131 Lorem ipsum dolor sit amet, consectetur adipiscing elit. Ut elit tellus, luctus nec ullamcorper mattis, pulvinar dapibus leo.Lorem ipsum dolor sit amet, consectetur adipiscing elit. Ut elit tellus, luctus nec Devam\u0131n\u0131 Oku Test Blog Yaz\u0131s\u0131 Ba\u015fl\u0131\u011f\u0131 Lorem ipsum dolor sit amet, consectetur adipiscing elit. Ut elit [&hellip;]\" \/>\n<meta property=\"og:url\" content=\"https:\/\/itxport.com\/de\/blog\/\" \/>\n<meta property=\"og:site_name\" content=\"IT Export\" \/>\n<meta property=\"article:modified_time\" content=\"2026-01-04T14:37:47+00:00\" \/>\n<meta property=\"og:image\" content=\"https:\/\/itxport.com\/wp-content\/uploads\/2026\/01\/itxport-favicon.png\" \/>\n\t<meta property=\"og:image:width\" content=\"1024\" \/>\n\t<meta property=\"og:image:height\" content=\"1024\" \/>\n\t<meta property=\"og:image:type\" content=\"image\/png\" \/>\n<meta name=\"twitter:card\" content=\"summary_large_image\" \/>\n<meta name=\"twitter:label1\" content=\"Gesch\u00e4tzte Lesezeit\" \/>\n\t<meta name=\"twitter:data1\" content=\"6\u00a0Minuten\" \/>\n<script type=\"application\/ld+json\" class=\"yoast-schema-graph\">{\"@context\":\"https:\/\/schema.org\",\"@graph\":[{\"@type\":\"WebPage\",\"@id\":\"https:\/\/itxport.com\/blog\/\",\"url\":\"https:\/\/itxport.com\/blog\/\",\"name\":\"Blog\",\"isPartOf\":{\"@id\":\"https:\/\/itxport.com\/#website\"},\"primaryImageOfPage\":{\"@id\":\"https:\/\/itxport.com\/blog\/#primaryimage\"},\"image\":{\"@id\":\"https:\/\/itxport.com\/blog\/#primaryimage\"},\"thumbnailUrl\":\"https:\/\/itxport.com\/wp-content\/uploads\/2026\/01\/itxport-favicon.png\",\"datePublished\":\"2020-06-24T07:16:32+00:00\",\"dateModified\":\"2026-01-04T14:37:47+00:00\",\"breadcrumb\":{\"@id\":\"https:\/\/itxport.com\/blog\/#breadcrumb\"},\"inLanguage\":\"de\",\"potentialAction\":[{\"@type\":\"ReadAction\",\"target\":[\"https:\/\/itxport.com\/blog\/\"]}]},{\"@type\":\"ImageObject\",\"inLanguage\":\"de\",\"@id\":\"https:\/\/itxport.com\/blog\/#primaryimage\",\"url\":\"https:\/\/itxport.com\/wp-content\/uploads\/2026\/01\/itxport-favicon.png\",\"contentUrl\":\"https:\/\/itxport.com\/wp-content\/uploads\/2026\/01\/itxport-favicon.png\",\"width\":1024,\"height\":1024},{\"@type\":\"BreadcrumbList\",\"@id\":\"https:\/\/itxport.com\/blog\/#breadcrumb\",\"itemListElement\":[{\"@type\":\"ListItem\",\"position\":1,\"name\":\"Anasayfa\",\"item\":\"https:\/\/itxport.com\/\"},{\"@type\":\"ListItem\",\"position\":2,\"name\":\"Blog\"}]},{\"@type\":\"WebSite\",\"@id\":\"https:\/\/itxport.com\/#website\",\"url\":\"https:\/\/itxport.com\/\",\"name\":\"IT Export\",\"description\":\"IT Export\",\"potentialAction\":[{\"@type\":\"SearchAction\",\"target\":{\"@type\":\"EntryPoint\",\"urlTemplate\":\"https:\/\/itxport.com\/?s={search_term_string}\"},\"query-input\":{\"@type\":\"PropertyValueSpecification\",\"valueRequired\":true,\"valueName\":\"search_term_string\"}}],\"inLanguage\":\"de\"}]}<\/script>\n<!-- \/ Yoast SEO plugin. -->","yoast_head_json":{"title":"Blog","robots":{"index":"index","follow":"follow","max-snippet":"max-snippet:-1","max-image-preview":"max-image-preview:large","max-video-preview":"max-video-preview:-1"},"canonical":"https:\/\/itxport.com\/de\/blog\/","og_locale":"de_DE","og_type":"article","og_title":"Blog","og_description":"Blog Yaz\u0131lar\u0131m\u0131z Sizin \u0130\u00e7in Haz\u0131rlad\u0131klar\u0131m\u0131z Test Blog Yaz\u0131s\u0131 Ba\u015fl\u0131\u011f\u0131 Lorem ipsum dolor sit amet, consectetur adipiscing elit. Ut elit tellus, luctus nec ullamcorper mattis, pulvinar dapibus leo.Lorem ipsum dolor sit amet, consectetur adipiscing elit. Ut elit tellus, luctus nec Devam\u0131n\u0131 Oku Test Blog Yaz\u0131s\u0131 Ba\u015fl\u0131\u011f\u0131 Lorem ipsum dolor sit amet, consectetur adipiscing elit. Ut elit [&hellip;]","og_url":"https:\/\/itxport.com\/de\/blog\/","og_site_name":"IT Export","article_modified_time":"2026-01-04T14:37:47+00:00","og_image":[{"width":1024,"height":1024,"url":"https:\/\/itxport.com\/wp-content\/uploads\/2026\/01\/itxport-favicon.png","type":"image\/png"}],"twitter_card":"summary_large_image","twitter_misc":{"Gesch\u00e4tzte Lesezeit":"6\u00a0Minuten"},"schema":{"@context":"https:\/\/schema.org","@graph":[{"@type":"WebPage","@id":"https:\/\/itxport.com\/blog\/","url":"https:\/\/itxport.com\/blog\/","name":"Blog","isPartOf":{"@id":"https:\/\/itxport.com\/#website"},"primaryImageOfPage":{"@id":"https:\/\/itxport.com\/blog\/#primaryimage"},"image":{"@id":"https:\/\/itxport.com\/blog\/#primaryimage"},"thumbnailUrl":"https:\/\/itxport.com\/wp-content\/uploads\/2026\/01\/itxport-favicon.png","datePublished":"2020-06-24T07:16:32+00:00","dateModified":"2026-01-04T14:37:47+00:00","breadcrumb":{"@id":"https:\/\/itxport.com\/blog\/#breadcrumb"},"inLanguage":"de","potentialAction":[{"@type":"ReadAction","target":["https:\/\/itxport.com\/blog\/"]}]},{"@type":"ImageObject","inLanguage":"de","@id":"https:\/\/itxport.com\/blog\/#primaryimage","url":"https:\/\/itxport.com\/wp-content\/uploads\/2026\/01\/itxport-favicon.png","contentUrl":"https:\/\/itxport.com\/wp-content\/uploads\/2026\/01\/itxport-favicon.png","width":1024,"height":1024},{"@type":"BreadcrumbList","@id":"https:\/\/itxport.com\/blog\/#breadcrumb","itemListElement":[{"@type":"ListItem","position":1,"name":"Anasayfa","item":"https:\/\/itxport.com\/"},{"@type":"ListItem","position":2,"name":"Blog"}]},{"@type":"WebSite","@id":"https:\/\/itxport.com\/#website","url":"https:\/\/itxport.com\/","name":"IT Export","description":"IT Export","potentialAction":[{"@type":"SearchAction","target":{"@type":"EntryPoint","urlTemplate":"https:\/\/itxport.com\/?s={search_term_string}"},"query-input":{"@type":"PropertyValueSpecification","valueRequired":true,"valueName":"search_term_string"}}],"inLanguage":"de"}]}},"_links":{"self":[{"href":"https:\/\/itxport.com\/de\/wp-json\/wp\/v2\/pages\/105","targetHints":{"allow":["GET"]}}],"collection":[{"href":"https:\/\/itxport.com\/de\/wp-json\/wp\/v2\/pages"}],"about":[{"href":"https:\/\/itxport.com\/de\/wp-json\/wp\/v2\/types\/page"}],"author":[{"embeddable":true,"href":"https:\/\/itxport.com\/de\/wp-json\/wp\/v2\/users\/1"}],"replies":[{"embeddable":true,"href":"https:\/\/itxport.com\/de\/wp-json\/wp\/v2\/comments?post=105"}],"version-history":[{"count":9,"href":"https:\/\/itxport.com\/de\/wp-json\/wp\/v2\/pages\/105\/revisions"}],"predecessor-version":[{"id":836,"href":"https:\/\/itxport.com\/de\/wp-json\/wp\/v2\/pages\/105\/revisions\/836"}],"wp:featuredmedia":[{"embeddable":true,"href":"https:\/\/itxport.com\/de\/wp-json\/wp\/v2\/media\/651"}],"wp:attachment":[{"href":"https:\/\/itxport.com\/de\/wp-json\/wp\/v2\/media?parent=105"}],"curies":[{"name":"wp","href":"https:\/\/api.w.org\/{rel}","templated":true}]}}