{"id":431,"date":"2025-08-10T01:56:04","date_gmt":"2025-08-09T22:56:04","guid":{"rendered":"https:\/\/itxport.com\/?page_id=431"},"modified":"2026-01-04T17:35:31","modified_gmt":"2026-01-04T14:35:31","slug":"hakkimizda","status":"publish","type":"page","link":"https:\/\/itxport.com\/ar\/hakkimizda\/","title":{"rendered":"\u0645\u0639\u0644\u0648\u0645\u0627\u062a \u0639\u0646\u0627"},"content":{"rendered":"<div data-elementor-type=\"wp-page\" data-elementor-id=\"431\" class=\"elementor elementor-431\">\n\t\t\t\t<div class=\"elementor-element elementor-element-b11bf9e e-flex e-con-boxed e-con e-parent\" data-id=\"b11bf9e\" data-element_type=\"container\" data-settings=\"{&quot;background_background&quot;:&quot;classic&quot;,&quot;jet_parallax_layout_list&quot;:[]}\">\n\t\t\t\t\t<div class=\"e-con-inner\">\n\t\t<div class=\"elementor-element elementor-element-58e35d7 e-con-full e-flex e-con e-child\" data-id=\"58e35d7\" data-element_type=\"container\" data-settings=\"{&quot;jet_parallax_layout_list&quot;:[]}\">\n\t\t\t\t<div class=\"elementor-element elementor-element-a1c2924 elementor-widget elementor-widget-heading\" data-id=\"a1c2924\" data-element_type=\"widget\" data-widget_type=\"heading.default\">\n\t\t\t\t\t<h2 class=\"elementor-heading-title elementor-size-default\">\u0645\u0639\u0644\u0648\u0645\u0627\u062a \u0639\u0646\u0627<\/h2>\t\t\t\t<\/div>\n\t\t\t\t<\/div>\n\t\t\t\t\t<\/div>\n\t\t\t\t<\/div>\n\t\t<div class=\"elementor-element elementor-element-e88d9fa e-flex e-con-boxed elementor-invisible e-con e-parent\" data-id=\"e88d9fa\" data-element_type=\"container\" data-settings=\"{&quot;jet_parallax_layout_list&quot;:[],&quot;animation&quot;:&quot;fadeInUp&quot;}\">\n\t\t\t\t\t<div class=\"e-con-inner\">\n\t\t<div class=\"elementor-element elementor-element-87e48bf e-con-full e-flex e-con e-child\" data-id=\"87e48bf\" data-element_type=\"container\" data-settings=\"{&quot;jet_parallax_layout_list&quot;:[]}\">\n\t\t\t\t<div class=\"elementor-element elementor-element-f8a3c52 elementor-widget elementor-widget-heading\" data-id=\"f8a3c52\" data-element_type=\"widget\" data-widget_type=\"heading.default\">\n\t\t\t\t\t<h2 class=\"elementor-heading-title elementor-size-default\">\u0645\u0639\u0644\u0648\u0645\u0627\u062a \u0639\u0646\u0627<\/h2>\t\t\t\t<\/div>\n\t\t\t\t<div class=\"elementor-element elementor-element-a49b59b elementor-widget elementor-widget-text-editor\" data-id=\"a49b59b\" data-element_type=\"widget\" data-widget_type=\"text-editor.default\">\n\t\t\t\t\t\t\t\t\t<p>\u0634\u0631\u0643\u0629 IT XPORT \u0634\u0631\u0643\u0629\u064c \u062a\u064f\u062d\u0644\u0651\u0644 \u0627\u062d\u062a\u064a\u0627\u062c\u0627\u062a \u0627\u0644\u0645\u0633\u062a\u0647\u0644\u0643\u064a\u0646 \u0628\u0623\u0641\u0636\u0644 \u0637\u0631\u064a\u0642\u0629\u060c \u0648\u062a\u064f\u0648\u0633\u0651\u0639 \u0628\u0627\u0633\u062a\u0645\u0631\u0627\u0631 \u0646\u0637\u0627\u0642 \u0645\u0646\u062a\u062c\u0627\u062a\u0647\u0627 \u0628\u062a\u0635\u0627\u0645\u064a\u0645 \u0646\u0627\u062c\u062d\u0629. \u0641\u064a \u0645\u062c\u0627\u0644 \u0628\u0627\u0644\u0648\u0646\u0627\u062a \u0627\u0644\u062c\u0644\u060c \u062a\u064f\u062c\u0633\u0651\u062f \u0627\u0644\u0634\u0631\u0643\u0629 \u062e\u0628\u0631\u062a\u0647\u0627 \u0627\u0644\u0645\u0645\u062a\u062f\u0629 \u0644\u0639\u0634\u0631\u064a\u0646 \u0639\u0627\u0645\u064b\u0627 \u0628\u0645\u0639\u0627\u064a\u064a\u0631 \u062c\u0648\u062f\u0629 \u0639\u0627\u0644\u064a\u0629. \u0643\u0644 \u0645\u0646\u062a\u062c \u062c\u062f\u064a\u062f \u0645\u0646 \u0645\u0646\u062a\u062c\u0627\u062a\u0646\u0627\u060c \u0627\u0644\u0645\u0633\u062c\u0644\u0629 \u0644\u062f\u0649 \u0645\u0624\u0633\u0633\u0627\u062a \u0628\u0631\u0627\u0621\u0627\u062a \u0627\u0644\u0627\u062e\u062a\u0631\u0627\u0639 \u0627\u0644\u062f\u0648\u0644\u064a\u0629 \u0648\u0627\u0644\u0648\u0637\u0646\u064a\u0629\u060c \u0645\u0635\u0646\u0648\u0639 \u0645\u0646 \u0623\u062c\u0648\u062f \u0627\u0644\u0645\u0648\u0627\u062f \u0644\u0636\u0645\u0627\u0646 \u0635\u062d\u062a\u0643 \u0648\u0635\u062d\u0629 \u0623\u062d\u0628\u0627\u0626\u0643.<\/p><p>\u062a\u062c\u062f \u0627\u0644\u064a\u0648\u0645 \u0628\u0627\u0644\u0648\u0646\u0627\u062a \u0625\u0639\u0644\u0627\u0646\u064a\u0629 \u0645\u0646 \u0646\u0648\u0639 &quot;\u062c\u0644 \u062c\u0644&quot; \u0641\u064a \u0623\u0645\u0627\u0643\u0646 \u0643\u062b\u064a\u0631\u0629. \u0644\u0643\u0646\u0643 \u0633\u062a\u0644\u0627\u062d\u0638 \u0627\u0644\u0641\u0631\u0642 \u0628\u0633\u0647\u0648\u0644\u0629 \u0645\u0639 \u0645\u0646\u062a\u062c\u0627\u062a IT XPORT \u0639\u0627\u0644\u064a\u0629 \u0627\u0644\u062c\u0648\u062f\u0629. \u0645\u0646\u0630 \u0627\u0644\u0628\u062f\u0627\u064a\u0629\u060c \u0643\u0627\u0646 \u0647\u062f\u0641\u0646\u0627 \u0623\u0646 \u0646\u0635\u0628\u062d \u0631\u0648\u0627\u062f \u0647\u0630\u0627 \u0627\u0644\u0642\u0637\u0627\u0639. \u0648\u0627\u0644\u064a\u0648\u0645\u060c \u0628\u0641\u0636\u0644 \u0645\u0646\u062a\u062c\u0627\u062a\u0646\u0627 \u0627\u0644\u062d\u0627\u0635\u0644\u0629 \u0639\u0644\u0649 \u0628\u0631\u0627\u0621\u0627\u062a \u0627\u062e\u062a\u0631\u0627\u0639\u060c \u0646\u0648\u0627\u0643\u0628 \u0623\u062d\u062f\u062b \u0627\u0644\u062a\u0637\u0648\u0631\u0627\u062a \u0641\u064a \u0647\u0630\u0627 \u0627\u0644\u0645\u062c\u0627\u0644 \u0648\u0646\u064f\u062d\u062f\u062b \u0641\u0631\u0642\u064b\u0627 \u0628\u062a\u0635\u0627\u0645\u064a\u0645 \u0645\u0646\u062a\u062c\u0627\u062a\u0646\u0627 \u0627\u0644\u0645\u0628\u062a\u0643\u0631\u0629. \u0646\u062d\u0644\u0644 \u0627\u0644\u0627\u062d\u062a\u064a\u0627\u062c\u0627\u062a \u0628\u062f\u0642\u0629 \u0648\u0646\u0642\u062f\u0645 \u0627\u0642\u062a\u0631\u0627\u062d\u0627\u062a \u0645\u062a\u0646\u0648\u0639\u0629 \u0644\u0645\u0646\u062a\u062c\u0627\u062a \u0642\u0627\u0628\u0644\u0629 \u0644\u0644\u0646\u0641\u062e.<\/p><p>\u0645\u0646 \u062e\u0644\u0627\u0644 \u0627\u0644\u062a\u0632\u0627\u0645\u0646\u0627 \u0627\u0644\u062f\u0627\u0626\u0645 \u0628\u0623\u0639\u0644\u0649 \u0645\u0639\u0627\u064a\u064a\u0631 \u0627\u0644\u062c\u0648\u062f\u0629\u060c \u0646\u0644\u0628\u064a \u062a\u0648\u0642\u0639\u0627\u062a\u0643\u0645 \u0628\u0645\u0646\u062a\u062c\u0627\u062a \u0639\u0627\u0644\u064a\u0629 \u0627\u0644\u062a\u0646\u0627\u0641\u0633\u064a\u0629\u060c \u0648\u0646\u0633\u0647\u0645 \u0641\u064a \u062a\u0633\u0631\u064a\u0639 \u0646\u0645\u0648 \u0627\u0644\u0642\u0637\u0627\u0639. \u0648\u0645\u0639 \u062a\u0632\u0627\u064a\u062f \u0637\u0627\u0642\u062a\u0646\u0627 \u0627\u0644\u0625\u0646\u062a\u0627\u062c\u064a\u0629\u060c \u0646\u062d\u0642\u0642 \u0647\u062f\u0641\u0646\u0627 \u0641\u064a \u0627\u0644\u0645\u0633\u0627\u0647\u0645\u0629 \u0641\u064a \u062a\u0646\u0645\u064a\u0629 \u0628\u0644\u062f\u0646\u0627\u060c \u0648\u0646\u0624\u062f\u064a \u0639\u0645\u0644\u0646\u0627 \u0628\u0634\u063a\u0641. \u0646\u0648\u0627\u0635\u0644 \u0632\u064a\u0627\u062f\u0629 \u0627\u0633\u062a\u062b\u0645\u0627\u0631\u0627\u062a\u0646\u0627 \u0641\u064a \u0627\u0644\u0628\u062d\u062b \u0648\u0627\u0644\u062a\u0637\u0648\u064a\u0631\u060c \u062d\u0627\u0645\u0644\u064a\u0646 \u0631\u0624\u064a\u0629 \u062a\u0646\u0645\u0648\u064a\u0629 \u0634\u0627\u0645\u0644\u0629. \u0634\u0631\u0643\u062a\u0646\u0627\u060c \u0627\u0644\u062a\u064a \u062a\u0648\u0627\u0635\u0644 \u0645\u0633\u064a\u0631\u062a\u0647\u0627 \u0627\u0644\u0646\u0627\u062c\u062d\u0629 \u0628\u0631\u0633\u0627\u0644\u0629 \u0625\u0646\u062a\u0627\u062c \u0645\u0646\u062a\u062c\u0627\u062a \u0639\u0627\u0644\u064a\u0629 \u0627\u0644\u062c\u0648\u062f\u0629\u060c \u0633\u062a\u0648\u0627\u0635\u0644 \u062a\u0644\u0628\u064a\u0629 \u0627\u062d\u062a\u064a\u0627\u062c\u0627\u062a\u0643\u0645 \u0628\u062f\u0642\u0629 \u0645\u062a\u0646\u0627\u0647\u064a\u0629\u060c \u0648\u0633\u062a\u0642\u0648\u062f \u0627\u0644\u0642\u0637\u0627\u0639.<\/p>\t\t\t\t\t\t\t\t<\/div>\n\t\t\t\t<\/div>\n\t\t<div class=\"elementor-element elementor-element-f754e4c e-con-full e-flex e-con e-child\" data-id=\"f754e4c\" data-element_type=\"container\" data-settings=\"{&quot;jet_parallax_layout_list&quot;:[]}\">\n\t\t\t\t<div class=\"elementor-element elementor-element-25bdb1c elementor-widget elementor-widget-image\" data-id=\"25bdb1c\" data-element_type=\"widget\" data-widget_type=\"image.default\">\n\t\t\t\t\t\t\t\t\t\t\t\t\t\t\t<img fetchpriority=\"high\" decoding=\"async\" width=\"765\" height=\"535\" src=\"https:\/\/itxport.com\/wp-content\/uploads\/2026\/01\/Adsiz-tasarim-1.png\" class=\"attachment-large size-large wp-image-682\" alt=\"\" srcset=\"https:\/\/itxport.com\/wp-content\/uploads\/2026\/01\/Adsiz-tasarim-1.png 765w, https:\/\/itxport.com\/wp-content\/uploads\/2026\/01\/Adsiz-tasarim-1-300x210.png 300w, https:\/\/itxport.com\/wp-content\/uploads\/2026\/01\/Adsiz-tasarim-1-18x12.png 18w\" sizes=\"(max-width: 765px) 100vw, 765px\" \/>\t\t\t\t\t\t\t\t\t\t\t\t\t\t\t<\/div>\n\t\t\t\t<\/div>\n\t\t\t\t\t<\/div>\n\t\t\t\t<\/div>\n\t\t<div class=\"elementor-element elementor-element-bd77be3 e-flex e-con-boxed elementor-invisible e-con e-parent\" data-id=\"bd77be3\" data-element_type=\"container\" data-settings=\"{&quot;background_background&quot;:&quot;classic&quot;,&quot;jet_parallax_layout_list&quot;:[],&quot;animation&quot;:&quot;fadeInUp&quot;}\">\n\t\t\t\t\t<div class=\"e-con-inner\">\n\t\t<div class=\"elementor-element elementor-element-76513e5 e-con-full e-flex e-con e-child\" data-id=\"76513e5\" data-element_type=\"container\" data-settings=\"{&quot;jet_parallax_layout_list&quot;:[]}\">\n\t\t\t\t<div class=\"elementor-element elementor-element-3c9f1de elementor-widget elementor-widget-heading\" data-id=\"3c9f1de\" data-element_type=\"widget\" data-widget_type=\"heading.default\">\n\t\t\t\t\t<h2 class=\"elementor-heading-title elementor-size-default\">\u0645\u0647\u0645\u062a\u0646\u0627<\/h2>\t\t\t\t<\/div>\n\t\t\t\t<div class=\"elementor-element elementor-element-19262aa elementor-widget elementor-widget-text-editor\" data-id=\"19262aa\" data-element_type=\"widget\" data-widget_type=\"text-editor.default\">\n\t\t\t\t\t\t\t\t\t<p>\u0647\u062f\u0641\u0646\u0627 \u0647\u0648 \u0627\u0628\u062a\u0643\u0627\u0631 \u062d\u0644\u0648\u0644 \u0625\u0639\u0644\u0627\u0646\u064a\u0629 \u0642\u0627\u0628\u0644\u0629 \u0644\u0644\u0646\u0641\u062e \u062a\u0632\u064a\u062f \u0645\u0646 \u0638\u0647\u0648\u0631 \u0627\u0644\u0623\u0639\u0645\u0627\u0644 \u0627\u0644\u062a\u062c\u0627\u0631\u064a\u0629\u060c \u0648\u062a\u0642\u062f\u064a\u0645 \u0645\u0646\u062a\u062c\u0627\u062a \u0639\u0627\u0644\u064a\u0629 \u0627\u0644\u062c\u0648\u062f\u0629 \u0648\u0645\u062a\u064a\u0646\u0629 \u0648\u0641\u0639\u0627\u0644\u0629 \u0644\u0643\u0644 \u0639\u0645\u064a\u0644\u060c \u0648\u0623\u0646 \u0646\u0643\u0648\u0646 \u0634\u0631\u064a\u0643\u064b\u0627 \u0625\u0639\u0644\u0627\u0646\u064a\u064b\u0627 \u0645\u0648\u062b\u0648\u0642\u064b\u0627 \u0628\u0647 \u064a\u0633\u0627\u0639\u062f \u0627\u0644\u0639\u0644\u0627\u0645\u0627\u062a \u0627\u0644\u062a\u062c\u0627\u0631\u064a\u0629 \u0639\u0644\u0649 \u0627\u0644\u062a\u0645\u064a\u0632 \u0628\u0642\u0648\u0629 \u0623\u0643\u0628\u0631 \u0641\u064a \u0647\u0630\u0627 \u0627\u0644\u0645\u062c\u0627\u0644.<\/p>\t\t\t\t\t\t\t\t<\/div>\n\t\t\t\t<\/div>\n\t\t<div class=\"elementor-element elementor-element-55dc914 e-con-full e-flex e-con e-child\" data-id=\"55dc914\" data-element_type=\"container\" data-settings=\"{&quot;jet_parallax_layout_list&quot;:[]}\">\n\t\t\t\t<div class=\"elementor-element elementor-element-fd6db5a elementor-widget elementor-widget-heading\" data-id=\"fd6db5a\" data-element_type=\"widget\" data-widget_type=\"heading.default\">\n\t\t\t\t\t<h2 class=\"elementor-heading-title elementor-size-default\">\u0631\u0624\u064a\u062a\u0646\u0627<\/h2>\t\t\t\t<\/div>\n\t\t\t\t<div class=\"elementor-element elementor-element-7c168ba elementor-widget elementor-widget-text-editor\" data-id=\"7c168ba\" data-element_type=\"widget\" data-widget_type=\"text-editor.default\">\n\t\t\t\t\t\t\t\t\t<p>\u0647\u062f\u0641\u0646\u0627 \u0647\u0648 \u0623\u0646 \u0646\u0635\u0628\u062d \u0639\u0644\u0627\u0645\u0629 \u062a\u062c\u0627\u0631\u064a\u0629 \u0631\u0627\u0626\u062f\u0629 \u0641\u064a \u0645\u062c\u0627\u0644 \u0627\u0644\u0625\u0639\u0644\u0627\u0646\u0627\u062a \u0627\u0644\u0642\u0627\u0628\u0644\u0629 \u0644\u0644\u0646\u0641\u062e \u0648\u0627\u0644\u062d\u0644\u0648\u0644 \u0627\u0644\u062a\u0631\u0648\u064a\u062c\u064a\u0629 \u0627\u0644\u0645\u0631\u0626\u064a\u0629 \u0641\u064a \u062a\u0631\u0643\u064a\u0627 \u0648\u0627\u0644\u0623\u0633\u0648\u0627\u0642 \u0627\u0644\u062f\u0648\u0644\u064a\u0629\u060c \u0648\u0623\u0646 \u0646\u0643\u0648\u0646 \u0634\u0631\u0643\u0629 \u0645\u0631\u062c\u0639\u064a\u0629 \u0641\u064a \u0647\u0630\u0627 \u0627\u0644\u0642\u0637\u0627\u0639 \u0645\u0646 \u062e\u0644\u0627\u0644 \u062a\u0635\u0645\u064a\u0645\u0627\u062a\u0646\u0627 \u0627\u0644\u0645\u0628\u062a\u0643\u0631\u0629 \u0648\u062c\u0648\u062f\u0629 \u0625\u0646\u062a\u0627\u062c\u0646\u0627.<\/p>\t\t\t\t\t\t\t\t<\/div>\n\t\t\t\t<\/div>\n\t\t<div class=\"elementor-element elementor-element-362a752 e-con-full e-flex e-con e-child\" data-id=\"362a752\" data-element_type=\"container\" data-settings=\"{&quot;jet_parallax_layout_list&quot;:[]}\">\n\t\t\t\t<div class=\"elementor-element elementor-element-53a4b91 elementor-widget elementor-widget-heading\" data-id=\"53a4b91\" data-element_type=\"widget\" data-widget_type=\"heading.default\">\n\t\t\t\t\t<h2 class=\"elementor-heading-title elementor-size-default\">\u0642\u064a\u0645\u0646\u0627<\/h2>\t\t\t\t<\/div>\n\t\t\t\t<div class=\"elementor-element elementor-element-1e641ef elementor-widget elementor-widget-text-editor\" data-id=\"1e641ef\" data-element_type=\"widget\" data-widget_type=\"text-editor.default\">\n\t\t\t\t\t\t\t\t\t<p>\u0646\u062d\u0646 \u0646\u0639\u0645\u0644 \u0645\u0639 \u0627\u0644\u062a\u0631\u0643\u064a\u0632 \u0639\u0644\u0649 \u0627\u0644\u062c\u0648\u062f\u0629 \u0648\u0627\u0644\u0645\u0648\u062b\u0648\u0642\u064a\u0629 \u0648\u0631\u0636\u0627 \u0627\u0644\u0639\u0645\u0644\u0627\u0621 \u0648\u0627\u0644\u062a\u062d\u0633\u064a\u0646 \u0627\u0644\u0645\u0633\u062a\u0645\u0631\u061b \u0648\u0646\u062a\u0639\u0627\u0645\u0644 \u0645\u0639 \u0643\u0644 \u0645\u0634\u0631\u0648\u0639 \u0628\u062f\u0642\u0629 \u0645\u062a\u0646\u0627\u0647\u064a\u0629\u060c \u0648\u0646\u0633\u0644\u0645 \u0627\u0644\u0639\u0645\u0644 \u0627\u0644\u0645\u0648\u0639\u0648\u062f \u0628\u0647 \u0641\u064a \u0627\u0644\u0648\u0642\u062a \u0627\u0644\u0645\u062d\u062f\u062f \u0648\u0628\u0634\u0643\u0644 \u0643\u0627\u0645\u0644\u060c \u0648\u0646\u0624\u0633\u0633 \u0634\u0631\u0627\u0643\u0627\u062a \u062a\u062c\u0627\u0631\u064a\u0629 \u0637\u0648\u064a\u0644\u0629 \u0627\u0644\u0623\u0645\u062f.<\/p>\t\t\t\t\t\t\t\t<\/div>\n\t\t\t\t<\/div>\n\t\t\t\t\t<\/div>\n\t\t\t\t<\/div>\n\t\t\t\t<\/div>","protected":false},"excerpt":{"rendered":"<p>\u0646\u0628\u0630\u0629 \u0639\u0646\u0627: \u0634\u0631\u0643\u0629 IT XPORT \u0647\u064a \u0634\u0631\u0643\u0629 \u062a\u064f\u062d\u0644\u0644 \u0627\u062d\u062a\u064a\u0627\u062c\u0627\u062a \u0627\u0644\u0645\u0633\u062a\u0647\u0644\u0643\u064a\u0646 \u0628\u0623\u0641\u0636\u0644 \u0637\u0631\u064a\u0642\u0629\u060c \u0648\u062a\u064f\u0648\u0633\u0651\u0639 \u0628\u0627\u0633\u062a\u0645\u0631\u0627\u0631 \u0646\u0637\u0627\u0642 \u0645\u0646\u062a\u062c\u0627\u062a\u0647\u0627 \u0628\u062a\u0635\u0627\u0645\u064a\u0645 \u0646\u0627\u062c\u062d\u0629. \u0641\u064a \u0645\u062c\u0627\u0644 \u0628\u0627\u0644\u0648\u0646\u0627\u062a \u0627\u0644\u062c\u0644\u060c \u062a\u064f\u062c\u0633\u0651\u062f \u0627\u0644\u0634\u0631\u0643\u0629 \u062e\u0628\u0631\u062a\u0647\u0627 \u0648\u0645\u0639\u0631\u0641\u062a\u0647\u0627 \u0627\u0644\u0645\u0645\u062a\u062f\u0629 \u0644\u0639\u0634\u0631\u064a\u0646 \u0639\u0627\u0645\u064b\u0627 \u0645\u0639 \u0627\u0644\u062a\u0632\u0627\u0645\u0647\u0627 \u0628\u0623\u0639\u0644\u0649 \u0645\u0639\u0627\u064a\u064a\u0631 \u0627\u0644\u062c\u0648\u062f\u0629. \u0643\u0644 \u0645\u0646\u062a\u062c \u062c\u062f\u064a\u062f \u0645\u0646 \u0645\u0646\u062a\u062c\u0627\u062a\u0646\u0627\u060c \u0627\u0644\u0645\u0633\u062c\u0644\u0629 \u0644\u062f\u0649 \u0645\u0624\u0633\u0633\u0627\u062a \u0628\u0631\u0627\u0621\u0627\u062a \u0627\u0644\u0627\u062e\u062a\u0631\u0627\u0639 \u0627\u0644\u062f\u0648\u0644\u064a\u0629 \u0648\u0627\u0644\u0648\u0637\u0646\u064a\u0629\u060c \u0645\u0635\u0646\u0648\u0639 \u0645\u0646 \u0623\u0643\u062b\u0631 \u0627\u0644\u0645\u0648\u0627\u062f \u0645\u0648\u062b\u0648\u0642\u064a\u0629 \u0644\u0636\u0645\u0627\u0646 \u0635\u062d\u062a\u0643 \u0648\u0635\u062d\u0629 \u0623\u062d\u0628\u0627\u0626\u0643.<\/p>","protected":false},"author":1,"featured_media":651,"parent":0,"menu_order":0,"comment_status":"closed","ping_status":"closed","template":"elementor_header_footer","meta":{"_acf_changed":false,"footnotes":""},"class_list":["post-431","page","type-page","status-publish","has-post-thumbnail","hentry"],"acf":[],"yoast_head":"<!-- This site is optimized with the Yoast SEO plugin v25.6 - https:\/\/yoast.com\/wordpress\/plugins\/seo\/ -->\n<title>Hakk\u0131m\u0131zda - IT Export<\/title>\n<meta name=\"robots\" content=\"index, follow, max-snippet:-1, max-image-preview:large, max-video-preview:-1\" \/>\n<link rel=\"canonical\" href=\"https:\/\/itxport.com\/ar\/hakkimizda\/\" \/>\n<meta property=\"og:locale\" content=\"ar_AR\" \/>\n<meta property=\"og:type\" content=\"article\" \/>\n<meta property=\"og:title\" content=\"Hakk\u0131m\u0131zda - IT Export\" \/>\n<meta property=\"og:description\" content=\"Hakk\u0131m\u0131zda Hakk\u0131m\u0131zda IT XPORT, t\u00fcketici ihtiya\u00e7lar\u0131n\u0131 en iyi \u015fekilde analiz eden ve ba\u015far\u0131l\u0131 tasar\u0131mlarla \u00fcr\u00fcn yelpazesini g\u00fcn ge\u00e7tik\u00e7e art\u0131ran bir firmad\u0131r. GEL GEL BALON\u00a0 alan\u0131nda, yirmi y\u0131ll\u0131k bilgi ve tecr\u00fcbesini kalite standartlar\u0131yla yans\u0131tmaktad\u0131r. Her yeni \u00fcr\u00fcn\u00fc, \u00fclkeleraras\u0131 ve ulusal patent kurumlar\u0131nca tescil edilen firmam\u0131z, hem sizin hem de sevdiklerinizin sa\u011fl\u0131\u011f\u0131 i\u00e7in en g\u00fcvenilir malzemeleri kullanmaktad\u0131r. [&hellip;]\" \/>\n<meta property=\"og:url\" content=\"https:\/\/itxport.com\/ar\/hakkimizda\/\" \/>\n<meta property=\"og:site_name\" content=\"IT Export\" \/>\n<meta property=\"article:modified_time\" content=\"2026-01-04T14:35:31+00:00\" \/>\n<meta property=\"og:image\" content=\"https:\/\/itxport.com\/wp-content\/uploads\/2026\/01\/itxport-favicon.png\" \/>\n\t<meta property=\"og:image:width\" content=\"1024\" \/>\n\t<meta property=\"og:image:height\" content=\"1024\" \/>\n\t<meta property=\"og:image:type\" content=\"image\/png\" \/>\n<meta name=\"twitter:card\" content=\"summary_large_image\" \/>\n<meta name=\"twitter:label1\" content=\"\u0648\u0642\u062a \u0627\u0644\u0642\u0631\u0627\u0621\u0629 \u0627\u0644\u0645\u064f\u0642\u062f\u0651\u0631\" \/>\n\t<meta name=\"twitter:data1\" content=\"\u062f\u0642\u064a\u0642\u062a\u0627\u0646\" \/>\n<script type=\"application\/ld+json\" class=\"yoast-schema-graph\">{\"@context\":\"https:\/\/schema.org\",\"@graph\":[{\"@type\":\"WebPage\",\"@id\":\"https:\/\/itxport.com\/hakkimizda\/\",\"url\":\"https:\/\/itxport.com\/hakkimizda\/\",\"name\":\"Hakk\u0131m\u0131zda - IT Export\",\"isPartOf\":{\"@id\":\"https:\/\/itxport.com\/#website\"},\"primaryImageOfPage\":{\"@id\":\"https:\/\/itxport.com\/hakkimizda\/#primaryimage\"},\"image\":{\"@id\":\"https:\/\/itxport.com\/hakkimizda\/#primaryimage\"},\"thumbnailUrl\":\"https:\/\/itxport.com\/wp-content\/uploads\/2026\/01\/itxport-favicon.png\",\"datePublished\":\"2025-08-09T22:56:04+00:00\",\"dateModified\":\"2026-01-04T14:35:31+00:00\",\"breadcrumb\":{\"@id\":\"https:\/\/itxport.com\/hakkimizda\/#breadcrumb\"},\"inLanguage\":\"ar\",\"potentialAction\":[{\"@type\":\"ReadAction\",\"target\":[\"https:\/\/itxport.com\/hakkimizda\/\"]}]},{\"@type\":\"ImageObject\",\"inLanguage\":\"ar\",\"@id\":\"https:\/\/itxport.com\/hakkimizda\/#primaryimage\",\"url\":\"https:\/\/itxport.com\/wp-content\/uploads\/2026\/01\/itxport-favicon.png\",\"contentUrl\":\"https:\/\/itxport.com\/wp-content\/uploads\/2026\/01\/itxport-favicon.png\",\"width\":1024,\"height\":1024},{\"@type\":\"BreadcrumbList\",\"@id\":\"https:\/\/itxport.com\/hakkimizda\/#breadcrumb\",\"itemListElement\":[{\"@type\":\"ListItem\",\"position\":1,\"name\":\"Anasayfa\",\"item\":\"https:\/\/itxport.com\/\"},{\"@type\":\"ListItem\",\"position\":2,\"name\":\"Hakk\u0131m\u0131zda\"}]},{\"@type\":\"WebSite\",\"@id\":\"https:\/\/itxport.com\/#website\",\"url\":\"https:\/\/itxport.com\/\",\"name\":\"IT Export\",\"description\":\"IT Export\",\"potentialAction\":[{\"@type\":\"SearchAction\",\"target\":{\"@type\":\"EntryPoint\",\"urlTemplate\":\"https:\/\/itxport.com\/?s={search_term_string}\"},\"query-input\":{\"@type\":\"PropertyValueSpecification\",\"valueRequired\":true,\"valueName\":\"search_term_string\"}}],\"inLanguage\":\"ar\"}]}<\/script>\n<!-- \/ Yoast SEO plugin. -->","yoast_head_json":{"title":"Hakk\u0131m\u0131zda - IT Export","robots":{"index":"index","follow":"follow","max-snippet":"max-snippet:-1","max-image-preview":"max-image-preview:large","max-video-preview":"max-video-preview:-1"},"canonical":"https:\/\/itxport.com\/ar\/hakkimizda\/","og_locale":"ar_AR","og_type":"article","og_title":"Hakk\u0131m\u0131zda - IT Export","og_description":"Hakk\u0131m\u0131zda Hakk\u0131m\u0131zda IT XPORT, t\u00fcketici ihtiya\u00e7lar\u0131n\u0131 en iyi \u015fekilde analiz eden ve ba\u015far\u0131l\u0131 tasar\u0131mlarla \u00fcr\u00fcn yelpazesini g\u00fcn ge\u00e7tik\u00e7e art\u0131ran bir firmad\u0131r. GEL GEL BALON\u00a0 alan\u0131nda, yirmi y\u0131ll\u0131k bilgi ve tecr\u00fcbesini kalite standartlar\u0131yla yans\u0131tmaktad\u0131r. Her yeni \u00fcr\u00fcn\u00fc, \u00fclkeleraras\u0131 ve ulusal patent kurumlar\u0131nca tescil edilen firmam\u0131z, hem sizin hem de sevdiklerinizin sa\u011fl\u0131\u011f\u0131 i\u00e7in en g\u00fcvenilir malzemeleri kullanmaktad\u0131r. [&hellip;]","og_url":"https:\/\/itxport.com\/ar\/hakkimizda\/","og_site_name":"IT Export","article_modified_time":"2026-01-04T14:35:31+00:00","og_image":[{"width":1024,"height":1024,"url":"https:\/\/itxport.com\/wp-content\/uploads\/2026\/01\/itxport-favicon.png","type":"image\/png"}],"twitter_card":"summary_large_image","twitter_misc":{"\u0648\u0642\u062a \u0627\u0644\u0642\u0631\u0627\u0621\u0629 \u0627\u0644\u0645\u064f\u0642\u062f\u0651\u0631":"\u062f\u0642\u064a\u0642\u062a\u0627\u0646"},"schema":{"@context":"https:\/\/schema.org","@graph":[{"@type":"WebPage","@id":"https:\/\/itxport.com\/hakkimizda\/","url":"https:\/\/itxport.com\/hakkimizda\/","name":"Hakk\u0131m\u0131zda - IT Export","isPartOf":{"@id":"https:\/\/itxport.com\/#website"},"primaryImageOfPage":{"@id":"https:\/\/itxport.com\/hakkimizda\/#primaryimage"},"image":{"@id":"https:\/\/itxport.com\/hakkimizda\/#primaryimage"},"thumbnailUrl":"https:\/\/itxport.com\/wp-content\/uploads\/2026\/01\/itxport-favicon.png","datePublished":"2025-08-09T22:56:04+00:00","dateModified":"2026-01-04T14:35:31+00:00","breadcrumb":{"@id":"https:\/\/itxport.com\/hakkimizda\/#breadcrumb"},"inLanguage":"ar","potentialAction":[{"@type":"ReadAction","target":["https:\/\/itxport.com\/hakkimizda\/"]}]},{"@type":"ImageObject","inLanguage":"ar","@id":"https:\/\/itxport.com\/hakkimizda\/#primaryimage","url":"https:\/\/itxport.com\/wp-content\/uploads\/2026\/01\/itxport-favicon.png","contentUrl":"https:\/\/itxport.com\/wp-content\/uploads\/2026\/01\/itxport-favicon.png","width":1024,"height":1024},{"@type":"BreadcrumbList","@id":"https:\/\/itxport.com\/hakkimizda\/#breadcrumb","itemListElement":[{"@type":"ListItem","position":1,"name":"Anasayfa","item":"https:\/\/itxport.com\/"},{"@type":"ListItem","position":2,"name":"Hakk\u0131m\u0131zda"}]},{"@type":"WebSite","@id":"https:\/\/itxport.com\/#website","url":"https:\/\/itxport.com\/","name":"IT Export","description":"IT Export","potentialAction":[{"@type":"SearchAction","target":{"@type":"EntryPoint","urlTemplate":"https:\/\/itxport.com\/?s={search_term_string}"},"query-input":{"@type":"PropertyValueSpecification","valueRequired":true,"valueName":"search_term_string"}}],"inLanguage":"ar"}]}},"_links":{"self":[{"href":"https:\/\/itxport.com\/ar\/wp-json\/wp\/v2\/pages\/431","targetHints":{"allow":["GET"]}}],"collection":[{"href":"https:\/\/itxport.com\/ar\/wp-json\/wp\/v2\/pages"}],"about":[{"href":"https:\/\/itxport.com\/ar\/wp-json\/wp\/v2\/types\/page"}],"author":[{"embeddable":true,"href":"https:\/\/itxport.com\/ar\/wp-json\/wp\/v2\/users\/1"}],"replies":[{"embeddable":true,"href":"https:\/\/itxport.com\/ar\/wp-json\/wp\/v2\/comments?post=431"}],"version-history":[{"count":14,"href":"https:\/\/itxport.com\/ar\/wp-json\/wp\/v2\/pages\/431\/revisions"}],"predecessor-version":[{"id":824,"href":"https:\/\/itxport.com\/ar\/wp-json\/wp\/v2\/pages\/431\/revisions\/824"}],"wp:featuredmedia":[{"embeddable":true,"href":"https:\/\/itxport.com\/ar\/wp-json\/wp\/v2\/media\/651"}],"wp:attachment":[{"href":"https:\/\/itxport.com\/ar\/wp-json\/wp\/v2\/media?parent=431"}],"curies":[{"name":"wp","href":"https:\/\/api.w.org\/{rel}","templated":true}]}}